{"id":14646,"date":"2026-02-02T08:57:49","date_gmt":"2026-02-02T08:57:49","guid":{"rendered":"https:\/\/reboundsports.hu\/?post_type=product&#038;p=14646"},"modified":"2026-03-17T20:55:19","modified_gmt":"2026-03-17T20:55:19","slug":"padel-halo-pn9","status":"publish","type":"product","link":"https:\/\/reboundsports.hu\/hu\/product\/padel-halo-pn9\/","title":{"rendered":"Padel h\u00e1l\u00f3 PN9"},"content":{"rendered":"<p>Az \u00faj PN 9 padel h\u00e1l\u00f3 a legmagasabb min\u0151s\u00e9g\u0171, \u00e9s ide\u00e1lis mind a h\u00e9tk\u00f6znapi j\u00e1t\u00e9khoz, mind a versenyz\u00e9shez. A PN 8-hoz k\u00e9pest ez a h\u00e1l\u00f3 m\u0171anyag szeg\u00e9llyel rendelkezik az oldal\u00e1n \u00e9s az alj\u00e1n. K\u00e9t 10 mm vastag \u00fcvegsz\u00e1las r\u00fad biztos\u00edtja a h\u00e1l\u00f3 oldalir\u00e1ny\u00fa r\u00f6gz\u00edt\u00e9s\u00e9t. Hossz\u00fa \u00e9lettartamot \u00e9s kiv\u00e9teles tart\u00f3ss\u00e1got k\u00edn\u00e1l. 3 \u00e9v gy\u00e1rt\u00f3i garancia j\u00e1r hozz\u00e1.<\/p>\n<p><strong>M\u0171szaki adatok:<\/strong><br \/>\nM\u00e9retek (Ma x H): 0,92 x 10 m\u00e9ter<br \/>\nSzemb\u0151s\u00e9g: 45 mm<br \/>\nEr\u0151: 3 mm<br \/>\nH\u00e1l\u00f3sz\u00e9l: 5 cm<br \/>\nS\u00faly: 3,6 kg<br \/>\nSz\u00edn: fekete<\/p>\n<p>&nbsp;<\/p>\n","protected":false},"excerpt":{"rendered":"<p>A Court Royal h\u00e1l\u00f3i megfelelnek a legmagasabb k\u00f6vetelm\u00e9nyeknek, kiv\u00e1l\u00f3 v\u00e1laszt\u00e1s klubbj\u00e1ba!<\/p>\n","protected":false},"featured_media":14647,"comment_status":"open","ping_status":"closed","template":"","meta":[],"product_brand":[],"product_cat":[61,73],"product_tag":[101,103,102],"class_list":{"0":"post-14646","1":"product","2":"type-product","3":"status-publish","4":"has-post-thumbnail","6":"product_cat-teniszhalo-es-tartozekai","7":"product_cat-teniszhalok","8":"product_tag-halo","9":"product_tag-oszlop","10":"product_tag-teniszpalya","12":"first","13":"instock","14":"shipping-taxable","15":"purchasable","16":"product-type-simple"},"yoast_head":"<!-- This site is optimized with the Yoast SEO plugin v25.0 - https:\/\/yoast.com\/wordpress\/plugins\/seo\/ -->\n<title>Padel h\u00e1l\u00f3 PN9 - REBOUND SPORTS - Teniszp\u00e1ly\u00e1k vil\u00e1gsz\u00ednvonalon!<\/title>\n<meta name=\"robots\" content=\"index, follow, max-snippet:-1, max-image-preview:large, max-video-preview:-1\" \/>\n<link rel=\"canonical\" href=\"https:\/\/reboundsports.hu\/hu\/product\/padel-halo-pn9\/\" \/>\n<meta property=\"og:locale\" content=\"hu_HU\" \/>\n<meta property=\"og:type\" content=\"article\" \/>\n<meta property=\"og:title\" content=\"Padel h\u00e1l\u00f3 PN9 - REBOUND SPORTS - Teniszp\u00e1ly\u00e1k vil\u00e1gsz\u00ednvonalon!\" \/>\n<meta property=\"og:description\" content=\"A Court Royal h\u00e1l\u00f3i megfelelnek a legmagasabb k\u00f6vetelm\u00e9nyeknek, kiv\u00e1l\u00f3 v\u00e1laszt\u00e1s klubbj\u00e1ba!\" \/>\n<meta property=\"og:url\" content=\"https:\/\/reboundsports.hu\/hu\/product\/padel-halo-pn9\/\" \/>\n<meta property=\"og:site_name\" content=\"REBOUND SPORTS - Teniszp\u00e1ly\u00e1k vil\u00e1gsz\u00ednvonalon!\" \/>\n<meta property=\"article:publisher\" content=\"https:\/\/www.facebook.com\/reboundsports.hu\" \/>\n<meta property=\"article:modified_time\" content=\"2026-03-17T20:55:19+00:00\" \/>\n<meta property=\"og:image\" content=\"https:\/\/reboundsports.hu\/wp-content\/uploads\/2026\/02\/40631.jpg\" \/>\n\t<meta property=\"og:image:width\" content=\"550\" \/>\n\t<meta property=\"og:image:height\" content=\"446\" \/>\n\t<meta property=\"og:image:type\" content=\"image\/jpeg\" \/>\n<meta name=\"twitter:card\" content=\"summary_large_image\" \/>\n<meta name=\"twitter:label1\" content=\"Becs\u00fclt olvas\u00e1si id\u0151\" \/>\n\t<meta name=\"twitter:data1\" content=\"1 perc\" \/>\n<script type=\"application\/ld+json\" class=\"yoast-schema-graph\">{\"@context\":\"https:\/\/schema.org\",\"@graph\":[{\"@type\":\"WebPage\",\"@id\":\"https:\/\/reboundsports.hu\/product\/padel-halo-pn9\/\",\"url\":\"https:\/\/reboundsports.hu\/product\/padel-halo-pn9\/\",\"name\":\"Padel h\u00e1l\u00f3 PN9 - REBOUND SPORTS - Teniszp\u00e1ly\u00e1k vil\u00e1gsz\u00ednvonalon!\",\"isPartOf\":{\"@id\":\"https:\/\/reboundsports.hu\/#website\"},\"primaryImageOfPage\":{\"@id\":\"https:\/\/reboundsports.hu\/product\/padel-halo-pn9\/#primaryimage\"},\"image\":{\"@id\":\"https:\/\/reboundsports.hu\/product\/padel-halo-pn9\/#primaryimage\"},\"thumbnailUrl\":\"https:\/\/reboundsports.hu\/wp-content\/uploads\/2026\/02\/40631.jpg\",\"datePublished\":\"2026-02-02T08:57:49+00:00\",\"dateModified\":\"2026-03-17T20:55:19+00:00\",\"breadcrumb\":{\"@id\":\"https:\/\/reboundsports.hu\/product\/padel-halo-pn9\/#breadcrumb\"},\"inLanguage\":\"hu\",\"potentialAction\":[{\"@type\":\"ReadAction\",\"target\":[\"https:\/\/reboundsports.hu\/product\/padel-halo-pn9\/\"]}]},{\"@type\":\"ImageObject\",\"inLanguage\":\"hu\",\"@id\":\"https:\/\/reboundsports.hu\/product\/padel-halo-pn9\/#primaryimage\",\"url\":\"https:\/\/reboundsports.hu\/wp-content\/uploads\/2026\/02\/40631.jpg\",\"contentUrl\":\"https:\/\/reboundsports.hu\/wp-content\/uploads\/2026\/02\/40631.jpg\",\"width\":550,\"height\":446},{\"@type\":\"BreadcrumbList\",\"@id\":\"https:\/\/reboundsports.hu\/product\/padel-halo-pn9\/#breadcrumb\",\"itemListElement\":[{\"@type\":\"ListItem\",\"position\":1,\"name\":\"Kezd\u0151lap\",\"item\":\"https:\/\/reboundsports.hu\/\"},{\"@type\":\"ListItem\",\"position\":2,\"name\":\"Shop\",\"item\":\"https:\/\/reboundsports.hu\/hu\/shop\/\"},{\"@type\":\"ListItem\",\"position\":3,\"name\":\"Padel h\u00e1l\u00f3 PN9\"}]},{\"@type\":\"WebSite\",\"@id\":\"https:\/\/reboundsports.hu\/#website\",\"url\":\"https:\/\/reboundsports.hu\/\",\"name\":\"REBOUND SPORTS - Teniszp\u00e1ly\u00e1k vil\u00e1gsz\u00ednvonalon!\",\"description\":\"PROFESSZION\u00c1LIS TENISZP\u00c1LY\u00c1K B\u00c1RHOL B\u00c1RMIKOR!\",\"publisher\":{\"@id\":\"https:\/\/reboundsports.hu\/#organization\"},\"potentialAction\":[{\"@type\":\"SearchAction\",\"target\":{\"@type\":\"EntryPoint\",\"urlTemplate\":\"https:\/\/reboundsports.hu\/?s={search_term_string}\"},\"query-input\":{\"@type\":\"PropertyValueSpecification\",\"valueRequired\":true,\"valueName\":\"search_term_string\"}}],\"inLanguage\":\"hu\"},{\"@type\":\"Organization\",\"@id\":\"https:\/\/reboundsports.hu\/#organization\",\"name\":\"Rebound Sports Kft.\",\"alternateName\":\"Rebound Sports\",\"url\":\"https:\/\/reboundsports.hu\/\",\"logo\":{\"@type\":\"ImageObject\",\"inLanguage\":\"hu\",\"@id\":\"https:\/\/reboundsports.hu\/#\/schema\/logo\/image\/\",\"url\":\"http:\/\/reboundsports.hu\/wp-content\/uploads\/2021\/10\/reboundlogo.png\",\"contentUrl\":\"http:\/\/reboundsports.hu\/wp-content\/uploads\/2021\/10\/reboundlogo.png\",\"width\":784,\"height\":305,\"caption\":\"Rebound Sports Kft.\"},\"image\":{\"@id\":\"https:\/\/reboundsports.hu\/#\/schema\/logo\/image\/\"},\"sameAs\":[\"https:\/\/www.facebook.com\/reboundsports.hu\",\"https:\/\/www.instagram.com\/reboundsportskft\"]}]}<\/script>\n<!-- \/ Yoast SEO plugin. -->","yoast_head_json":{"title":"Padel h\u00e1l\u00f3 PN9 - REBOUND SPORTS - Teniszp\u00e1ly\u00e1k vil\u00e1gsz\u00ednvonalon!","robots":{"index":"index","follow":"follow","max-snippet":"max-snippet:-1","max-image-preview":"max-image-preview:large","max-video-preview":"max-video-preview:-1"},"canonical":"https:\/\/reboundsports.hu\/hu\/product\/padel-halo-pn9\/","og_locale":"hu_HU","og_type":"article","og_title":"Padel h\u00e1l\u00f3 PN9 - REBOUND SPORTS - Teniszp\u00e1ly\u00e1k vil\u00e1gsz\u00ednvonalon!","og_description":"A Court Royal h\u00e1l\u00f3i megfelelnek a legmagasabb k\u00f6vetelm\u00e9nyeknek, kiv\u00e1l\u00f3 v\u00e1laszt\u00e1s klubbj\u00e1ba!","og_url":"https:\/\/reboundsports.hu\/hu\/product\/padel-halo-pn9\/","og_site_name":"REBOUND SPORTS - Teniszp\u00e1ly\u00e1k vil\u00e1gsz\u00ednvonalon!","article_publisher":"https:\/\/www.facebook.com\/reboundsports.hu","article_modified_time":"2026-03-17T20:55:19+00:00","og_image":[{"width":550,"height":446,"url":"https:\/\/reboundsports.hu\/wp-content\/uploads\/2026\/02\/40631.jpg","type":"image\/jpeg"}],"twitter_card":"summary_large_image","twitter_misc":{"Becs\u00fclt olvas\u00e1si id\u0151":"1 perc"},"schema":{"@context":"https:\/\/schema.org","@graph":[{"@type":"WebPage","@id":"https:\/\/reboundsports.hu\/product\/padel-halo-pn9\/","url":"https:\/\/reboundsports.hu\/product\/padel-halo-pn9\/","name":"Padel h\u00e1l\u00f3 PN9 - REBOUND SPORTS - Teniszp\u00e1ly\u00e1k vil\u00e1gsz\u00ednvonalon!","isPartOf":{"@id":"https:\/\/reboundsports.hu\/#website"},"primaryImageOfPage":{"@id":"https:\/\/reboundsports.hu\/product\/padel-halo-pn9\/#primaryimage"},"image":{"@id":"https:\/\/reboundsports.hu\/product\/padel-halo-pn9\/#primaryimage"},"thumbnailUrl":"https:\/\/reboundsports.hu\/wp-content\/uploads\/2026\/02\/40631.jpg","datePublished":"2026-02-02T08:57:49+00:00","dateModified":"2026-03-17T20:55:19+00:00","breadcrumb":{"@id":"https:\/\/reboundsports.hu\/product\/padel-halo-pn9\/#breadcrumb"},"inLanguage":"hu","potentialAction":[{"@type":"ReadAction","target":["https:\/\/reboundsports.hu\/product\/padel-halo-pn9\/"]}]},{"@type":"ImageObject","inLanguage":"hu","@id":"https:\/\/reboundsports.hu\/product\/padel-halo-pn9\/#primaryimage","url":"https:\/\/reboundsports.hu\/wp-content\/uploads\/2026\/02\/40631.jpg","contentUrl":"https:\/\/reboundsports.hu\/wp-content\/uploads\/2026\/02\/40631.jpg","width":550,"height":446},{"@type":"BreadcrumbList","@id":"https:\/\/reboundsports.hu\/product\/padel-halo-pn9\/#breadcrumb","itemListElement":[{"@type":"ListItem","position":1,"name":"Kezd\u0151lap","item":"https:\/\/reboundsports.hu\/"},{"@type":"ListItem","position":2,"name":"Shop","item":"https:\/\/reboundsports.hu\/hu\/shop\/"},{"@type":"ListItem","position":3,"name":"Padel h\u00e1l\u00f3 PN9"}]},{"@type":"WebSite","@id":"https:\/\/reboundsports.hu\/#website","url":"https:\/\/reboundsports.hu\/","name":"REBOUND SPORTS - Teniszp\u00e1ly\u00e1k vil\u00e1gsz\u00ednvonalon!","description":"PROFESSZION\u00c1LIS TENISZP\u00c1LY\u00c1K B\u00c1RHOL B\u00c1RMIKOR!","publisher":{"@id":"https:\/\/reboundsports.hu\/#organization"},"potentialAction":[{"@type":"SearchAction","target":{"@type":"EntryPoint","urlTemplate":"https:\/\/reboundsports.hu\/?s={search_term_string}"},"query-input":{"@type":"PropertyValueSpecification","valueRequired":true,"valueName":"search_term_string"}}],"inLanguage":"hu"},{"@type":"Organization","@id":"https:\/\/reboundsports.hu\/#organization","name":"Rebound Sports Kft.","alternateName":"Rebound Sports","url":"https:\/\/reboundsports.hu\/","logo":{"@type":"ImageObject","inLanguage":"hu","@id":"https:\/\/reboundsports.hu\/#\/schema\/logo\/image\/","url":"http:\/\/reboundsports.hu\/wp-content\/uploads\/2021\/10\/reboundlogo.png","contentUrl":"http:\/\/reboundsports.hu\/wp-content\/uploads\/2021\/10\/reboundlogo.png","width":784,"height":305,"caption":"Rebound Sports Kft."},"image":{"@id":"https:\/\/reboundsports.hu\/#\/schema\/logo\/image\/"},"sameAs":["https:\/\/www.facebook.com\/reboundsports.hu","https:\/\/www.instagram.com\/reboundsportskft"]}]}},"_links":{"self":[{"href":"https:\/\/reboundsports.hu\/hu\/wp-json\/wp\/v2\/product\/14646","targetHints":{"allow":["GET"]}}],"collection":[{"href":"https:\/\/reboundsports.hu\/hu\/wp-json\/wp\/v2\/product"}],"about":[{"href":"https:\/\/reboundsports.hu\/hu\/wp-json\/wp\/v2\/types\/product"}],"replies":[{"embeddable":true,"href":"https:\/\/reboundsports.hu\/hu\/wp-json\/wp\/v2\/comments?post=14646"}],"wp:featuredmedia":[{"embeddable":true,"href":"https:\/\/reboundsports.hu\/hu\/wp-json\/wp\/v2\/media\/14647"}],"wp:attachment":[{"href":"https:\/\/reboundsports.hu\/hu\/wp-json\/wp\/v2\/media?parent=14646"}],"wp:term":[{"taxonomy":"product_brand","embeddable":true,"href":"https:\/\/reboundsports.hu\/hu\/wp-json\/wp\/v2\/product_brand?post=14646"},{"taxonomy":"product_cat","embeddable":true,"href":"https:\/\/reboundsports.hu\/hu\/wp-json\/wp\/v2\/product_cat?post=14646"},{"taxonomy":"product_tag","embeddable":true,"href":"https:\/\/reboundsports.hu\/hu\/wp-json\/wp\/v2\/product_tag?post=14646"}],"curies":[{"name":"wp","href":"https:\/\/api.w.org\/{rel}","templated":true}]}}