{"id":14642,"date":"2026-02-02T08:47:19","date_gmt":"2026-02-02T08:47:19","guid":{"rendered":"https:\/\/reboundsports.hu\/?post_type=product&#038;p=14642"},"modified":"2026-03-18T11:58:46","modified_gmt":"2026-03-18T11:58:46","slug":"halotarto-oszlop-huvely-73-mm-hez-parban","status":"publish","type":"product","link":"https:\/\/reboundsports.hu\/hu\/product\/halotarto-oszlop-huvely-73-mm-hez-parban\/","title":{"rendered":"H\u00e1l\u00f3tart\u00f3 oszlop h\u00fcvely 73 mm-hez (p\u00e1rban)"},"content":{"rendered":"<p>Kiv\u00e1l\u00f3 min\u0151s\u00e9g\u0171 alum\u00edniumb\u00f3l k\u00e9sz\u00fclt \u00d8 73 mm-es h\u00fcvelyp\u00e1r padel \u00e9s pickleball oszlophoz egyar\u00e1nt.<\/p>\n<p>&nbsp;<\/p>\n<p>&nbsp;<\/p>\n<p>&nbsp;<\/p>\n","protected":false},"excerpt":{"rendered":"<p>Kiv\u00e1l\u00f3 min\u0151s\u00e9g\u0171 alum\u00edniumb\u00f3l k\u00e9sz\u00fclt \u00d8 73 mm-es h\u00fcvelyp\u00e1r padel \u00e9s pickleball oszlophoz egyar\u00e1nt. &nbsp; &nbsp; &nbsp;<\/p>\n","protected":false},"featured_media":13821,"comment_status":"open","ping_status":"closed","template":"","meta":[],"product_brand":[],"product_cat":[74,61,75],"product_tag":[101,103,102],"class_list":{"0":"post-14642","1":"product","2":"type-product","3":"status-publish","4":"has-post-thumbnail","6":"product_cat-halotarto-oszlopok","7":"product_cat-teniszhalo-es-tartozekai","8":"product_cat-teniszhalo-tartozekok","9":"product_tag-halo","10":"product_tag-oszlop","11":"product_tag-teniszpalya","13":"first","14":"instock","15":"shipping-taxable","16":"purchasable","17":"product-type-simple"},"yoast_head":"<!-- This site is optimized with the Yoast SEO plugin v25.0 - https:\/\/yoast.com\/wordpress\/plugins\/seo\/ -->\n<title>H\u00e1l\u00f3tart\u00f3 oszlop h\u00fcvely 73 mm-hez (p\u00e1rban) - REBOUND SPORTS - Teniszp\u00e1ly\u00e1k vil\u00e1gsz\u00ednvonalon!<\/title>\n<meta name=\"robots\" content=\"index, follow, max-snippet:-1, max-image-preview:large, max-video-preview:-1\" \/>\n<link rel=\"canonical\" href=\"https:\/\/reboundsports.hu\/hu\/product\/halotarto-oszlop-huvely-73-mm-hez-parban\/\" \/>\n<meta property=\"og:locale\" content=\"hu_HU\" \/>\n<meta property=\"og:type\" content=\"article\" \/>\n<meta property=\"og:title\" content=\"H\u00e1l\u00f3tart\u00f3 oszlop h\u00fcvely 73 mm-hez (p\u00e1rban) - REBOUND SPORTS - Teniszp\u00e1ly\u00e1k vil\u00e1gsz\u00ednvonalon!\" \/>\n<meta property=\"og:description\" content=\"Kiv\u00e1l\u00f3 min\u0151s\u00e9g\u0171 alum\u00edniumb\u00f3l k\u00e9sz\u00fclt \u00d8 73 mm-es h\u00fcvelyp\u00e1r padel \u00e9s pickleball oszlophoz egyar\u00e1nt. &nbsp; &nbsp; &nbsp;\" \/>\n<meta property=\"og:url\" content=\"https:\/\/reboundsports.hu\/hu\/product\/halotarto-oszlop-huvely-73-mm-hez-parban\/\" \/>\n<meta property=\"og:site_name\" content=\"REBOUND SPORTS - Teniszp\u00e1ly\u00e1k vil\u00e1gsz\u00ednvonalon!\" \/>\n<meta property=\"article:publisher\" content=\"https:\/\/www.facebook.com\/reboundsports.hu\" \/>\n<meta property=\"article:modified_time\" content=\"2026-03-18T11:58:46+00:00\" \/>\n<meta property=\"og:image\" content=\"https:\/\/reboundsports.hu\/wp-content\/uploads\/2024\/07\/US_40428.jpg\" \/>\n\t<meta property=\"og:image:width\" content=\"550\" \/>\n\t<meta property=\"og:image:height\" content=\"440\" \/>\n\t<meta property=\"og:image:type\" content=\"image\/jpeg\" \/>\n<meta name=\"twitter:card\" content=\"summary_large_image\" \/>\n<meta name=\"twitter:label1\" content=\"Becs\u00fclt olvas\u00e1si id\u0151\" \/>\n\t<meta name=\"twitter:data1\" content=\"1 perc\" \/>\n<script type=\"application\/ld+json\" class=\"yoast-schema-graph\">{\"@context\":\"https:\/\/schema.org\",\"@graph\":[{\"@type\":\"WebPage\",\"@id\":\"https:\/\/reboundsports.hu\/product\/halotarto-oszlop-huvely-73-mm-hez-parban\/\",\"url\":\"https:\/\/reboundsports.hu\/product\/halotarto-oszlop-huvely-73-mm-hez-parban\/\",\"name\":\"H\u00e1l\u00f3tart\u00f3 oszlop h\u00fcvely 73 mm-hez (p\u00e1rban) - REBOUND SPORTS - Teniszp\u00e1ly\u00e1k vil\u00e1gsz\u00ednvonalon!\",\"isPartOf\":{\"@id\":\"https:\/\/reboundsports.hu\/#website\"},\"primaryImageOfPage\":{\"@id\":\"https:\/\/reboundsports.hu\/product\/halotarto-oszlop-huvely-73-mm-hez-parban\/#primaryimage\"},\"image\":{\"@id\":\"https:\/\/reboundsports.hu\/product\/halotarto-oszlop-huvely-73-mm-hez-parban\/#primaryimage\"},\"thumbnailUrl\":\"https:\/\/reboundsports.hu\/wp-content\/uploads\/2024\/07\/US_40428.jpg\",\"datePublished\":\"2026-02-02T08:47:19+00:00\",\"dateModified\":\"2026-03-18T11:58:46+00:00\",\"breadcrumb\":{\"@id\":\"https:\/\/reboundsports.hu\/product\/halotarto-oszlop-huvely-73-mm-hez-parban\/#breadcrumb\"},\"inLanguage\":\"hu\",\"potentialAction\":[{\"@type\":\"ReadAction\",\"target\":[\"https:\/\/reboundsports.hu\/product\/halotarto-oszlop-huvely-73-mm-hez-parban\/\"]}]},{\"@type\":\"ImageObject\",\"inLanguage\":\"hu\",\"@id\":\"https:\/\/reboundsports.hu\/product\/halotarto-oszlop-huvely-73-mm-hez-parban\/#primaryimage\",\"url\":\"https:\/\/reboundsports.hu\/wp-content\/uploads\/2024\/07\/US_40428.jpg\",\"contentUrl\":\"https:\/\/reboundsports.hu\/wp-content\/uploads\/2024\/07\/US_40428.jpg\",\"width\":550,\"height\":440},{\"@type\":\"BreadcrumbList\",\"@id\":\"https:\/\/reboundsports.hu\/product\/halotarto-oszlop-huvely-73-mm-hez-parban\/#breadcrumb\",\"itemListElement\":[{\"@type\":\"ListItem\",\"position\":1,\"name\":\"Kezd\u0151lap\",\"item\":\"https:\/\/reboundsports.hu\/\"},{\"@type\":\"ListItem\",\"position\":2,\"name\":\"Shop\",\"item\":\"https:\/\/reboundsports.hu\/hu\/shop\/\"},{\"@type\":\"ListItem\",\"position\":3,\"name\":\"H\u00e1l\u00f3tart\u00f3 oszlop h\u00fcvely 73 mm-hez (p\u00e1rban)\"}]},{\"@type\":\"WebSite\",\"@id\":\"https:\/\/reboundsports.hu\/#website\",\"url\":\"https:\/\/reboundsports.hu\/\",\"name\":\"REBOUND SPORTS - Teniszp\u00e1ly\u00e1k vil\u00e1gsz\u00ednvonalon!\",\"description\":\"PROFESSZION\u00c1LIS TENISZP\u00c1LY\u00c1K B\u00c1RHOL B\u00c1RMIKOR!\",\"publisher\":{\"@id\":\"https:\/\/reboundsports.hu\/#organization\"},\"potentialAction\":[{\"@type\":\"SearchAction\",\"target\":{\"@type\":\"EntryPoint\",\"urlTemplate\":\"https:\/\/reboundsports.hu\/?s={search_term_string}\"},\"query-input\":{\"@type\":\"PropertyValueSpecification\",\"valueRequired\":true,\"valueName\":\"search_term_string\"}}],\"inLanguage\":\"hu\"},{\"@type\":\"Organization\",\"@id\":\"https:\/\/reboundsports.hu\/#organization\",\"name\":\"Rebound Sports Kft.\",\"alternateName\":\"Rebound Sports\",\"url\":\"https:\/\/reboundsports.hu\/\",\"logo\":{\"@type\":\"ImageObject\",\"inLanguage\":\"hu\",\"@id\":\"https:\/\/reboundsports.hu\/#\/schema\/logo\/image\/\",\"url\":\"http:\/\/reboundsports.hu\/wp-content\/uploads\/2021\/10\/reboundlogo.png\",\"contentUrl\":\"http:\/\/reboundsports.hu\/wp-content\/uploads\/2021\/10\/reboundlogo.png\",\"width\":784,\"height\":305,\"caption\":\"Rebound Sports Kft.\"},\"image\":{\"@id\":\"https:\/\/reboundsports.hu\/#\/schema\/logo\/image\/\"},\"sameAs\":[\"https:\/\/www.facebook.com\/reboundsports.hu\",\"https:\/\/www.instagram.com\/reboundsportskft\"]}]}<\/script>\n<!-- \/ Yoast SEO plugin. -->","yoast_head_json":{"title":"H\u00e1l\u00f3tart\u00f3 oszlop h\u00fcvely 73 mm-hez (p\u00e1rban) - REBOUND SPORTS - Teniszp\u00e1ly\u00e1k vil\u00e1gsz\u00ednvonalon!","robots":{"index":"index","follow":"follow","max-snippet":"max-snippet:-1","max-image-preview":"max-image-preview:large","max-video-preview":"max-video-preview:-1"},"canonical":"https:\/\/reboundsports.hu\/hu\/product\/halotarto-oszlop-huvely-73-mm-hez-parban\/","og_locale":"hu_HU","og_type":"article","og_title":"H\u00e1l\u00f3tart\u00f3 oszlop h\u00fcvely 73 mm-hez (p\u00e1rban) - REBOUND SPORTS - Teniszp\u00e1ly\u00e1k vil\u00e1gsz\u00ednvonalon!","og_description":"Kiv\u00e1l\u00f3 min\u0151s\u00e9g\u0171 alum\u00edniumb\u00f3l k\u00e9sz\u00fclt \u00d8 73 mm-es h\u00fcvelyp\u00e1r padel \u00e9s pickleball oszlophoz egyar\u00e1nt. &nbsp; &nbsp; &nbsp;","og_url":"https:\/\/reboundsports.hu\/hu\/product\/halotarto-oszlop-huvely-73-mm-hez-parban\/","og_site_name":"REBOUND SPORTS - Teniszp\u00e1ly\u00e1k vil\u00e1gsz\u00ednvonalon!","article_publisher":"https:\/\/www.facebook.com\/reboundsports.hu","article_modified_time":"2026-03-18T11:58:46+00:00","og_image":[{"width":550,"height":440,"url":"https:\/\/reboundsports.hu\/wp-content\/uploads\/2024\/07\/US_40428.jpg","type":"image\/jpeg"}],"twitter_card":"summary_large_image","twitter_misc":{"Becs\u00fclt olvas\u00e1si id\u0151":"1 perc"},"schema":{"@context":"https:\/\/schema.org","@graph":[{"@type":"WebPage","@id":"https:\/\/reboundsports.hu\/product\/halotarto-oszlop-huvely-73-mm-hez-parban\/","url":"https:\/\/reboundsports.hu\/product\/halotarto-oszlop-huvely-73-mm-hez-parban\/","name":"H\u00e1l\u00f3tart\u00f3 oszlop h\u00fcvely 73 mm-hez (p\u00e1rban) - REBOUND SPORTS - Teniszp\u00e1ly\u00e1k vil\u00e1gsz\u00ednvonalon!","isPartOf":{"@id":"https:\/\/reboundsports.hu\/#website"},"primaryImageOfPage":{"@id":"https:\/\/reboundsports.hu\/product\/halotarto-oszlop-huvely-73-mm-hez-parban\/#primaryimage"},"image":{"@id":"https:\/\/reboundsports.hu\/product\/halotarto-oszlop-huvely-73-mm-hez-parban\/#primaryimage"},"thumbnailUrl":"https:\/\/reboundsports.hu\/wp-content\/uploads\/2024\/07\/US_40428.jpg","datePublished":"2026-02-02T08:47:19+00:00","dateModified":"2026-03-18T11:58:46+00:00","breadcrumb":{"@id":"https:\/\/reboundsports.hu\/product\/halotarto-oszlop-huvely-73-mm-hez-parban\/#breadcrumb"},"inLanguage":"hu","potentialAction":[{"@type":"ReadAction","target":["https:\/\/reboundsports.hu\/product\/halotarto-oszlop-huvely-73-mm-hez-parban\/"]}]},{"@type":"ImageObject","inLanguage":"hu","@id":"https:\/\/reboundsports.hu\/product\/halotarto-oszlop-huvely-73-mm-hez-parban\/#primaryimage","url":"https:\/\/reboundsports.hu\/wp-content\/uploads\/2024\/07\/US_40428.jpg","contentUrl":"https:\/\/reboundsports.hu\/wp-content\/uploads\/2024\/07\/US_40428.jpg","width":550,"height":440},{"@type":"BreadcrumbList","@id":"https:\/\/reboundsports.hu\/product\/halotarto-oszlop-huvely-73-mm-hez-parban\/#breadcrumb","itemListElement":[{"@type":"ListItem","position":1,"name":"Kezd\u0151lap","item":"https:\/\/reboundsports.hu\/"},{"@type":"ListItem","position":2,"name":"Shop","item":"https:\/\/reboundsports.hu\/hu\/shop\/"},{"@type":"ListItem","position":3,"name":"H\u00e1l\u00f3tart\u00f3 oszlop h\u00fcvely 73 mm-hez (p\u00e1rban)"}]},{"@type":"WebSite","@id":"https:\/\/reboundsports.hu\/#website","url":"https:\/\/reboundsports.hu\/","name":"REBOUND SPORTS - Teniszp\u00e1ly\u00e1k vil\u00e1gsz\u00ednvonalon!","description":"PROFESSZION\u00c1LIS TENISZP\u00c1LY\u00c1K B\u00c1RHOL B\u00c1RMIKOR!","publisher":{"@id":"https:\/\/reboundsports.hu\/#organization"},"potentialAction":[{"@type":"SearchAction","target":{"@type":"EntryPoint","urlTemplate":"https:\/\/reboundsports.hu\/?s={search_term_string}"},"query-input":{"@type":"PropertyValueSpecification","valueRequired":true,"valueName":"search_term_string"}}],"inLanguage":"hu"},{"@type":"Organization","@id":"https:\/\/reboundsports.hu\/#organization","name":"Rebound Sports Kft.","alternateName":"Rebound Sports","url":"https:\/\/reboundsports.hu\/","logo":{"@type":"ImageObject","inLanguage":"hu","@id":"https:\/\/reboundsports.hu\/#\/schema\/logo\/image\/","url":"http:\/\/reboundsports.hu\/wp-content\/uploads\/2021\/10\/reboundlogo.png","contentUrl":"http:\/\/reboundsports.hu\/wp-content\/uploads\/2021\/10\/reboundlogo.png","width":784,"height":305,"caption":"Rebound Sports Kft."},"image":{"@id":"https:\/\/reboundsports.hu\/#\/schema\/logo\/image\/"},"sameAs":["https:\/\/www.facebook.com\/reboundsports.hu","https:\/\/www.instagram.com\/reboundsportskft"]}]}},"_links":{"self":[{"href":"https:\/\/reboundsports.hu\/hu\/wp-json\/wp\/v2\/product\/14642","targetHints":{"allow":["GET"]}}],"collection":[{"href":"https:\/\/reboundsports.hu\/hu\/wp-json\/wp\/v2\/product"}],"about":[{"href":"https:\/\/reboundsports.hu\/hu\/wp-json\/wp\/v2\/types\/product"}],"replies":[{"embeddable":true,"href":"https:\/\/reboundsports.hu\/hu\/wp-json\/wp\/v2\/comments?post=14642"}],"wp:featuredmedia":[{"embeddable":true,"href":"https:\/\/reboundsports.hu\/hu\/wp-json\/wp\/v2\/media\/13821"}],"wp:attachment":[{"href":"https:\/\/reboundsports.hu\/hu\/wp-json\/wp\/v2\/media?parent=14642"}],"wp:term":[{"taxonomy":"product_brand","embeddable":true,"href":"https:\/\/reboundsports.hu\/hu\/wp-json\/wp\/v2\/product_brand?post=14642"},{"taxonomy":"product_cat","embeddable":true,"href":"https:\/\/reboundsports.hu\/hu\/wp-json\/wp\/v2\/product_cat?post=14642"},{"taxonomy":"product_tag","embeddable":true,"href":"https:\/\/reboundsports.hu\/hu\/wp-json\/wp\/v2\/product_tag?post=14642"}],"curies":[{"name":"wp","href":"https:\/\/api.w.org\/{rel}","templated":true}]}}