{"id":14606,"date":"2026-01-05T16:01:02","date_gmt":"2026-01-05T16:01:02","guid":{"rendered":"https:\/\/reboundsports.hu\/?post_type=product&#038;p=14606"},"modified":"2026-01-07T07:59:00","modified_gmt":"2026-01-07T07:59:00","slug":"teniszpalya-pad-deluxe-feher-2","status":"publish","type":"product","link":"https:\/\/reboundsports.hu\/hu\/product\/teniszpalya-pad-deluxe-feher-2\/","title":{"rendered":"Teniszp\u00e1lya pad deluxe &#8211; feh\u00e9r"},"content":{"rendered":"<p><span data-sheets-root=\"1\">Az \u00fajonnan kifejlesztett Deluxe pad nem hagy k\u00edv\u00e1nnival\u00f3t maga ut\u00e1n. Nagym\u00e9ret\u0171 k\u00f6zponti polc t\u00e1sk\u00e1knak \u00e9s \u00fct\u0151knek kb 100 x 45 cm pakol\u00f3 fel\u00fclettel, k\u00e9t k\u00e9nyelmes fotellel, 57 cm sz\u00e9les \u00e9s 50 cm m\u00e9ly \u00fcl\u0151fel\u00fclettel, t\u00f6m\u00f6r m\u0171anyagb\u00f3l, id\u0151j\u00e1r\u00e1s\u00e1ll\u00f3, nem fakul. Szuper stabil. Cs\u00facskateg\u00f3ri\u00e1s term\u00e9k. Brutt\u00f3 t\u00f6meg 37 kg<\/span><\/p>\n<p>&nbsp;<\/p>\n<p>&nbsp;<\/p>\n","protected":false},"excerpt":{"rendered":"<p>Kiv\u00e1l\u00f3 min\u0151s\u00e9g\u0171 padok az \u00d6n teniszklubj\u00e1ban is !<\/p>\n","protected":false},"featured_media":14607,"comment_status":"open","ping_status":"closed","template":"","meta":[],"product_brand":[],"product_cat":[76,62],"product_tag":[105,106,104,102],"class_list":{"0":"post-14606","1":"product","2":"type-product","3":"status-publish","4":"has-post-thumbnail","6":"product_cat-padok-es-jatekvezetoi-szekek","7":"product_cat-teniszpalya-tartozekai","8":"product_tag-pad","9":"product_tag-padok","10":"product_tag-palyatartozek","11":"product_tag-teniszpalya","13":"first","14":"instock","15":"shipping-taxable","16":"purchasable","17":"product-type-simple"},"yoast_head":"<!-- This site is optimized with the Yoast SEO plugin v25.0 - https:\/\/yoast.com\/wordpress\/plugins\/seo\/ -->\n<title>Teniszp\u00e1lya pad deluxe - feh\u00e9r - REBOUND SPORTS - Teniszp\u00e1ly\u00e1k vil\u00e1gsz\u00ednvonalon!<\/title>\n<meta name=\"robots\" content=\"index, follow, max-snippet:-1, max-image-preview:large, max-video-preview:-1\" \/>\n<link rel=\"canonical\" href=\"https:\/\/reboundsports.hu\/hu\/product\/teniszpalya-pad-deluxe-feher-2\/\" \/>\n<meta property=\"og:locale\" content=\"hu_HU\" \/>\n<meta property=\"og:type\" content=\"article\" \/>\n<meta property=\"og:title\" content=\"Teniszp\u00e1lya pad deluxe - feh\u00e9r - REBOUND SPORTS - Teniszp\u00e1ly\u00e1k vil\u00e1gsz\u00ednvonalon!\" \/>\n<meta property=\"og:description\" content=\"Kiv\u00e1l\u00f3 min\u0151s\u00e9g\u0171 padok az \u00d6n teniszklubj\u00e1ban is !\" \/>\n<meta property=\"og:url\" content=\"https:\/\/reboundsports.hu\/hu\/product\/teniszpalya-pad-deluxe-feher-2\/\" \/>\n<meta property=\"og:site_name\" content=\"REBOUND SPORTS - Teniszp\u00e1ly\u00e1k vil\u00e1gsz\u00ednvonalon!\" \/>\n<meta property=\"article:publisher\" content=\"https:\/\/www.facebook.com\/reboundsports.hu\" \/>\n<meta property=\"article:modified_time\" content=\"2026-01-07T07:59:00+00:00\" \/>\n<meta property=\"og:image\" content=\"https:\/\/reboundsports.hu\/wp-content\/uploads\/2026\/01\/us_41213_tennisbank_deluxe_weiss-1024x719.jpg\" \/>\n\t<meta property=\"og:image:width\" content=\"1024\" \/>\n\t<meta property=\"og:image:height\" content=\"719\" \/>\n\t<meta property=\"og:image:type\" content=\"image\/jpeg\" \/>\n<meta name=\"twitter:card\" content=\"summary_large_image\" \/>\n<meta name=\"twitter:label1\" content=\"Becs\u00fclt olvas\u00e1si id\u0151\" \/>\n\t<meta name=\"twitter:data1\" content=\"1 perc\" \/>\n<script type=\"application\/ld+json\" class=\"yoast-schema-graph\">{\"@context\":\"https:\/\/schema.org\",\"@graph\":[{\"@type\":\"WebPage\",\"@id\":\"https:\/\/reboundsports.hu\/product\/teniszpalya-pad-deluxe-feher-2\/\",\"url\":\"https:\/\/reboundsports.hu\/product\/teniszpalya-pad-deluxe-feher-2\/\",\"name\":\"Teniszp\u00e1lya pad deluxe - feh\u00e9r - REBOUND SPORTS - Teniszp\u00e1ly\u00e1k vil\u00e1gsz\u00ednvonalon!\",\"isPartOf\":{\"@id\":\"https:\/\/reboundsports.hu\/#website\"},\"primaryImageOfPage\":{\"@id\":\"https:\/\/reboundsports.hu\/product\/teniszpalya-pad-deluxe-feher-2\/#primaryimage\"},\"image\":{\"@id\":\"https:\/\/reboundsports.hu\/product\/teniszpalya-pad-deluxe-feher-2\/#primaryimage\"},\"thumbnailUrl\":\"https:\/\/reboundsports.hu\/wp-content\/uploads\/2026\/01\/us_41213_tennisbank_deluxe_weiss.jpg\",\"datePublished\":\"2026-01-05T16:01:02+00:00\",\"dateModified\":\"2026-01-07T07:59:00+00:00\",\"breadcrumb\":{\"@id\":\"https:\/\/reboundsports.hu\/product\/teniszpalya-pad-deluxe-feher-2\/#breadcrumb\"},\"inLanguage\":\"hu\",\"potentialAction\":[{\"@type\":\"ReadAction\",\"target\":[\"https:\/\/reboundsports.hu\/product\/teniszpalya-pad-deluxe-feher-2\/\"]}]},{\"@type\":\"ImageObject\",\"inLanguage\":\"hu\",\"@id\":\"https:\/\/reboundsports.hu\/product\/teniszpalya-pad-deluxe-feher-2\/#primaryimage\",\"url\":\"https:\/\/reboundsports.hu\/wp-content\/uploads\/2026\/01\/us_41213_tennisbank_deluxe_weiss.jpg\",\"contentUrl\":\"https:\/\/reboundsports.hu\/wp-content\/uploads\/2026\/01\/us_41213_tennisbank_deluxe_weiss.jpg\",\"width\":7152,\"height\":5020},{\"@type\":\"BreadcrumbList\",\"@id\":\"https:\/\/reboundsports.hu\/product\/teniszpalya-pad-deluxe-feher-2\/#breadcrumb\",\"itemListElement\":[{\"@type\":\"ListItem\",\"position\":1,\"name\":\"Kezd\u0151lap\",\"item\":\"https:\/\/reboundsports.hu\/\"},{\"@type\":\"ListItem\",\"position\":2,\"name\":\"Shop\",\"item\":\"https:\/\/reboundsports.hu\/hu\/shop\/\"},{\"@type\":\"ListItem\",\"position\":3,\"name\":\"Teniszp\u00e1lya pad deluxe &#8211; feh\u00e9r\"}]},{\"@type\":\"WebSite\",\"@id\":\"https:\/\/reboundsports.hu\/#website\",\"url\":\"https:\/\/reboundsports.hu\/\",\"name\":\"REBOUND SPORTS - Teniszp\u00e1ly\u00e1k vil\u00e1gsz\u00ednvonalon!\",\"description\":\"PROFESSZION\u00c1LIS TENISZP\u00c1LY\u00c1K B\u00c1RHOL B\u00c1RMIKOR!\",\"publisher\":{\"@id\":\"https:\/\/reboundsports.hu\/#organization\"},\"potentialAction\":[{\"@type\":\"SearchAction\",\"target\":{\"@type\":\"EntryPoint\",\"urlTemplate\":\"https:\/\/reboundsports.hu\/?s={search_term_string}\"},\"query-input\":{\"@type\":\"PropertyValueSpecification\",\"valueRequired\":true,\"valueName\":\"search_term_string\"}}],\"inLanguage\":\"hu\"},{\"@type\":\"Organization\",\"@id\":\"https:\/\/reboundsports.hu\/#organization\",\"name\":\"Rebound Sports Kft.\",\"alternateName\":\"Rebound Sports\",\"url\":\"https:\/\/reboundsports.hu\/\",\"logo\":{\"@type\":\"ImageObject\",\"inLanguage\":\"hu\",\"@id\":\"https:\/\/reboundsports.hu\/#\/schema\/logo\/image\/\",\"url\":\"http:\/\/reboundsports.hu\/wp-content\/uploads\/2021\/10\/reboundlogo.png\",\"contentUrl\":\"http:\/\/reboundsports.hu\/wp-content\/uploads\/2021\/10\/reboundlogo.png\",\"width\":784,\"height\":305,\"caption\":\"Rebound Sports Kft.\"},\"image\":{\"@id\":\"https:\/\/reboundsports.hu\/#\/schema\/logo\/image\/\"},\"sameAs\":[\"https:\/\/www.facebook.com\/reboundsports.hu\",\"https:\/\/www.instagram.com\/reboundsportskft\"]}]}<\/script>\n<!-- \/ Yoast SEO plugin. -->","yoast_head_json":{"title":"Teniszp\u00e1lya pad deluxe - feh\u00e9r - REBOUND SPORTS - Teniszp\u00e1ly\u00e1k vil\u00e1gsz\u00ednvonalon!","robots":{"index":"index","follow":"follow","max-snippet":"max-snippet:-1","max-image-preview":"max-image-preview:large","max-video-preview":"max-video-preview:-1"},"canonical":"https:\/\/reboundsports.hu\/hu\/product\/teniszpalya-pad-deluxe-feher-2\/","og_locale":"hu_HU","og_type":"article","og_title":"Teniszp\u00e1lya pad deluxe - feh\u00e9r - REBOUND SPORTS - Teniszp\u00e1ly\u00e1k vil\u00e1gsz\u00ednvonalon!","og_description":"Kiv\u00e1l\u00f3 min\u0151s\u00e9g\u0171 padok az \u00d6n teniszklubj\u00e1ban is !","og_url":"https:\/\/reboundsports.hu\/hu\/product\/teniszpalya-pad-deluxe-feher-2\/","og_site_name":"REBOUND SPORTS - Teniszp\u00e1ly\u00e1k vil\u00e1gsz\u00ednvonalon!","article_publisher":"https:\/\/www.facebook.com\/reboundsports.hu","article_modified_time":"2026-01-07T07:59:00+00:00","og_image":[{"width":1024,"height":719,"url":"https:\/\/reboundsports.hu\/wp-content\/uploads\/2026\/01\/us_41213_tennisbank_deluxe_weiss-1024x719.jpg","type":"image\/jpeg"}],"twitter_card":"summary_large_image","twitter_misc":{"Becs\u00fclt olvas\u00e1si id\u0151":"1 perc"},"schema":{"@context":"https:\/\/schema.org","@graph":[{"@type":"WebPage","@id":"https:\/\/reboundsports.hu\/product\/teniszpalya-pad-deluxe-feher-2\/","url":"https:\/\/reboundsports.hu\/product\/teniszpalya-pad-deluxe-feher-2\/","name":"Teniszp\u00e1lya pad deluxe - feh\u00e9r - REBOUND SPORTS - Teniszp\u00e1ly\u00e1k vil\u00e1gsz\u00ednvonalon!","isPartOf":{"@id":"https:\/\/reboundsports.hu\/#website"},"primaryImageOfPage":{"@id":"https:\/\/reboundsports.hu\/product\/teniszpalya-pad-deluxe-feher-2\/#primaryimage"},"image":{"@id":"https:\/\/reboundsports.hu\/product\/teniszpalya-pad-deluxe-feher-2\/#primaryimage"},"thumbnailUrl":"https:\/\/reboundsports.hu\/wp-content\/uploads\/2026\/01\/us_41213_tennisbank_deluxe_weiss.jpg","datePublished":"2026-01-05T16:01:02+00:00","dateModified":"2026-01-07T07:59:00+00:00","breadcrumb":{"@id":"https:\/\/reboundsports.hu\/product\/teniszpalya-pad-deluxe-feher-2\/#breadcrumb"},"inLanguage":"hu","potentialAction":[{"@type":"ReadAction","target":["https:\/\/reboundsports.hu\/product\/teniszpalya-pad-deluxe-feher-2\/"]}]},{"@type":"ImageObject","inLanguage":"hu","@id":"https:\/\/reboundsports.hu\/product\/teniszpalya-pad-deluxe-feher-2\/#primaryimage","url":"https:\/\/reboundsports.hu\/wp-content\/uploads\/2026\/01\/us_41213_tennisbank_deluxe_weiss.jpg","contentUrl":"https:\/\/reboundsports.hu\/wp-content\/uploads\/2026\/01\/us_41213_tennisbank_deluxe_weiss.jpg","width":7152,"height":5020},{"@type":"BreadcrumbList","@id":"https:\/\/reboundsports.hu\/product\/teniszpalya-pad-deluxe-feher-2\/#breadcrumb","itemListElement":[{"@type":"ListItem","position":1,"name":"Kezd\u0151lap","item":"https:\/\/reboundsports.hu\/"},{"@type":"ListItem","position":2,"name":"Shop","item":"https:\/\/reboundsports.hu\/hu\/shop\/"},{"@type":"ListItem","position":3,"name":"Teniszp\u00e1lya pad deluxe &#8211; feh\u00e9r"}]},{"@type":"WebSite","@id":"https:\/\/reboundsports.hu\/#website","url":"https:\/\/reboundsports.hu\/","name":"REBOUND SPORTS - Teniszp\u00e1ly\u00e1k vil\u00e1gsz\u00ednvonalon!","description":"PROFESSZION\u00c1LIS TENISZP\u00c1LY\u00c1K B\u00c1RHOL B\u00c1RMIKOR!","publisher":{"@id":"https:\/\/reboundsports.hu\/#organization"},"potentialAction":[{"@type":"SearchAction","target":{"@type":"EntryPoint","urlTemplate":"https:\/\/reboundsports.hu\/?s={search_term_string}"},"query-input":{"@type":"PropertyValueSpecification","valueRequired":true,"valueName":"search_term_string"}}],"inLanguage":"hu"},{"@type":"Organization","@id":"https:\/\/reboundsports.hu\/#organization","name":"Rebound Sports Kft.","alternateName":"Rebound Sports","url":"https:\/\/reboundsports.hu\/","logo":{"@type":"ImageObject","inLanguage":"hu","@id":"https:\/\/reboundsports.hu\/#\/schema\/logo\/image\/","url":"http:\/\/reboundsports.hu\/wp-content\/uploads\/2021\/10\/reboundlogo.png","contentUrl":"http:\/\/reboundsports.hu\/wp-content\/uploads\/2021\/10\/reboundlogo.png","width":784,"height":305,"caption":"Rebound Sports Kft."},"image":{"@id":"https:\/\/reboundsports.hu\/#\/schema\/logo\/image\/"},"sameAs":["https:\/\/www.facebook.com\/reboundsports.hu","https:\/\/www.instagram.com\/reboundsportskft"]}]}},"_links":{"self":[{"href":"https:\/\/reboundsports.hu\/hu\/wp-json\/wp\/v2\/product\/14606","targetHints":{"allow":["GET"]}}],"collection":[{"href":"https:\/\/reboundsports.hu\/hu\/wp-json\/wp\/v2\/product"}],"about":[{"href":"https:\/\/reboundsports.hu\/hu\/wp-json\/wp\/v2\/types\/product"}],"replies":[{"embeddable":true,"href":"https:\/\/reboundsports.hu\/hu\/wp-json\/wp\/v2\/comments?post=14606"}],"wp:featuredmedia":[{"embeddable":true,"href":"https:\/\/reboundsports.hu\/hu\/wp-json\/wp\/v2\/media\/14607"}],"wp:attachment":[{"href":"https:\/\/reboundsports.hu\/hu\/wp-json\/wp\/v2\/media?parent=14606"}],"wp:term":[{"taxonomy":"product_brand","embeddable":true,"href":"https:\/\/reboundsports.hu\/hu\/wp-json\/wp\/v2\/product_brand?post=14606"},{"taxonomy":"product_cat","embeddable":true,"href":"https:\/\/reboundsports.hu\/hu\/wp-json\/wp\/v2\/product_cat?post=14606"},{"taxonomy":"product_tag","embeddable":true,"href":"https:\/\/reboundsports.hu\/hu\/wp-json\/wp\/v2\/product_tag?post=14606"}],"curies":[{"name":"wp","href":"https:\/\/api.w.org\/{rel}","templated":true}]}}