{"id":14632,"date":"2026-02-02T08:07:23","date_gmt":"2026-02-02T08:07:23","guid":{"rendered":"https:\/\/reboundsports.hu\/?post_type=product&#038;p=14632"},"modified":"2026-02-02T08:21:36","modified_gmt":"2026-02-02T08:21:36","slug":"pickleball-halo-pn7","status":"publish","type":"product","link":"https:\/\/reboundsports.hu\/en\/product\/pickleball-halo-pn7\/","title":{"rendered":"Pickleball h\u00e1l\u00f3 PN7"},"content":{"rendered":"<p>Kb. 3 mm vastag polietil\u00e9n fonott k\u00f6t\u00e9lb\u0151l k\u00e9sz\u00fclt, k\u00e9zzel csom\u00f3zott, fekete, \u00f6ncsom\u00f3z\u00f3, nagyon massz\u00edv dupla m\u0171anyag h\u00e1l\u00f3szeg\u00e9llyel, m\u0171anyag bevonat\u00fa ac\u00e9lk\u00e1bellel. Az oldalak \u00e9s az als\u00f3 \u00e9lek er\u0151s, fekete m\u0171anyag szeg\u00e9llyel, valamint k\u00e9t 10 mm vastag \u00fcvegsz\u00e1las r\u00faddal vannak ell\u00e1tva az oldals\u00f3 r\u00f6gz\u00edt\u00e9shez. Hossz\u00fa \u00e9lettartam \u00e9s kiv\u00e1l\u00f3 tart\u00f3ss\u00e1g. 3 \u00e9v gy\u00e1rt\u00f3i garancia a h\u00e1l\u00f3ra.<\/p>\n<p>M\u00e9retek: 667 x 91 cm.<\/p>","protected":false},"excerpt":{"rendered":"<p>A Court Royal h\u00e1l\u00f3i megfelelnek a legmagasabb k\u00f6vetelm\u00e9nyeknek, kiv\u00e1l\u00f3 v\u00e1laszt\u00e1s klubbj\u00e1ba!<\/p>","protected":false},"featured_media":14633,"comment_status":"open","ping_status":"closed","template":"","meta":[],"product_brand":[],"product_cat":[61,73],"product_tag":[101,103,102],"class_list":{"0":"post-14632","1":"product","2":"type-product","3":"status-publish","4":"has-post-thumbnail","6":"product_cat-teniszhalo-es-tartozekai","7":"product_cat-teniszhalok","8":"product_tag-halo","9":"product_tag-oszlop","10":"product_tag-teniszpalya","12":"first","13":"instock","14":"shipping-taxable","15":"purchasable","16":"product-type-simple"},"yoast_head":"<!-- This site is optimized with the Yoast SEO plugin v25.0 - https:\/\/yoast.com\/wordpress\/plugins\/seo\/ -->\n<title>Pickleball h\u00e1l\u00f3 PN7 - REBOUND SPORTS - Teniszp\u00e1ly\u00e1k vil\u00e1gsz\u00ednvonalon!<\/title>\n<meta name=\"robots\" content=\"index, follow, max-snippet:-1, max-image-preview:large, max-video-preview:-1\" \/>\n<link rel=\"canonical\" href=\"https:\/\/reboundsports.hu\/en\/product\/pickleball-halo-pn7\/\" \/>\n<meta property=\"og:locale\" content=\"en_US\" \/>\n<meta property=\"og:type\" content=\"article\" \/>\n<meta property=\"og:title\" content=\"Pickleball h\u00e1l\u00f3 PN7 - REBOUND SPORTS - Teniszp\u00e1ly\u00e1k vil\u00e1gsz\u00ednvonalon!\" \/>\n<meta property=\"og:description\" content=\"A Court Royal h\u00e1l\u00f3i megfelelnek a legmagasabb k\u00f6vetelm\u00e9nyeknek, kiv\u00e1l\u00f3 v\u00e1laszt\u00e1s klubbj\u00e1ba!\" \/>\n<meta property=\"og:url\" content=\"https:\/\/reboundsports.hu\/en\/product\/pickleball-halo-pn7\/\" \/>\n<meta property=\"og:site_name\" content=\"REBOUND SPORTS - Teniszp\u00e1ly\u00e1k vil\u00e1gsz\u00ednvonalon!\" \/>\n<meta property=\"article:publisher\" content=\"https:\/\/www.facebook.com\/reboundsports.hu\" \/>\n<meta property=\"article:modified_time\" content=\"2026-02-02T08:21:36+00:00\" \/>\n<meta property=\"og:image\" content=\"https:\/\/reboundsports.hu\/wp-content\/uploads\/2026\/02\/US_404227.jpg\" \/>\n\t<meta property=\"og:image:width\" content=\"1920\" \/>\n\t<meta property=\"og:image:height\" content=\"1330\" \/>\n\t<meta property=\"og:image:type\" content=\"image\/jpeg\" \/>\n<meta name=\"twitter:card\" content=\"summary_large_image\" \/>\n<meta name=\"twitter:label1\" content=\"Est. reading time\" \/>\n\t<meta name=\"twitter:data1\" content=\"1 minute\" \/>\n<script type=\"application\/ld+json\" class=\"yoast-schema-graph\">{\"@context\":\"https:\/\/schema.org\",\"@graph\":[{\"@type\":\"WebPage\",\"@id\":\"https:\/\/reboundsports.hu\/product\/pickleball-halo-pn7\/\",\"url\":\"https:\/\/reboundsports.hu\/product\/pickleball-halo-pn7\/\",\"name\":\"Pickleball h\u00e1l\u00f3 PN7 - REBOUND SPORTS - Teniszp\u00e1ly\u00e1k vil\u00e1gsz\u00ednvonalon!\",\"isPartOf\":{\"@id\":\"https:\/\/reboundsports.hu\/#website\"},\"primaryImageOfPage\":{\"@id\":\"https:\/\/reboundsports.hu\/product\/pickleball-halo-pn7\/#primaryimage\"},\"image\":{\"@id\":\"https:\/\/reboundsports.hu\/product\/pickleball-halo-pn7\/#primaryimage\"},\"thumbnailUrl\":\"https:\/\/reboundsports.hu\/wp-content\/uploads\/2026\/02\/US_404227.jpg\",\"datePublished\":\"2026-02-02T08:07:23+00:00\",\"dateModified\":\"2026-02-02T08:21:36+00:00\",\"breadcrumb\":{\"@id\":\"https:\/\/reboundsports.hu\/product\/pickleball-halo-pn7\/#breadcrumb\"},\"inLanguage\":\"en-US\",\"potentialAction\":[{\"@type\":\"ReadAction\",\"target\":[\"https:\/\/reboundsports.hu\/product\/pickleball-halo-pn7\/\"]}]},{\"@type\":\"ImageObject\",\"inLanguage\":\"en-US\",\"@id\":\"https:\/\/reboundsports.hu\/product\/pickleball-halo-pn7\/#primaryimage\",\"url\":\"https:\/\/reboundsports.hu\/wp-content\/uploads\/2026\/02\/US_404227.jpg\",\"contentUrl\":\"https:\/\/reboundsports.hu\/wp-content\/uploads\/2026\/02\/US_404227.jpg\",\"width\":1920,\"height\":1330},{\"@type\":\"BreadcrumbList\",\"@id\":\"https:\/\/reboundsports.hu\/product\/pickleball-halo-pn7\/#breadcrumb\",\"itemListElement\":[{\"@type\":\"ListItem\",\"position\":1,\"name\":\"Kezd\u0151lap\",\"item\":\"https:\/\/reboundsports.hu\/\"},{\"@type\":\"ListItem\",\"position\":2,\"name\":\"Shop\",\"item\":\"https:\/\/reboundsports.hu\/hu\/shop\/\"},{\"@type\":\"ListItem\",\"position\":3,\"name\":\"Pickleball h\u00e1l\u00f3 PN7\"}]},{\"@type\":\"WebSite\",\"@id\":\"https:\/\/reboundsports.hu\/#website\",\"url\":\"https:\/\/reboundsports.hu\/\",\"name\":\"REBOUND SPORTS - Teniszp\u00e1ly\u00e1k vil\u00e1gsz\u00ednvonalon!\",\"description\":\"PROFESSZION\u00c1LIS TENISZP\u00c1LY\u00c1K B\u00c1RHOL B\u00c1RMIKOR!\",\"publisher\":{\"@id\":\"https:\/\/reboundsports.hu\/#organization\"},\"potentialAction\":[{\"@type\":\"SearchAction\",\"target\":{\"@type\":\"EntryPoint\",\"urlTemplate\":\"https:\/\/reboundsports.hu\/?s={search_term_string}\"},\"query-input\":{\"@type\":\"PropertyValueSpecification\",\"valueRequired\":true,\"valueName\":\"search_term_string\"}}],\"inLanguage\":\"en-US\"},{\"@type\":\"Organization\",\"@id\":\"https:\/\/reboundsports.hu\/#organization\",\"name\":\"Rebound Sports Kft.\",\"alternateName\":\"Rebound Sports\",\"url\":\"https:\/\/reboundsports.hu\/\",\"logo\":{\"@type\":\"ImageObject\",\"inLanguage\":\"en-US\",\"@id\":\"https:\/\/reboundsports.hu\/#\/schema\/logo\/image\/\",\"url\":\"http:\/\/reboundsports.hu\/wp-content\/uploads\/2021\/10\/reboundlogo.png\",\"contentUrl\":\"http:\/\/reboundsports.hu\/wp-content\/uploads\/2021\/10\/reboundlogo.png\",\"width\":784,\"height\":305,\"caption\":\"Rebound Sports Kft.\"},\"image\":{\"@id\":\"https:\/\/reboundsports.hu\/#\/schema\/logo\/image\/\"},\"sameAs\":[\"https:\/\/www.facebook.com\/reboundsports.hu\",\"https:\/\/www.instagram.com\/reboundsportskft\"]}]}<\/script>\n<!-- \/ Yoast SEO plugin. -->","yoast_head_json":{"title":"Pickleball h\u00e1l\u00f3 PN7 - REBOUND SPORTS - Teniszp\u00e1ly\u00e1k vil\u00e1gsz\u00ednvonalon!","robots":{"index":"index","follow":"follow","max-snippet":"max-snippet:-1","max-image-preview":"max-image-preview:large","max-video-preview":"max-video-preview:-1"},"canonical":"https:\/\/reboundsports.hu\/en\/product\/pickleball-halo-pn7\/","og_locale":"en_US","og_type":"article","og_title":"Pickleball h\u00e1l\u00f3 PN7 - REBOUND SPORTS - Teniszp\u00e1ly\u00e1k vil\u00e1gsz\u00ednvonalon!","og_description":"A Court Royal h\u00e1l\u00f3i megfelelnek a legmagasabb k\u00f6vetelm\u00e9nyeknek, kiv\u00e1l\u00f3 v\u00e1laszt\u00e1s klubbj\u00e1ba!","og_url":"https:\/\/reboundsports.hu\/en\/product\/pickleball-halo-pn7\/","og_site_name":"REBOUND SPORTS - Teniszp\u00e1ly\u00e1k vil\u00e1gsz\u00ednvonalon!","article_publisher":"https:\/\/www.facebook.com\/reboundsports.hu","article_modified_time":"2026-02-02T08:21:36+00:00","og_image":[{"width":1920,"height":1330,"url":"https:\/\/reboundsports.hu\/wp-content\/uploads\/2026\/02\/US_404227.jpg","type":"image\/jpeg"}],"twitter_card":"summary_large_image","twitter_misc":{"Est. reading time":"1 minute"},"schema":{"@context":"https:\/\/schema.org","@graph":[{"@type":"WebPage","@id":"https:\/\/reboundsports.hu\/product\/pickleball-halo-pn7\/","url":"https:\/\/reboundsports.hu\/product\/pickleball-halo-pn7\/","name":"Pickleball h\u00e1l\u00f3 PN7 - REBOUND SPORTS - Teniszp\u00e1ly\u00e1k vil\u00e1gsz\u00ednvonalon!","isPartOf":{"@id":"https:\/\/reboundsports.hu\/#website"},"primaryImageOfPage":{"@id":"https:\/\/reboundsports.hu\/product\/pickleball-halo-pn7\/#primaryimage"},"image":{"@id":"https:\/\/reboundsports.hu\/product\/pickleball-halo-pn7\/#primaryimage"},"thumbnailUrl":"https:\/\/reboundsports.hu\/wp-content\/uploads\/2026\/02\/US_404227.jpg","datePublished":"2026-02-02T08:07:23+00:00","dateModified":"2026-02-02T08:21:36+00:00","breadcrumb":{"@id":"https:\/\/reboundsports.hu\/product\/pickleball-halo-pn7\/#breadcrumb"},"inLanguage":"en-US","potentialAction":[{"@type":"ReadAction","target":["https:\/\/reboundsports.hu\/product\/pickleball-halo-pn7\/"]}]},{"@type":"ImageObject","inLanguage":"en-US","@id":"https:\/\/reboundsports.hu\/product\/pickleball-halo-pn7\/#primaryimage","url":"https:\/\/reboundsports.hu\/wp-content\/uploads\/2026\/02\/US_404227.jpg","contentUrl":"https:\/\/reboundsports.hu\/wp-content\/uploads\/2026\/02\/US_404227.jpg","width":1920,"height":1330},{"@type":"BreadcrumbList","@id":"https:\/\/reboundsports.hu\/product\/pickleball-halo-pn7\/#breadcrumb","itemListElement":[{"@type":"ListItem","position":1,"name":"Kezd\u0151lap","item":"https:\/\/reboundsports.hu\/"},{"@type":"ListItem","position":2,"name":"Shop","item":"https:\/\/reboundsports.hu\/hu\/shop\/"},{"@type":"ListItem","position":3,"name":"Pickleball h\u00e1l\u00f3 PN7"}]},{"@type":"WebSite","@id":"https:\/\/reboundsports.hu\/#website","url":"https:\/\/reboundsports.hu\/","name":"REBOUND SPORTS - Teniszp\u00e1ly\u00e1k vil\u00e1gsz\u00ednvonalon!","description":"PROFESSZION\u00c1LIS TENISZP\u00c1LY\u00c1K B\u00c1RHOL B\u00c1RMIKOR!","publisher":{"@id":"https:\/\/reboundsports.hu\/#organization"},"potentialAction":[{"@type":"SearchAction","target":{"@type":"EntryPoint","urlTemplate":"https:\/\/reboundsports.hu\/?s={search_term_string}"},"query-input":{"@type":"PropertyValueSpecification","valueRequired":true,"valueName":"search_term_string"}}],"inLanguage":"en-US"},{"@type":"Organization","@id":"https:\/\/reboundsports.hu\/#organization","name":"Rebound Sports Kft.","alternateName":"Rebound Sports","url":"https:\/\/reboundsports.hu\/","logo":{"@type":"ImageObject","inLanguage":"en-US","@id":"https:\/\/reboundsports.hu\/#\/schema\/logo\/image\/","url":"http:\/\/reboundsports.hu\/wp-content\/uploads\/2021\/10\/reboundlogo.png","contentUrl":"http:\/\/reboundsports.hu\/wp-content\/uploads\/2021\/10\/reboundlogo.png","width":784,"height":305,"caption":"Rebound Sports Kft."},"image":{"@id":"https:\/\/reboundsports.hu\/#\/schema\/logo\/image\/"},"sameAs":["https:\/\/www.facebook.com\/reboundsports.hu","https:\/\/www.instagram.com\/reboundsportskft"]}]}},"_links":{"self":[{"href":"https:\/\/reboundsports.hu\/en\/wp-json\/wp\/v2\/product\/14632","targetHints":{"allow":["GET"]}}],"collection":[{"href":"https:\/\/reboundsports.hu\/en\/wp-json\/wp\/v2\/product"}],"about":[{"href":"https:\/\/reboundsports.hu\/en\/wp-json\/wp\/v2\/types\/product"}],"replies":[{"embeddable":true,"href":"https:\/\/reboundsports.hu\/en\/wp-json\/wp\/v2\/comments?post=14632"}],"wp:featuredmedia":[{"embeddable":true,"href":"https:\/\/reboundsports.hu\/en\/wp-json\/wp\/v2\/media\/14633"}],"wp:attachment":[{"href":"https:\/\/reboundsports.hu\/en\/wp-json\/wp\/v2\/media?parent=14632"}],"wp:term":[{"taxonomy":"product_brand","embeddable":true,"href":"https:\/\/reboundsports.hu\/en\/wp-json\/wp\/v2\/product_brand?post=14632"},{"taxonomy":"product_cat","embeddable":true,"href":"https:\/\/reboundsports.hu\/en\/wp-json\/wp\/v2\/product_cat?post=14632"},{"taxonomy":"product_tag","embeddable":true,"href":"https:\/\/reboundsports.hu\/en\/wp-json\/wp\/v2\/product_tag?post=14632"}],"curies":[{"name":"wp","href":"https:\/\/api.w.org\/{rel}","templated":true}]}}