{"id":14626,"date":"2026-02-02T07:50:59","date_gmt":"2026-02-02T07:50:59","guid":{"rendered":"https:\/\/reboundsports.hu\/?post_type=product&#038;p=14626"},"modified":"2026-02-02T08:05:47","modified_gmt":"2026-02-02T08:05:47","slug":"pickleball-mobil-halorendszer","status":"publish","type":"product","link":"https:\/\/reboundsports.hu\/en\/product\/pickleball-mobil-halorendszer\/","title":{"rendered":"Pickleball mobil h\u00e1l\u00f3rendszer"},"content":{"rendered":"<p>Az \u00faj mobil pickleball h\u00e1l\u00f3rendszer egy kiv\u00e1l\u00f3 min\u0151s\u00e9g\u0171 n\u00e9met term\u00e9k, amelyet kifejezetten ehhez a n\u00e9pszer\u0171 amerikai sport\u00e1ghoz terveztek. A rendszer megfelel az USAPA (USA Pickleball Association) \u00e9s a N\u00e9met Pickleball Sz\u00f6vets\u00e9g (DPB) szabv\u00e1nyainak. A kiv\u00e1l\u00f3 min\u0151s\u00e9g\u0171 alum\u00ednium profilok \u00e9s a sz\u00e9les talp p\u00e1ratlan stabilit\u00e1st \u00e9s szil\u00e1rds\u00e1got biztos\u00edtanak a h\u00e1l\u00f3rendszernek . A h\u00e1l\u00f3fesz\u00edt\u0151 rendszer biztos\u00edtja az optim\u00e1lis h\u00e1l\u00f3feszess\u00e9get , m\u00edg a mell\u00e9kelt k\u00f6z\u00e9ps\u0151 r\u00fad garant\u00e1lja a megfelel\u0151 h\u00e1l\u00f3magass\u00e1got . A rendszer gyorsan \u00f6sszeszerelhet\u0151, \u00e9s ut\u00e1na kompakt m\u00f3don t\u00e1rolhat\u00f3. Mind\u00f6ssze 6,8 kg-os s\u00faly\u00e1val k\u00f6nnyen sz\u00e1ll\u00edthat\u00f3. A rendszer \u00f6t enyh\u00e9n \u00edvelt \u00f6sszek\u00f6t\u0151 elemb\u0151l \u00e1ll , amelyek egyszer\u0171en \u00f6sszepattinthat\u00f3k . A k\u00e9t h\u00e1l\u00f3oszlopot ezut\u00e1n az alaphoz kell r\u00f6gz\u00edteni. A sz\u00e1ll\u00edt\u00e1s tartalmazza a h\u00e1l\u00f3t \u00e9s egy hordoz\u00f3t\u00e1sk\u00e1t.<\/p>\n<p>&nbsp;<\/p>\n<p><strong>M\u0171szaki adatok:<\/strong><br \/>\nL\u00e1b sz\u00e9less\u00e9ge: 60 cm<br \/>\nCsatlakoz\u00f3 elem k\u00fcl\u00f6n-k\u00fcl\u00f6n: 138 cm \u00d7 4 cm \u00d7 3 cm<br \/>\nTeljes hossz: 670 cm<br \/>\nMagass\u00e1g: kb. 86,5 cm<br \/>\nS\u00faly: 9,0 kg<\/p>","protected":false},"excerpt":{"rendered":"<p>Mobil Pickleball rendszer Court Royal<\/p>","protected":false},"featured_media":14629,"comment_status":"open","ping_status":"closed","template":"","meta":[],"product_brand":[],"product_cat":[74,61,73],"product_tag":[58,94],"class_list":{"0":"post-14626","1":"product","2":"type-product","3":"status-publish","4":"has-post-thumbnail","6":"product_cat-halotarto-oszlopok","7":"product_cat-teniszhalo-es-tartozekai","8":"product_cat-teniszhalok","9":"product_tag-karbantartas","10":"product_tag-kefe","12":"first","13":"instock","14":"shipping-taxable","15":"purchasable","16":"product-type-simple"},"yoast_head":"<!-- This site is optimized with the Yoast SEO plugin v25.0 - https:\/\/yoast.com\/wordpress\/plugins\/seo\/ -->\n<title>Pickleball mobil h\u00e1l\u00f3rendszer - REBOUND SPORTS - Teniszp\u00e1ly\u00e1k vil\u00e1gsz\u00ednvonalon!<\/title>\n<meta name=\"robots\" content=\"index, follow, max-snippet:-1, max-image-preview:large, max-video-preview:-1\" \/>\n<link rel=\"canonical\" href=\"https:\/\/reboundsports.hu\/en\/product\/pickleball-mobil-halorendszer\/\" \/>\n<meta property=\"og:locale\" content=\"en_US\" \/>\n<meta property=\"og:type\" content=\"article\" \/>\n<meta property=\"og:title\" content=\"Pickleball mobil h\u00e1l\u00f3rendszer - REBOUND SPORTS - Teniszp\u00e1ly\u00e1k vil\u00e1gsz\u00ednvonalon!\" \/>\n<meta property=\"og:description\" content=\"Mobil Pickleball rendszer Court Royal\" \/>\n<meta property=\"og:url\" content=\"https:\/\/reboundsports.hu\/en\/product\/pickleball-mobil-halorendszer\/\" \/>\n<meta property=\"og:site_name\" content=\"REBOUND SPORTS - Teniszp\u00e1ly\u00e1k vil\u00e1gsz\u00ednvonalon!\" \/>\n<meta property=\"article:publisher\" content=\"https:\/\/www.facebook.com\/reboundsports.hu\" \/>\n<meta property=\"article:modified_time\" content=\"2026-02-02T08:05:47+00:00\" \/>\n<meta property=\"og:image\" content=\"https:\/\/reboundsports.hu\/wp-content\/uploads\/2026\/02\/us_404231.jpg\" \/>\n\t<meta property=\"og:image:width\" content=\"2953\" \/>\n\t<meta property=\"og:image:height\" content=\"959\" \/>\n\t<meta property=\"og:image:type\" content=\"image\/jpeg\" \/>\n<meta name=\"twitter:card\" content=\"summary_large_image\" \/>\n<meta name=\"twitter:label1\" content=\"Est. reading time\" \/>\n\t<meta name=\"twitter:data1\" content=\"1 minute\" \/>\n<script type=\"application\/ld+json\" class=\"yoast-schema-graph\">{\"@context\":\"https:\/\/schema.org\",\"@graph\":[{\"@type\":\"WebPage\",\"@id\":\"https:\/\/reboundsports.hu\/product\/pickleball-mobil-halorendszer\/\",\"url\":\"https:\/\/reboundsports.hu\/product\/pickleball-mobil-halorendszer\/\",\"name\":\"Pickleball mobil h\u00e1l\u00f3rendszer - REBOUND SPORTS - Teniszp\u00e1ly\u00e1k vil\u00e1gsz\u00ednvonalon!\",\"isPartOf\":{\"@id\":\"https:\/\/reboundsports.hu\/#website\"},\"primaryImageOfPage\":{\"@id\":\"https:\/\/reboundsports.hu\/product\/pickleball-mobil-halorendszer\/#primaryimage\"},\"image\":{\"@id\":\"https:\/\/reboundsports.hu\/product\/pickleball-mobil-halorendszer\/#primaryimage\"},\"thumbnailUrl\":\"https:\/\/reboundsports.hu\/wp-content\/uploads\/2026\/02\/us_404231.jpg\",\"datePublished\":\"2026-02-02T07:50:59+00:00\",\"dateModified\":\"2026-02-02T08:05:47+00:00\",\"breadcrumb\":{\"@id\":\"https:\/\/reboundsports.hu\/product\/pickleball-mobil-halorendszer\/#breadcrumb\"},\"inLanguage\":\"en-US\",\"potentialAction\":[{\"@type\":\"ReadAction\",\"target\":[\"https:\/\/reboundsports.hu\/product\/pickleball-mobil-halorendszer\/\"]}]},{\"@type\":\"ImageObject\",\"inLanguage\":\"en-US\",\"@id\":\"https:\/\/reboundsports.hu\/product\/pickleball-mobil-halorendszer\/#primaryimage\",\"url\":\"https:\/\/reboundsports.hu\/wp-content\/uploads\/2026\/02\/us_404231.jpg\",\"contentUrl\":\"https:\/\/reboundsports.hu\/wp-content\/uploads\/2026\/02\/us_404231.jpg\",\"width\":2953,\"height\":959},{\"@type\":\"BreadcrumbList\",\"@id\":\"https:\/\/reboundsports.hu\/product\/pickleball-mobil-halorendszer\/#breadcrumb\",\"itemListElement\":[{\"@type\":\"ListItem\",\"position\":1,\"name\":\"Kezd\u0151lap\",\"item\":\"https:\/\/reboundsports.hu\/\"},{\"@type\":\"ListItem\",\"position\":2,\"name\":\"Shop\",\"item\":\"https:\/\/reboundsports.hu\/hu\/shop\/\"},{\"@type\":\"ListItem\",\"position\":3,\"name\":\"Pickleball mobil h\u00e1l\u00f3rendszer\"}]},{\"@type\":\"WebSite\",\"@id\":\"https:\/\/reboundsports.hu\/#website\",\"url\":\"https:\/\/reboundsports.hu\/\",\"name\":\"REBOUND SPORTS - Teniszp\u00e1ly\u00e1k vil\u00e1gsz\u00ednvonalon!\",\"description\":\"PROFESSZION\u00c1LIS TENISZP\u00c1LY\u00c1K B\u00c1RHOL B\u00c1RMIKOR!\",\"publisher\":{\"@id\":\"https:\/\/reboundsports.hu\/#organization\"},\"potentialAction\":[{\"@type\":\"SearchAction\",\"target\":{\"@type\":\"EntryPoint\",\"urlTemplate\":\"https:\/\/reboundsports.hu\/?s={search_term_string}\"},\"query-input\":{\"@type\":\"PropertyValueSpecification\",\"valueRequired\":true,\"valueName\":\"search_term_string\"}}],\"inLanguage\":\"en-US\"},{\"@type\":\"Organization\",\"@id\":\"https:\/\/reboundsports.hu\/#organization\",\"name\":\"Rebound Sports Kft.\",\"alternateName\":\"Rebound Sports\",\"url\":\"https:\/\/reboundsports.hu\/\",\"logo\":{\"@type\":\"ImageObject\",\"inLanguage\":\"en-US\",\"@id\":\"https:\/\/reboundsports.hu\/#\/schema\/logo\/image\/\",\"url\":\"http:\/\/reboundsports.hu\/wp-content\/uploads\/2021\/10\/reboundlogo.png\",\"contentUrl\":\"http:\/\/reboundsports.hu\/wp-content\/uploads\/2021\/10\/reboundlogo.png\",\"width\":784,\"height\":305,\"caption\":\"Rebound Sports Kft.\"},\"image\":{\"@id\":\"https:\/\/reboundsports.hu\/#\/schema\/logo\/image\/\"},\"sameAs\":[\"https:\/\/www.facebook.com\/reboundsports.hu\",\"https:\/\/www.instagram.com\/reboundsportskft\"]}]}<\/script>\n<!-- \/ Yoast SEO plugin. -->","yoast_head_json":{"title":"Pickleball mobil h\u00e1l\u00f3rendszer - REBOUND SPORTS - Teniszp\u00e1ly\u00e1k vil\u00e1gsz\u00ednvonalon!","robots":{"index":"index","follow":"follow","max-snippet":"max-snippet:-1","max-image-preview":"max-image-preview:large","max-video-preview":"max-video-preview:-1"},"canonical":"https:\/\/reboundsports.hu\/en\/product\/pickleball-mobil-halorendszer\/","og_locale":"en_US","og_type":"article","og_title":"Pickleball mobil h\u00e1l\u00f3rendszer - REBOUND SPORTS - Teniszp\u00e1ly\u00e1k vil\u00e1gsz\u00ednvonalon!","og_description":"Mobil Pickleball rendszer Court Royal","og_url":"https:\/\/reboundsports.hu\/en\/product\/pickleball-mobil-halorendszer\/","og_site_name":"REBOUND SPORTS - Teniszp\u00e1ly\u00e1k vil\u00e1gsz\u00ednvonalon!","article_publisher":"https:\/\/www.facebook.com\/reboundsports.hu","article_modified_time":"2026-02-02T08:05:47+00:00","og_image":[{"width":2953,"height":959,"url":"https:\/\/reboundsports.hu\/wp-content\/uploads\/2026\/02\/us_404231.jpg","type":"image\/jpeg"}],"twitter_card":"summary_large_image","twitter_misc":{"Est. reading time":"1 minute"},"schema":{"@context":"https:\/\/schema.org","@graph":[{"@type":"WebPage","@id":"https:\/\/reboundsports.hu\/product\/pickleball-mobil-halorendszer\/","url":"https:\/\/reboundsports.hu\/product\/pickleball-mobil-halorendszer\/","name":"Pickleball mobil h\u00e1l\u00f3rendszer - REBOUND SPORTS - Teniszp\u00e1ly\u00e1k vil\u00e1gsz\u00ednvonalon!","isPartOf":{"@id":"https:\/\/reboundsports.hu\/#website"},"primaryImageOfPage":{"@id":"https:\/\/reboundsports.hu\/product\/pickleball-mobil-halorendszer\/#primaryimage"},"image":{"@id":"https:\/\/reboundsports.hu\/product\/pickleball-mobil-halorendszer\/#primaryimage"},"thumbnailUrl":"https:\/\/reboundsports.hu\/wp-content\/uploads\/2026\/02\/us_404231.jpg","datePublished":"2026-02-02T07:50:59+00:00","dateModified":"2026-02-02T08:05:47+00:00","breadcrumb":{"@id":"https:\/\/reboundsports.hu\/product\/pickleball-mobil-halorendszer\/#breadcrumb"},"inLanguage":"en-US","potentialAction":[{"@type":"ReadAction","target":["https:\/\/reboundsports.hu\/product\/pickleball-mobil-halorendszer\/"]}]},{"@type":"ImageObject","inLanguage":"en-US","@id":"https:\/\/reboundsports.hu\/product\/pickleball-mobil-halorendszer\/#primaryimage","url":"https:\/\/reboundsports.hu\/wp-content\/uploads\/2026\/02\/us_404231.jpg","contentUrl":"https:\/\/reboundsports.hu\/wp-content\/uploads\/2026\/02\/us_404231.jpg","width":2953,"height":959},{"@type":"BreadcrumbList","@id":"https:\/\/reboundsports.hu\/product\/pickleball-mobil-halorendszer\/#breadcrumb","itemListElement":[{"@type":"ListItem","position":1,"name":"Kezd\u0151lap","item":"https:\/\/reboundsports.hu\/"},{"@type":"ListItem","position":2,"name":"Shop","item":"https:\/\/reboundsports.hu\/hu\/shop\/"},{"@type":"ListItem","position":3,"name":"Pickleball mobil h\u00e1l\u00f3rendszer"}]},{"@type":"WebSite","@id":"https:\/\/reboundsports.hu\/#website","url":"https:\/\/reboundsports.hu\/","name":"REBOUND SPORTS - Teniszp\u00e1ly\u00e1k vil\u00e1gsz\u00ednvonalon!","description":"PROFESSZION\u00c1LIS TENISZP\u00c1LY\u00c1K B\u00c1RHOL B\u00c1RMIKOR!","publisher":{"@id":"https:\/\/reboundsports.hu\/#organization"},"potentialAction":[{"@type":"SearchAction","target":{"@type":"EntryPoint","urlTemplate":"https:\/\/reboundsports.hu\/?s={search_term_string}"},"query-input":{"@type":"PropertyValueSpecification","valueRequired":true,"valueName":"search_term_string"}}],"inLanguage":"en-US"},{"@type":"Organization","@id":"https:\/\/reboundsports.hu\/#organization","name":"Rebound Sports Kft.","alternateName":"Rebound Sports","url":"https:\/\/reboundsports.hu\/","logo":{"@type":"ImageObject","inLanguage":"en-US","@id":"https:\/\/reboundsports.hu\/#\/schema\/logo\/image\/","url":"http:\/\/reboundsports.hu\/wp-content\/uploads\/2021\/10\/reboundlogo.png","contentUrl":"http:\/\/reboundsports.hu\/wp-content\/uploads\/2021\/10\/reboundlogo.png","width":784,"height":305,"caption":"Rebound Sports Kft."},"image":{"@id":"https:\/\/reboundsports.hu\/#\/schema\/logo\/image\/"},"sameAs":["https:\/\/www.facebook.com\/reboundsports.hu","https:\/\/www.instagram.com\/reboundsportskft"]}]}},"_links":{"self":[{"href":"https:\/\/reboundsports.hu\/en\/wp-json\/wp\/v2\/product\/14626","targetHints":{"allow":["GET"]}}],"collection":[{"href":"https:\/\/reboundsports.hu\/en\/wp-json\/wp\/v2\/product"}],"about":[{"href":"https:\/\/reboundsports.hu\/en\/wp-json\/wp\/v2\/types\/product"}],"replies":[{"embeddable":true,"href":"https:\/\/reboundsports.hu\/en\/wp-json\/wp\/v2\/comments?post=14626"}],"wp:featuredmedia":[{"embeddable":true,"href":"https:\/\/reboundsports.hu\/en\/wp-json\/wp\/v2\/media\/14629"}],"wp:attachment":[{"href":"https:\/\/reboundsports.hu\/en\/wp-json\/wp\/v2\/media?parent=14626"}],"wp:term":[{"taxonomy":"product_brand","embeddable":true,"href":"https:\/\/reboundsports.hu\/en\/wp-json\/wp\/v2\/product_brand?post=14626"},{"taxonomy":"product_cat","embeddable":true,"href":"https:\/\/reboundsports.hu\/en\/wp-json\/wp\/v2\/product_cat?post=14626"},{"taxonomy":"product_tag","embeddable":true,"href":"https:\/\/reboundsports.hu\/en\/wp-json\/wp\/v2\/product_tag?post=14626"}],"curies":[{"name":"wp","href":"https:\/\/api.w.org\/{rel}","templated":true}]}}