{"id":14824,"date":"2026-03-08T18:59:28","date_gmt":"2026-03-08T18:59:28","guid":{"rendered":"https:\/\/reboundsports.hu\/?page_id=14824"},"modified":"2026-03-08T19:11:18","modified_gmt":"2026-03-08T19:11:18","slug":"szallitasi-fizetesi-informaciok","status":"publish","type":"page","link":"https:\/\/reboundsports.hu\/en\/szallitasi-fizetesi-informaciok\/","title":{"rendered":"Sz\u00e1ll\u00edt\u00e1si \u00e9s fizet\u00e9si inform\u00e1ci\u00f3k"},"content":{"rendered":"<div data-elementor-type=\"wp-page\" data-elementor-id=\"14824\" class=\"elementor elementor-14824\" data-elementor-post-type=\"page\">\n\t\t\t\t<div class=\"elementor-element elementor-element-1c411256 e-flex e-con-boxed e-con e-parent\" data-id=\"1c411256\" data-element_type=\"container\">\n\t\t\t\t\t<div class=\"e-con-inner\">\n\t\t\t\t<div class=\"elementor-element elementor-element-44550853 elementor-widget elementor-widget-text-editor\" data-id=\"44550853\" data-element_type=\"widget\" data-widget_type=\"text-editor.default\">\n\t\t\t\t<div class=\"elementor-widget-container\">\n\t\t\t\t\t\t\t\t\t<h2><b>Sz\u00e1ll\u00edt\u00e1si m\u00f3dok, sz\u00e1ll\u00edt\u00e1si d\u00edjak<\/b><\/h2><h3><b>Szem\u00e9lyes \u00e1tv\u00e9tel<\/b><\/h3><p>\u00c1tutal\u00e1ssal vagy bankk\u00e1rty\u00e1s fizet\u00e9ssel rendezett csomag szem\u00e9lyes \u00e1tv\u00e9tel\u00e9re lehet\u0151s\u00e9g van a rakt\u00e1runkban.<br \/><b>A rakt\u00e1r c\u00edme:<\/b> 6100 Kiskunf\u00e9legyh\u00e1za, Csongr\u00e1di \u00fat 112\/a. (<a href=\"https:\/\/maps.app.goo.gl\/EhKVGWWzxDpYP9s28\">T\u00e9rk\u00e9p<\/a>)<br \/>Az \u00e1tv\u00e9tel legkor\u00e1bbi id\u0151pontj\u00e1r\u00f3l emailben k\u00fcld\u00fcnk t\u00e1j\u00e9koztat\u00e1st a rendel\u00e9s feldolgoz\u00e1sa ut\u00e1n.<\/p><p><b>Sz\u00e1ll\u00edt\u00e1si d\u00edj: 0 Ft<\/b><\/p><h3><b>GLS fut\u00e1rszolg\u00e1lat<\/b><\/h3><p>Csomagj\u00e1t k\u00e9rheti GLS h\u00e1zhozsz\u00e1ll\u00edt\u00e1ssal. A kisz\u00e1ll\u00edt\u00e1sokat <b>munkanapokon (h\u00e9tf\u0151t\u0151l p\u00e9ntekig) 8 \u00e9s 17 \u00f3ra k\u00f6z\u00f6tt<\/b> v\u00e9gzik. Amennyiben van r\u00e1 lehet\u0151s\u00e9g olyan c\u00edmet v\u00e1lasszon sz\u00e1ll\u00edt\u00e1si c\u00edmk\u00e9nt, ahol a megadott k\u00e9zbes\u00edt\u00e9si id\u0151ben tart\u00f3zkodik (ak\u00e1r munkahelyi c\u00edmet is megadhat). A GLS munkat\u00e1rsa k\u00e9tszer k\u00eds\u00e9rli meg a csomag k\u00e9zbes\u00edt\u00e9s\u00e9t, amennyiben ez nem siker\u00fcl, a csomagot visszasz\u00e1ll\u00edtj\u00e1k r\u00e9sz\u00fcnkre.<br \/>A sz\u00e1ll\u00edt\u00e1s id\u0151pontj\u00e1r\u00f3l emailben k\u00fcld\u00fcnk t\u00e1j\u00e9koztat\u00e1st a csomag felad\u00e1sa ut\u00e1n. Ut\u00e1nv\u00e9t eset\u00e9n a fut\u00e1rn\u00e1l fizethet bankk\u00e1rty\u00e1val vagy k\u00e9szp\u00e9nzzel.<\/p><p><b>Sz\u00e1ll\u00edt\u00e1si d\u00edjak:<\/b><\/p><table><tbody><tr><td><b>T\u00f6meg<\/b><\/td><td><b>Sz\u00e1ll\u00edt\u00e1si d\u00edj<\/b><\/td><\/tr><tr><td>0 &#8211; 3 kg<\/td><td>1990 Ft<\/td><\/tr><tr><td>3,001 &#8211; 10 kg<\/td><td>2490 Ft<\/td><\/tr><tr><td>10,001 &#8211; 20 kg<\/td><td>2990 Ft<\/td><\/tr><tr><td>20,001 &#8211; 40 kg<\/td><td>3990 Ft<\/td><\/tr><tr><td>40 kg felett<\/td><td>l\u00e1sd: Egyedi kisz\u00e1ll\u00edt\u00e1s<\/td><\/tr><\/tbody><\/table><h3><b>Egyedi kisz\u00e1ll\u00edt\u00e1s<\/b><\/h3><p>\u00c1tutal\u00e1ssal vagy bankk\u00e1rty\u00e1s fizet\u00e9ssel rendezett csomag kisz\u00e1ll\u00edt\u00e1s\u00e1t brutt\u00f3 25 000 Ft d\u00edj ellen\u00e9ben Magyarorsz\u00e1g teljes ter\u00fclet\u00e9n v\u00e1llaljuk saj\u00e1t g\u00e9pj\u00e1rm\u0171vel, el\u0151re egyeztetett id\u0151pontban.<\/p><p>Kapcsolat: +36 00 123 4567<\/p><p><b>Sz\u00e1ll\u00edt\u00e1si d\u00edj: 25 000 Ft<\/b><\/p><p><b>Egyedi kisz\u00e1ll\u00edt\u00e1s \u00e9s helysz\u00edni \u00f6sszeszerel\u00e9s<\/b><\/p><p>\u00c1tutal\u00e1ssal vagy bankk\u00e1rty\u00e1s fizet\u00e9ssel rendezett csomag kisz\u00e1ll\u00edt\u00e1s\u00e1t \u00e9s helysz\u00edni \u00f6sszeszerel\u00e9s\u00e9t Magyarorsz\u00e1g teljes ter\u00fclet\u00e9n v\u00e1llaljuk saj\u00e1t g\u00e9pj\u00e1rm\u0171vel, el\u0151re egyeztetett id\u0151pontban. A szolg\u00e1ltat\u00e1s d\u00edja a rendel\u00e9s lead\u00e1sa ut\u00e1n egyedi aj\u00e1nlat alapj\u00e1n ker\u00fcl meghat\u00e1roz\u00e1sra.<\/p><p>Kapcsolat: +36 00 123 4567<\/p><p><b>Sz\u00e1ll\u00edt\u00e1si d\u00edj: egyedi aj\u00e1nlat alapj\u00e1n<\/b><\/p><h2><b>Fizet\u00e9si m\u00f3dok<\/b><\/h2><h3><b>Bank transfer<\/b><\/h3><p>A Vev\u0151 a megrendelt term\u00e9k(ek) v\u00e9tel\u00e1r\u00e1t \u00e9s az esetleges sz\u00e1ll\u00edt\u00e1si d\u00edj \u00f6sszeg\u00e9t a v\u00e1s\u00e1rl\u00e1st visszaigazol\u00f3 e-mailben tal\u00e1lhat\u00f3 banksz\u00e1ml\u00e1ra 8 napon bel\u00fcl k\u00f6teles \u00e1tutalni. Az \u00f6sszeg Szolg\u00e1ltat\u00f3 banksz\u00e1ml\u00e1j\u00e1n t\u00f6rt\u00e9n\u0151 j\u00f3v\u00e1\u00edr\u00e1s\u00e1t k\u00f6vet\u0151en a Vev\u0151 e-mailben fog t\u00e1j\u00e9koztat\u00e1st kapni a megrendelt term\u00e9k(ek) v\u00e1rhat\u00f3 sz\u00e1ll\u00edt\u00e1si vagy &#8211; amennyiben szem\u00e9lyes \u00e1tv\u00e9teli m\u00f3dot v\u00e1lasztott &#8211; \u00e1tv\u00e9teli idej\u00e9r\u0151l.<\/p><h3><b>Bankk\u00e1rty\u00e1s fizet\u00e9s<\/b><\/h3><p>Web\u00e1ruh\u00e1zunk a Raiffeisen Bank \u00e1ltal biztos\u00edtott biztons\u00e1gos bankk\u00e1rty\u00e1s fizet\u00e9si megold\u00e1st ny\u00fajtja Vev\u0151inek. A biztons\u00e1got az adatok sz\u00e9tv\u00e1laszt\u00e1sa alapozza meg. A Szolg\u00e1ltat\u00f3 a megrendel\u00e9ssel kapcsolatos inform\u00e1ci\u00f3kat kapja meg a Vev\u0151t\u0151l, a Raiffeisen Bank pedig kiz\u00e1r\u00f3lag a fizet\u00e9si tranzakci\u00f3hoz sz\u00fcks\u00e9ges k\u00e1rtyaadatokat a 256 bites TLS titkos\u00edt\u00e1ssal ell\u00e1tott fizet\u0151oldalon. A fizet\u0151oldal adattartalm\u00e1r\u00f3l a Szolg\u00e1ltat\u00f3 nem \u00e9rtes\u00fcl, azokat csak a Raiffeisen Bank \u00e9rheti el. A tranzakci\u00f3 eredm\u00e9ny\u00e9r\u0151l a fizet\u00e9st k\u00f6vet\u0151en a Szolg\u00e1ltat\u00f3 oldala t\u00e1j\u00e9koztatja. A k\u00e1rty\u00e1s fizet\u00e9shez a Vev\u0151 internet b\u00f6ng\u00e9sz\u0151 programj\u00e1nak t\u00e1mogatnia kell a TLS titkos\u00edt\u00e1st.<\/p><p>A megrendelt term\u00e9k(ek) ellen\u00e9rt\u00e9ke, a kifizetett \u00f6sszeg azonnal z\u00e1rol\u00e1sra ker\u00fcl a k\u00e1rty\u00e1hoz tartoz\u00f3 sz\u00e1ml\u00e1j\u00e1n.<\/p><h3><b>Ut\u00e1nv\u00e9tel<\/b><\/h3><p>Amennyiben a rendel\u00e9s \u00e9rt\u00e9k\u00e9t a csomag k\u00e9zhezv\u00e9telekor k\u00edv\u00e1nja kiegyenl\u00edteni, akkor v\u00e1lassza az &#8222;Ut\u00e1nv\u00e9tel&#8221; fizet\u00e9si m\u00f3dot.<\/p>\t\t\t\t\t\t\t\t<\/div>\n\t\t\t\t<\/div>\n\t\t\t\t\t<\/div>\n\t\t\t\t<\/div>\n\t\t\t\t<\/div>","protected":false},"excerpt":{"rendered":"<p>Sz\u00e1ll\u00edt\u00e1si m\u00f3dok, sz\u00e1ll\u00edt\u00e1si d\u00edjak Szem\u00e9lyes \u00e1tv\u00e9tel \u00c1tutal\u00e1ssal vagy bankk\u00e1rty\u00e1s fizet\u00e9ssel rendezett csomag szem\u00e9lyes \u00e1tv\u00e9tel\u00e9re lehet\u0151s\u00e9g van a rakt\u00e1runkban.A rakt\u00e1r c\u00edme: 6100 Kiskunf\u00e9legyh\u00e1za, Csongr\u00e1di \u00fat 112\/a. (T\u00e9rk\u00e9p)Az \u00e1tv\u00e9tel legkor\u00e1bbi id\u0151pontj\u00e1r\u00f3l emailben k\u00fcld\u00fcnk t\u00e1j\u00e9koztat\u00e1st a rendel\u00e9s feldolgoz\u00e1sa ut\u00e1n. Sz\u00e1ll\u00edt\u00e1si d\u00edj: 0 Ft GLS fut\u00e1rszolg\u00e1lat Csomagj\u00e1t k\u00e9rheti GLS h\u00e1zhozsz\u00e1ll\u00edt\u00e1ssal. A kisz\u00e1ll\u00edt\u00e1sokat munkanapokon (h\u00e9tf\u0151t\u0151l p\u00e9ntekig) 8 \u00e9s 17 \u00f3ra [&hellip;]<\/p>","protected":false},"author":2,"featured_media":0,"parent":0,"menu_order":0,"comment_status":"closed","ping_status":"closed","template":"","meta":{"footnotes":""},"class_list":["post-14824","page","type-page","status-publish","hentry"],"yoast_head":"<!-- This site is optimized with the Yoast SEO plugin v25.0 - https:\/\/yoast.com\/wordpress\/plugins\/seo\/ -->\n<title>Sz\u00e1ll\u00edt\u00e1si \u00e9s fizet\u00e9si inform\u00e1ci\u00f3k - REBOUND SPORTS - Teniszp\u00e1ly\u00e1k vil\u00e1gsz\u00ednvonalon!<\/title>\n<meta name=\"robots\" content=\"index, follow, max-snippet:-1, max-image-preview:large, max-video-preview:-1\" \/>\n<link rel=\"canonical\" href=\"https:\/\/reboundsports.hu\/en\/szallitasi-fizetesi-informaciok\/\" \/>\n<meta property=\"og:locale\" content=\"en_US\" \/>\n<meta property=\"og:type\" content=\"article\" \/>\n<meta property=\"og:title\" content=\"Sz\u00e1ll\u00edt\u00e1si \u00e9s fizet\u00e9si inform\u00e1ci\u00f3k - REBOUND SPORTS - Teniszp\u00e1ly\u00e1k vil\u00e1gsz\u00ednvonalon!\" \/>\n<meta property=\"og:description\" content=\"Sz\u00e1ll\u00edt\u00e1si m\u00f3dok, sz\u00e1ll\u00edt\u00e1si d\u00edjak Szem\u00e9lyes \u00e1tv\u00e9tel \u00c1tutal\u00e1ssal vagy bankk\u00e1rty\u00e1s fizet\u00e9ssel rendezett csomag szem\u00e9lyes \u00e1tv\u00e9tel\u00e9re lehet\u0151s\u00e9g van a rakt\u00e1runkban.A rakt\u00e1r c\u00edme: 6100 Kiskunf\u00e9legyh\u00e1za, Csongr\u00e1di \u00fat 112\/a. (T\u00e9rk\u00e9p)Az \u00e1tv\u00e9tel legkor\u00e1bbi id\u0151pontj\u00e1r\u00f3l emailben k\u00fcld\u00fcnk t\u00e1j\u00e9koztat\u00e1st a rendel\u00e9s feldolgoz\u00e1sa ut\u00e1n. Sz\u00e1ll\u00edt\u00e1si d\u00edj: 0 Ft GLS fut\u00e1rszolg\u00e1lat Csomagj\u00e1t k\u00e9rheti GLS h\u00e1zhozsz\u00e1ll\u00edt\u00e1ssal. A kisz\u00e1ll\u00edt\u00e1sokat munkanapokon (h\u00e9tf\u0151t\u0151l p\u00e9ntekig) 8 \u00e9s 17 \u00f3ra [&hellip;]\" \/>\n<meta property=\"og:url\" content=\"https:\/\/reboundsports.hu\/en\/szallitasi-fizetesi-informaciok\/\" \/>\n<meta property=\"og:site_name\" content=\"REBOUND SPORTS - Teniszp\u00e1ly\u00e1k vil\u00e1gsz\u00ednvonalon!\" \/>\n<meta property=\"article:publisher\" content=\"https:\/\/www.facebook.com\/reboundsports.hu\" \/>\n<meta property=\"article:modified_time\" content=\"2026-03-08T19:11:18+00:00\" \/>\n<meta name=\"twitter:card\" content=\"summary_large_image\" \/>\n<meta name=\"twitter:label1\" content=\"Est. reading time\" \/>\n\t<meta name=\"twitter:data1\" content=\"3 minutes\" \/>\n<script type=\"application\/ld+json\" class=\"yoast-schema-graph\">{\"@context\":\"https:\/\/schema.org\",\"@graph\":[{\"@type\":\"WebPage\",\"@id\":\"https:\/\/reboundsports.hu\/szallitasi-fizetesi-informaciok\/\",\"url\":\"https:\/\/reboundsports.hu\/szallitasi-fizetesi-informaciok\/\",\"name\":\"Sz\u00e1ll\u00edt\u00e1si \u00e9s fizet\u00e9si inform\u00e1ci\u00f3k - REBOUND SPORTS - Teniszp\u00e1ly\u00e1k vil\u00e1gsz\u00ednvonalon!\",\"isPartOf\":{\"@id\":\"https:\/\/reboundsports.hu\/#website\"},\"datePublished\":\"2026-03-08T18:59:28+00:00\",\"dateModified\":\"2026-03-08T19:11:18+00:00\",\"breadcrumb\":{\"@id\":\"https:\/\/reboundsports.hu\/szallitasi-fizetesi-informaciok\/#breadcrumb\"},\"inLanguage\":\"en-US\",\"potentialAction\":[{\"@type\":\"ReadAction\",\"target\":[\"https:\/\/reboundsports.hu\/szallitasi-fizetesi-informaciok\/\"]}]},{\"@type\":\"BreadcrumbList\",\"@id\":\"https:\/\/reboundsports.hu\/szallitasi-fizetesi-informaciok\/#breadcrumb\",\"itemListElement\":[{\"@type\":\"ListItem\",\"position\":1,\"name\":\"Kezd\u0151lap\",\"item\":\"https:\/\/reboundsports.hu\/\"},{\"@type\":\"ListItem\",\"position\":2,\"name\":\"Sz\u00e1ll\u00edt\u00e1si \u00e9s fizet\u00e9si inform\u00e1ci\u00f3k\"}]},{\"@type\":\"WebSite\",\"@id\":\"https:\/\/reboundsports.hu\/#website\",\"url\":\"https:\/\/reboundsports.hu\/\",\"name\":\"REBOUND SPORTS - Teniszp\u00e1ly\u00e1k vil\u00e1gsz\u00ednvonalon!\",\"description\":\"PROFESSZION\u00c1LIS TENISZP\u00c1LY\u00c1K B\u00c1RHOL B\u00c1RMIKOR!\",\"publisher\":{\"@id\":\"https:\/\/reboundsports.hu\/#organization\"},\"potentialAction\":[{\"@type\":\"SearchAction\",\"target\":{\"@type\":\"EntryPoint\",\"urlTemplate\":\"https:\/\/reboundsports.hu\/?s={search_term_string}\"},\"query-input\":{\"@type\":\"PropertyValueSpecification\",\"valueRequired\":true,\"valueName\":\"search_term_string\"}}],\"inLanguage\":\"en-US\"},{\"@type\":\"Organization\",\"@id\":\"https:\/\/reboundsports.hu\/#organization\",\"name\":\"Rebound Sports Kft.\",\"alternateName\":\"Rebound Sports\",\"url\":\"https:\/\/reboundsports.hu\/\",\"logo\":{\"@type\":\"ImageObject\",\"inLanguage\":\"en-US\",\"@id\":\"https:\/\/reboundsports.hu\/#\/schema\/logo\/image\/\",\"url\":\"http:\/\/reboundsports.hu\/wp-content\/uploads\/2021\/10\/reboundlogo.png\",\"contentUrl\":\"http:\/\/reboundsports.hu\/wp-content\/uploads\/2021\/10\/reboundlogo.png\",\"width\":784,\"height\":305,\"caption\":\"Rebound Sports Kft.\"},\"image\":{\"@id\":\"https:\/\/reboundsports.hu\/#\/schema\/logo\/image\/\"},\"sameAs\":[\"https:\/\/www.facebook.com\/reboundsports.hu\",\"https:\/\/www.instagram.com\/reboundsportskft\"]}]}<\/script>\n<!-- \/ Yoast SEO plugin. -->","yoast_head_json":{"title":"Sz\u00e1ll\u00edt\u00e1si \u00e9s fizet\u00e9si inform\u00e1ci\u00f3k - REBOUND SPORTS - Teniszp\u00e1ly\u00e1k vil\u00e1gsz\u00ednvonalon!","robots":{"index":"index","follow":"follow","max-snippet":"max-snippet:-1","max-image-preview":"max-image-preview:large","max-video-preview":"max-video-preview:-1"},"canonical":"https:\/\/reboundsports.hu\/en\/szallitasi-fizetesi-informaciok\/","og_locale":"en_US","og_type":"article","og_title":"Sz\u00e1ll\u00edt\u00e1si \u00e9s fizet\u00e9si inform\u00e1ci\u00f3k - REBOUND SPORTS - Teniszp\u00e1ly\u00e1k vil\u00e1gsz\u00ednvonalon!","og_description":"Sz\u00e1ll\u00edt\u00e1si m\u00f3dok, sz\u00e1ll\u00edt\u00e1si d\u00edjak Szem\u00e9lyes \u00e1tv\u00e9tel \u00c1tutal\u00e1ssal vagy bankk\u00e1rty\u00e1s fizet\u00e9ssel rendezett csomag szem\u00e9lyes \u00e1tv\u00e9tel\u00e9re lehet\u0151s\u00e9g van a rakt\u00e1runkban.A rakt\u00e1r c\u00edme: 6100 Kiskunf\u00e9legyh\u00e1za, Csongr\u00e1di \u00fat 112\/a. (T\u00e9rk\u00e9p)Az \u00e1tv\u00e9tel legkor\u00e1bbi id\u0151pontj\u00e1r\u00f3l emailben k\u00fcld\u00fcnk t\u00e1j\u00e9koztat\u00e1st a rendel\u00e9s feldolgoz\u00e1sa ut\u00e1n. Sz\u00e1ll\u00edt\u00e1si d\u00edj: 0 Ft GLS fut\u00e1rszolg\u00e1lat Csomagj\u00e1t k\u00e9rheti GLS h\u00e1zhozsz\u00e1ll\u00edt\u00e1ssal. A kisz\u00e1ll\u00edt\u00e1sokat munkanapokon (h\u00e9tf\u0151t\u0151l p\u00e9ntekig) 8 \u00e9s 17 \u00f3ra [&hellip;]","og_url":"https:\/\/reboundsports.hu\/en\/szallitasi-fizetesi-informaciok\/","og_site_name":"REBOUND SPORTS - Teniszp\u00e1ly\u00e1k vil\u00e1gsz\u00ednvonalon!","article_publisher":"https:\/\/www.facebook.com\/reboundsports.hu","article_modified_time":"2026-03-08T19:11:18+00:00","twitter_card":"summary_large_image","twitter_misc":{"Est. reading time":"3 minutes"},"schema":{"@context":"https:\/\/schema.org","@graph":[{"@type":"WebPage","@id":"https:\/\/reboundsports.hu\/szallitasi-fizetesi-informaciok\/","url":"https:\/\/reboundsports.hu\/szallitasi-fizetesi-informaciok\/","name":"Sz\u00e1ll\u00edt\u00e1si \u00e9s fizet\u00e9si inform\u00e1ci\u00f3k - REBOUND SPORTS - Teniszp\u00e1ly\u00e1k vil\u00e1gsz\u00ednvonalon!","isPartOf":{"@id":"https:\/\/reboundsports.hu\/#website"},"datePublished":"2026-03-08T18:59:28+00:00","dateModified":"2026-03-08T19:11:18+00:00","breadcrumb":{"@id":"https:\/\/reboundsports.hu\/szallitasi-fizetesi-informaciok\/#breadcrumb"},"inLanguage":"en-US","potentialAction":[{"@type":"ReadAction","target":["https:\/\/reboundsports.hu\/szallitasi-fizetesi-informaciok\/"]}]},{"@type":"BreadcrumbList","@id":"https:\/\/reboundsports.hu\/szallitasi-fizetesi-informaciok\/#breadcrumb","itemListElement":[{"@type":"ListItem","position":1,"name":"Kezd\u0151lap","item":"https:\/\/reboundsports.hu\/"},{"@type":"ListItem","position":2,"name":"Sz\u00e1ll\u00edt\u00e1si \u00e9s fizet\u00e9si inform\u00e1ci\u00f3k"}]},{"@type":"WebSite","@id":"https:\/\/reboundsports.hu\/#website","url":"https:\/\/reboundsports.hu\/","name":"REBOUND SPORTS - Teniszp\u00e1ly\u00e1k vil\u00e1gsz\u00ednvonalon!","description":"PROFESSZION\u00c1LIS TENISZP\u00c1LY\u00c1K B\u00c1RHOL B\u00c1RMIKOR!","publisher":{"@id":"https:\/\/reboundsports.hu\/#organization"},"potentialAction":[{"@type":"SearchAction","target":{"@type":"EntryPoint","urlTemplate":"https:\/\/reboundsports.hu\/?s={search_term_string}"},"query-input":{"@type":"PropertyValueSpecification","valueRequired":true,"valueName":"search_term_string"}}],"inLanguage":"en-US"},{"@type":"Organization","@id":"https:\/\/reboundsports.hu\/#organization","name":"Rebound Sports Kft.","alternateName":"Rebound Sports","url":"https:\/\/reboundsports.hu\/","logo":{"@type":"ImageObject","inLanguage":"en-US","@id":"https:\/\/reboundsports.hu\/#\/schema\/logo\/image\/","url":"http:\/\/reboundsports.hu\/wp-content\/uploads\/2021\/10\/reboundlogo.png","contentUrl":"http:\/\/reboundsports.hu\/wp-content\/uploads\/2021\/10\/reboundlogo.png","width":784,"height":305,"caption":"Rebound Sports Kft."},"image":{"@id":"https:\/\/reboundsports.hu\/#\/schema\/logo\/image\/"},"sameAs":["https:\/\/www.facebook.com\/reboundsports.hu","https:\/\/www.instagram.com\/reboundsportskft"]}]}},"_links":{"self":[{"href":"https:\/\/reboundsports.hu\/en\/wp-json\/wp\/v2\/pages\/14824","targetHints":{"allow":["GET"]}}],"collection":[{"href":"https:\/\/reboundsports.hu\/en\/wp-json\/wp\/v2\/pages"}],"about":[{"href":"https:\/\/reboundsports.hu\/en\/wp-json\/wp\/v2\/types\/page"}],"author":[{"embeddable":true,"href":"https:\/\/reboundsports.hu\/en\/wp-json\/wp\/v2\/users\/2"}],"replies":[{"embeddable":true,"href":"https:\/\/reboundsports.hu\/en\/wp-json\/wp\/v2\/comments?post=14824"}],"version-history":[{"count":0,"href":"https:\/\/reboundsports.hu\/en\/wp-json\/wp\/v2\/pages\/14824\/revisions"}],"wp:attachment":[{"href":"https:\/\/reboundsports.hu\/en\/wp-json\/wp\/v2\/media?parent=14824"}],"curies":[{"name":"wp","href":"https:\/\/api.w.org\/{rel}","templated":true}]}}