{"id":14785,"date":"2026-03-06T00:28:58","date_gmt":"2026-03-06T00:28:58","guid":{"rendered":"https:\/\/reboundsports.hu\/?page_id=14785"},"modified":"2026-03-08T17:47:00","modified_gmt":"2026-03-08T17:47:00","slug":"elallasi-feltetelek","status":"publish","type":"page","link":"https:\/\/reboundsports.hu\/en\/elallasi-feltetelek\/","title":{"rendered":"El\u00e1ll\u00e1si felt\u00e9telek"},"content":{"rendered":"<div data-elementor-type=\"wp-page\" data-elementor-id=\"14785\" class=\"elementor elementor-14785\" data-elementor-post-type=\"page\">\n\t\t\t\t<div class=\"elementor-element elementor-element-1c411256 e-flex e-con-boxed e-con e-parent\" data-id=\"1c411256\" data-element_type=\"container\">\n\t\t\t\t\t<div class=\"e-con-inner\">\n\t\t\t\t<div class=\"elementor-element elementor-element-44550853 elementor-widget elementor-widget-text-editor\" data-id=\"44550853\" data-element_type=\"widget\" data-widget_type=\"text-editor.default\">\n\t\t\t\t<div class=\"elementor-widget-container\">\n\t\t\t\t\t\t\t\t\t<h3><b>El\u00e1ll\u00e1si nyilatkozat<\/b><\/h3><p>Az el\u00e1ll\u00e1si nyilatkozat a k\u00f6vetkez\u0151 linken t\u00f6lthet\u0151 le PDF form\u00e1tumban: <a href=\"https:\/\/reboundsports.hu\/en\/rs-elallasi-nyilatkozat\/\">El\u00e1ll\u00e1si_nyilatkozat.pdf<\/a><\/p><h2><b>T\u00e1j\u00e9koztat\u00f3 a fogyaszt\u00f3 vev\u0151t megillet\u0151 el\u00e1ll\u00e1si jogr\u00f3l<\/b><\/h2><p>Fogyaszt\u00f3nak a Ptk. 8:1. \u00a7 1. bekezd\u00e9s 3. pontja szerint csak a szakm\u00e1ja, \u00f6n\u00e1ll\u00f3 foglalkoz\u00e1sa vagy \u00fczleti tev\u00e9kenys\u00e9ge k\u00f6r\u00e9n k\u00edv\u00fcl elj\u00e1r\u00f3 term\u00e9szetes szem\u00e9ly min\u0151s\u00fcl, \u00edgy <b>jogi szem\u00e9lyek nem \u00e9lhetnek az indokol\u00e1s n\u00e9lk\u00fcli el\u00e1ll\u00e1si joggal!<\/b><\/p><p>A fogyaszt\u00f3t a 45\/2014. (II. 26.) Korm. rendelet 20. \u00a7 szerint megilleti az indokol\u00e1s n\u00e9lk\u00fcli el\u00e1ll\u00e1s joga. A fogyaszt\u00f3 az el\u00e1ll\u00e1si jog\u00e1t<\/p><p>a) \u00c1ru ad\u00e1sv\u00e9tel\u00e9re ir\u00e1nyul\u00f3 szerz\u0151d\u00e9s eset\u00e9n<\/p><p><b>\u00a0 aa) <\/b>az \u00c1runak,<br \/>\u00a0 <b>ab) <\/b>t\u00f6bb \u00c1ru ad\u00e1sv\u00e9telekor, ha az egyes \u00c1ruk szolg\u00e1ltat\u00e1sa elt\u00e9r\u0151 id\u0151pontban t\u00f6rt\u00e9nik, az utolj\u00e1ra szolg\u00e1ltatott \u00c1runak,<br \/>\u00a0 <b>ac) <\/b>t\u00f6bb t\u00e9telb\u0151l vagy darabb\u00f3l \u00e1ll\u00f3 \u00e1ru eset\u00e9n az utolj\u00e1ra szolg\u00e1ltatott t\u00e9telnek vagy darabnak,<br \/>\u00a0 <b>ad) <\/b>ha az \u00e1rut meghat\u00e1rozott id\u0151szakon bel\u00fcl rendszeresen kell szolg\u00e1ltatni, az els\u0151 szolg\u00e1ltat\u00e1snak,<\/p><p>a fogyaszt\u00f3 vagy az \u00e1ltala megjel\u00f6lt, a fuvaroz\u00f3t\u00f3l elt\u00e9r\u0151 harmadik szem\u00e9ly \u00e1ltali \u00e1tv\u00e9tel\u00e9nek napj\u00e1t\u00f3l sz\u00e1m\u00edtott hat\u00e1rid\u0151n bel\u00fcl gyakorolhatja, mely hat\u00e1rid\u0151 <b>14 napt\u00e1ri nap<\/b>.<\/p><p>A jelen pontban foglaltak nem \u00e9rintik a fogyaszt\u00f3 azon jog\u00e1t, hogy az e pontban meghat\u00e1rozott el\u00e1ll\u00e1si jog\u00e1t a szerz\u0151d\u00e9s megk\u00f6t\u00e9s\u00e9nek napja \u00e9s az \u00c1ru \u00e1tv\u00e9tel\u00e9nek napja k\u00f6z\u00f6tti id\u0151szakban is gyakorolja.<\/p><p>Ha a szerz\u0151d\u00e9s megk\u00f6t\u00e9s\u00e9re a fogyaszt\u00f3 tett aj\u00e1nlatot, a fogyaszt\u00f3t a szerz\u0151d\u00e9s megk\u00f6t\u00e9se el\u0151tt megilleti az aj\u00e1nlat visszavon\u00e1s\u00e1nak joga, ami a szerz\u0151d\u00e9s megk\u00f6t\u00e9s\u00e9re kiterjed\u0151 aj\u00e1nlati k\u00f6t\u00f6tts\u00e9get megsz\u00fcnteti.<\/p><p>Amennyiben Elad\u00f3 az el\u00e1ll\u00e1si jog gyakorl\u00e1s\u00e1nak hat\u00e1ridej\u00e9r\u0151l \u00e9s egy\u00e9b felt\u00e9teleir\u0151l (k\u00fcl\u00f6n\u00f6sen a Korm. rendelet 22.\u00a7-\u00e1ban foglaltakr\u00f3l), valamint a 2. mell\u00e9klet szerinti nyilatkozat-mint\u00e1r\u00f3l nem t\u00e1j\u00e9koztatta a fogyaszt\u00f3t, a fentiekben \u00edrt el\u00e1ll\u00e1si hat\u00e1rid\u0151 12 h\u00f3nappal meghosszabbodik. Amennyiben az Elad\u00f3 az el\u00e1ll\u00e1si hat\u00e1rid\u0151 lej\u00e1rt\u00e1t k\u00f6vet\u0151 12 h\u00f3napon bel\u00fcl megadta a fogyaszt\u00f3nak az el\u00e1ll\u00e1si jog gyakorl\u00e1s\u00e1val kapcsolatos t\u00e1j\u00e9koztat\u00e1st, az el\u00e1ll\u00e1sra vagy felmond\u00e1sra nyitva \u00e1ll\u00f3 hat\u00e1rid\u0151 az e t\u00e1j\u00e9koztat\u00e1s k\u00f6zl\u00e9s\u00e9t\u0151l sz\u00e1m\u00edtott 14. napon j\u00e1r le.<\/p><h2><b>El\u00e1ll\u00e1si nyilatkozat, a fogyaszt\u00f3t megillet\u0151 el\u00e1ll\u00e1si vagy felmond\u00e1si jog gyakorl\u00e1sa<\/b><\/h2><p>A fogyaszt\u00f3 a 45\/2014. (II. 26.) Korm. rendelet 20. \u00a7-ban biztos\u00edtott jog\u00e1t az erre vonatkoz\u00f3 egy\u00e9rtelm\u0171 nyilatkozat \u00fatj\u00e1n, vagy a honlapr\u00f3l is let\u00f6lthet\u0151 <a href=\"https:\/\/reboundsports.hu\/en\/rs-elallasi-nyilatkozat\/\">nyilatkozat-minta<\/a> felhaszn\u00e1l\u00e1s\u00e1val gyakorolhatja.<\/p><h2><b>A fogyaszt\u00f3 el\u00e1ll\u00e1si nyilatkozat\u00e1nak \u00e9rv\u00e9nyess\u00e9ge<\/b><\/h2><p>Az el\u00e1ll\u00e1si jogot hat\u00e1rid\u0151ben \u00e9rv\u00e9nyes\u00edtettnek kell tekinteni, ha a fogyaszt\u00f3 nyilatkozat\u00e1t hat\u00e1rid\u0151n bel\u00fcl elk\u00fcldi.<\/p><p>\u00cdr\u00e1sban t\u00f6rt\u00e9n\u0151 el\u00e1ll\u00e1s vagy felmond\u00e1s eset\u00e9n elegend\u0151 az el\u00e1ll\u00e1si vagy felmond\u00e1si nyilatkozatot elk\u00fcldeni hat\u00e1rid\u0151n bel\u00fcl.<\/p><p>A fogyaszt\u00f3t terheli annak bizony\u00edt\u00e1sa, hogy az el\u00e1ll\u00e1s jog\u00e1t e rendelkez\u00e9ssel \u00f6sszhangban gyakorolta.<\/p><p>Az Elad\u00f3 a fogyaszt\u00f3 el\u00e1ll\u00e1si nyilatkozat\u00e1t annak meg\u00e9rkez\u00e9s\u00e9t k\u00f6vet\u0151en k\u00f6teles elektronikus adathordoz\u00f3n visszaigazolni.<\/p><h2><b>Az Elad\u00f3 k\u00f6telezetts\u00e9gei a fogyaszt\u00f3 el\u00e1ll\u00e1sa eset\u00e9n<\/b><\/h2><h3><b>Az Elad\u00f3 visszat\u00e9r\u00edt\u00e9si k\u00f6telezetts\u00e9ge<\/b><\/h3><p>Ha a fogyaszt\u00f3 a 45\/2014. (II. 26.) Korm. rendelet 22. \u00a7-nak megfelel\u0151en el\u00e1ll a szerz\u0151d\u00e9st\u0151l, az Elad\u00f3 legk\u00e9s\u0151bb az el\u00e1ll\u00e1sr\u00f3l val\u00f3 tudom\u00e1sszerz\u00e9s\u00e9t\u0151l sz\u00e1m\u00edtott tizenn\u00e9gy napon bel\u00fcl visszat\u00e9r\u00edti a fogyaszt\u00f3 \u00e1ltal ellenszolg\u00e1ltat\u00e1sk\u00e9nt megfizetett teljes \u00f6sszeget, ide\u00e9rtve a teljes\u00edt\u00e9ssel \u00f6sszef\u00fcgg\u00e9sben felmer\u00fclt k\u00f6lts\u00e9geket, \u00edgy a sz\u00e1ll\u00edt\u00e1si d\u00edjat is. Felh\u00edvjuk a figyelm\u00e9t, hogy ez a rendelkez\u00e9s nem vonatkozik a legkev\u00e9sb\u00e9 k\u00f6lts\u00e9ges szok\u00e1sos fuvaroz\u00e1si m\u00f3dt\u00f3l elt\u00e9r\u0151 fuvaroz\u00e1si m\u00f3d v\u00e1laszt\u00e1s\u00e1val okozott t\u00f6bbletk\u00f6lts\u00e9gekre.<\/p><h3><b>Az Elad\u00f3 visszat\u00e9r\u00edt\u00e9si k\u00f6telezetts\u00e9g\u00e9nek m\u00f3dja<\/b><\/h3><p>A 45\/2014. (II. 26.) Korm. rendelet 22. \u00a7-nak megfelel\u0151 el\u00e1ll\u00e1s vagy felmond\u00e1s eset\u00e9n az Elad\u00f3 a fogyaszt\u00f3nak visszaj\u00e1r\u00f3 \u00f6sszeget a fogyaszt\u00f3 \u00e1ltal ig\u00e9nybe vett fizet\u00e9si m\u00f3ddal megegyez\u0151 m\u00f3don t\u00e9r\u00edti vissza. A fogyaszt\u00f3 kifejezett beleegyez\u00e9se alapj\u00e1n az Elad\u00f3 a visszat\u00e9r\u00edt\u00e9sre m\u00e1s fizet\u00e9si m\u00f3dot is alkalmazhat, de a fogyaszt\u00f3t ebb\u0151l ad\u00f3d\u00f3an semmilyen t\u00f6bbletd\u00edj nem terhelheti. A Fogyaszt\u00f3 \u00e1ltal hib\u00e1san \u00e9s\/vagy pontatlanul megadott banksz\u00e1mlasz\u00e1m vagy postai c\u00edm k\u00f6vetkezt\u00e9ben t\u00f6rt\u00e9n\u0151 k\u00e9sedelem miatt az Elad\u00f3-t felel\u0151ss\u00e9g nem terheli.<\/p><h3><b>T\u00f6bbletk\u00f6lts\u00e9gek<\/b><\/h3><p>Ha a fogyaszt\u00f3 kifejezetten a legkev\u00e9sb\u00e9 k\u00f6lts\u00e9ges szok\u00e1sos fuvaroz\u00e1si m\u00f3dt\u00f3l elt\u00e9r\u0151 fuvaroz\u00e1si m\u00f3dot v\u00e1laszt, az Elad\u00f3 nem k\u00f6teles visszat\u00e9r\u00edteni az ebb\u0151l ered\u0151 t\u00f6bbletk\u00f6lts\u00e9geket. Ilyen esetben a felt\u00fcntetett \u00e1ltal\u00e1nos sz\u00e1ll\u00edt\u00e1si d\u00edjt\u00e9telek erej\u00e9ig \u00e1ll fenn visszat\u00e9r\u00edt\u00e9si k\u00f6telezetts\u00e9g\u00fcnk.<\/p><h3><b>Visszatart\u00e1si jog<\/b><\/h3><p>Az Elad\u00f3 mindaddig visszatarthatja a fogyaszt\u00f3nak visszaj\u00e1r\u00f3 \u00f6sszeget, am\u00edg a fogyaszt\u00f3 az \u00c1rut vissza nem szolg\u00e1ltatta, vagy k\u00e9ts\u00e9get kiz\u00e1r\u00f3an nem igazolta, hogy azt visszak\u00fcldte; a kett\u0151 k\u00f6z\u00fcl a kor\u00e1bbi id\u0151pontot kell figyelembe venni. Ut\u00e1nv\u00e9ttel vagy port\u00f3san feladott k\u00fcldem\u00e9nyeket nem \u00e1ll m\u00f3dunkban elfogadni.<\/p><h2><b>A fogyaszt\u00f3 k\u00f6telezetts\u00e9gei el\u00e1ll\u00e1sa vagy felmond\u00e1sa eset\u00e9n<\/b><\/h2><h3><b>Az \u00c1ru visszaszolg\u00e1ltat\u00e1sa<\/b><\/h3><p>Ha a fogyaszt\u00f3 a 45\/2014. (II. 26.) Korm. rendelet 22. \u00a7-nak megfelel\u0151en el\u00e1ll a szerz\u0151d\u00e9st\u0151l, k\u00f6teles az \u00c1rut halad\u00e9ktalanul, de legk\u00e9s\u0151bb az el\u00e1ll\u00e1s k\u00f6zl\u00e9s\u00e9t\u0151l sz\u00e1m\u00edtott tizenn\u00e9gy napon bel\u00fcl visszak\u00fcldeni, illetve az Elad\u00f3nak vagy az Elad\u00f3 \u00e1ltal az \u00c1ru \u00e1tv\u00e9tel\u00e9re meghatalmazott szem\u00e9lynek \u00e1tadni. A visszak\u00fcld\u00e9s hat\u00e1rid\u0151ben teljes\u00edtettnek min\u0151s\u00fcl, ha a fogyaszt\u00f3 az \u00c1rut a hat\u00e1rid\u0151 lej\u00e1rta el\u0151tt elk\u00fcldi.<\/p><h3><b>Az \u00c1ru visszaszolg\u00e1ltat\u00e1s\u00e1val kapcsolatos k\u00f6zvetlen k\u00f6lts\u00e9gek visel\u00e9se<\/b><\/h3><p>A fogyaszt\u00f3 viseli az \u00c1ru visszak\u00fcld\u00e9s\u00e9nek k\u00f6zvetlen k\u00f6lts\u00e9g\u00e9t. Az \u00c1rut az Elad\u00f3 c\u00edm\u00e9re kell visszak\u00fcldeni. Amennyiben az Elad\u00f3 az \u00c1rut \u00fczlethelyis\u00e9gben is \u00e9rt\u00e9kes\u00edti, \u00e9s a fogyaszt\u00f3 a v\u00e1llalkoz\u00e1s \u00fczlethelyis\u00e9g\u00e9ben szem\u00e9lyesen gyakorolja az el\u00e1ll\u00e1si jog\u00e1t, jogosult ezzel egyidej\u0171leg az \u00e1rut visszaadni a v\u00e1llalkoz\u00e1snak. Ha a fogyaszt\u00f3 a teljes\u00edt\u00e9s megkezd\u00e9s\u00e9t k\u00f6vet\u0151en felmondja az \u00fczlethelyis\u00e9gen k\u00edv\u00fcl vagy t\u00e1voll\u00e9v\u0151k k\u00f6z\u00f6tt k\u00f6t\u00f6tt &#8211; szolg\u00e1ltat\u00e1s ny\u00fajt\u00e1sra vonatkoz\u00f3 &#8211; szerz\u0151d\u00e9st, k\u00f6teles a felmond\u00e1s v\u00e1llalkoz\u00e1ssal val\u00f3 k\u00f6zl\u00e9se id\u0151pontj\u00e1ig teljes\u00edtett szolg\u00e1ltat\u00e1ssal ar\u00e1nyos d\u00edjat a v\u00e1llalkoz\u00e1s sz\u00e1m\u00e1ra megfizetni. A fogyaszt\u00f3 \u00e1ltal ar\u00e1nyosan fizetend\u0151 \u00f6sszeget a szerz\u0151d\u00e9sben meg\u00e1llap\u00edtott ellenszolg\u00e1ltat\u00e1s ad\u00f3val n\u00f6velt teljes \u00f6sszege alapj\u00e1n kell meg\u00e1llap\u00edtani. Ha a fogyaszt\u00f3 bizony\u00edtja, hogy az ily m\u00f3don meg\u00e1llap\u00edtott teljes \u00f6sszeg t\u00falzottan magas, az ar\u00e1nyos \u00f6sszeget a szerz\u0151d\u00e9s megsz\u0171n\u00e9s\u00e9nek id\u0151pontj\u00e1ig teljes\u00edtett szolg\u00e1ltat\u00e1sok piaci \u00e9rt\u00e9ke alapj\u00e1n kell kisz\u00e1m\u00edtani. K\u00e9rj\u00fck vegye figyelembe, hogy ut\u00e1nv\u00e9ttel vagy port\u00f3san visszak\u00fcld\u00f6tt \u00c1rut nem \u00e1ll m\u00f3dunkban \u00e1tvenni.<\/p><h3><b>Fogyaszt\u00f3 felel\u0151ss\u00e9ge az \u00e9rt\u00e9kcs\u00f6kken\u00e9s\u00e9rt<\/b><\/h3><p>A fogyaszt\u00f3 az \u00c1ru jelleg\u00e9nek, tulajdons\u00e1gainak \u00e9s m\u0171k\u00f6d\u00e9s\u00e9nek meg\u00e1llap\u00edt\u00e1s\u00e1hoz sz\u00fcks\u00e9ges haszn\u00e1latot meghalad\u00f3 haszn\u00e1latb\u00f3l ered\u0151 \u00e9rt\u00e9kcs\u00f6kken\u00e9s\u00e9rt felel.<\/p><h2><b>Az el\u00e1ll\u00e1si jog az al\u00e1bbi esetekben nem gyakorolhat\u00f3<\/b><\/h2><p>Az Elad\u00f3 kifejezetten felh\u00edvja az \u00d6n figyelm\u00e9t, hogy \u00d6n nem gyakorolhatja el\u00e1ll\u00e1si jog\u00e1t a 45\/2014 (II.26.) Korm. Rendelet 29. \u00a7. (1) bekezd\u00e9s\u00e9ben foglalt esetekben:<\/p><ol><li aria-level=\"2\">a szolg\u00e1ltat\u00e1s marad\u00e9ktalan teljes\u00edt\u00e9se ut\u00e1n, azonban ha szerz\u0151d\u00e9s fizet\u00e9si k\u00f6telezetts\u00e9get keletkeztet a fogyaszt\u00f3 sz\u00e1m\u00e1ra, jelen kiv\u00e9teli esetre csak akkor lehet hivatkozni, ha a teljes\u00edt\u00e9s a fogyaszt\u00f3 kifejezett el\u0151zetes beleegyez\u00e9s\u00e9vel \u00e9s annak a fogyaszt\u00f3 \u00e1ltali tudom\u00e1sulv\u00e9tel\u00e9vel kezd\u0151d\u00f6tt meg, hogy elvesz\u00edti el\u00e1ll\u00e1si jog\u00e1t, amint a v\u00e1llalkoz\u00e1s marad\u00e9ktalanul teljes\u00edtette a szerz\u0151d\u00e9st;<\/li><li aria-level=\"2\">olyan \u00c1ru vagy szolg\u00e1ltat\u00e1s tekintet\u00e9ben, amelynek \u00e1ra, illetve d\u00edja a p\u00e9nzpiac v\u00e1llalkoz\u00e1s \u00e1ltal nem befoly\u00e1solhat\u00f3, az el\u00e1ll\u00e1si jog gyakorl\u00e1s\u00e1ra meghat\u00e1rozott hat\u00e1rid\u0151 alatt is lehets\u00e9ges ingadoz\u00e1s\u00e1t\u00f3l f\u00fcgg;<\/li><li aria-level=\"2\">olyan nem el\u0151re gy\u00e1rtott \u00c1ru eset\u00e9ben, amelyet a fogyaszt\u00f3 utas\u00edt\u00e1sa alapj\u00e1n vagy kifejezett k\u00e9r\u00e9s\u00e9re \u00e1ll\u00edtottak el\u0151, vagy olyan \u00c1ru eset\u00e9ben, amelyet egy\u00e9rtelm\u0171en a fogyaszt\u00f3 szem\u00e9ly\u00e9re szabtak;<\/li><li aria-level=\"2\">romland\u00f3 vagy min\u0151s\u00e9g\u00e9t r\u00f6vid ideig meg\u0151rz\u0151 \u00c1ru tekintet\u00e9ben;<\/li><li aria-level=\"2\">olyan z\u00e1rt csomagol\u00e1s\u00fa \u00c1ru tekintet\u00e9ben, amely eg\u00e9szs\u00e9gv\u00e9delmi vagy higi\u00e9niai okokb\u00f3l az \u00e1tad\u00e1st k\u00f6vet\u0151 felbont\u00e1sa ut\u00e1n nem k\u00fcldhet\u0151 vissza (Figyelmeztetj\u00fck \u00d6nt, hogy olyan z\u00e1rt csomagol\u00e1s\u00fa \u00e1ru tekintet\u00e9ben, amely eg\u00e9szs\u00e9gv\u00e9delmi vagy higi\u00e9niai okokb\u00f3l az \u00e1tad\u00e1st k\u00f6vet\u0151 felbont\u00e1sa ut\u00e1n nem k\u00fcldhet\u0151 vissza, az \u00c1ru jelleg\u00e9nek, tulajdons\u00e1gainak \u00e9s m\u0171k\u00f6d\u00e9s\u00e9nek meg\u00e1llap\u00edt\u00e1s\u00e1hoz sz\u00fcks\u00e9ges haszn\u00e1lat az el\u00e1ll\u00e1si jog elveszt\u00e9s\u00e9t eredm\u00e9nyezi.);<\/li><li aria-level=\"2\">olyan \u00c1ru tekintet\u00e9ben, amely jelleg\u00e9n\u00e9l fogva az \u00e1tad\u00e1st k\u00f6vet\u0151en elv\u00e1laszthatatlanul vegy\u00fcl m\u00e1s \u00c1ruval;<\/li><li aria-level=\"2\">olyan alkoholtartalm\u00fa ital tekintet\u00e9ben, amelynek t\u00e9nyleges \u00e9rt\u00e9ke a v\u00e1llalkoz\u00e1s \u00e1ltal nem befoly\u00e1solhat\u00f3 m\u00f3don a piaci ingadoz\u00e1sokt\u00f3l f\u00fcgg, \u00e9s amelynek \u00e1r\u00e1r\u00f3l a felek az ad\u00e1sv\u00e9teli szerz\u0151d\u00e9s megk\u00f6t\u00e9sekor \u00e1llapodtak meg, azonban a szerz\u0151d\u00e9s teljes\u00edt\u00e9s\u00e9re csak a megk\u00f6t\u00e9st\u0151l sz\u00e1m\u00edtott harmincadik napot k\u00f6vet\u0151en ker\u00fcl sor;<\/li><li aria-level=\"2\">olyan v\u00e1llalkoz\u00e1si szerz\u0151d\u00e9s eset\u00e9ben, amelyn\u00e9l a v\u00e1llalkoz\u00e1s a fogyaszt\u00f3 kifejezett k\u00e9r\u00e9s\u00e9re keresi fel a fogyaszt\u00f3t s\u00fcrg\u0151s jav\u00edt\u00e1si vagy karbantart\u00e1si munk\u00e1latok elv\u00e9gz\u00e9se c\u00e9lj\u00e1b\u00f3l;<\/li><li aria-level=\"2\">lez\u00e1rt csomagol\u00e1s\u00fa hang-, illetve k\u00e9pfelv\u00e9tel, valamint sz\u00e1m\u00edt\u00f3g\u00e9pes szoftver p\u00e9ld\u00e1ny\u00e1nak ad\u00e1sv\u00e9tele tekintet\u00e9ben, ha az \u00e1tad\u00e1st k\u00f6vet\u0151en a fogyaszt\u00f3 a csomagol\u00e1st felbontotta;<\/li><li aria-level=\"2\">h\u00edrlap, foly\u00f3irat \u00e9s id\u0151szaki lap tekintet\u00e9ben, az el\u0151fizet\u00e9ses szerz\u0151d\u00e9sek kiv\u00e9tel\u00e9vel;<\/li><li aria-level=\"2\">nyilv\u00e1nos \u00e1rver\u00e9sen megk\u00f6t\u00f6tt szerz\u0151d\u00e9sek eset\u00e9ben;<\/li><li aria-level=\"2\">lak\u00e1sc\u00e9l\u00fa szolg\u00e1ltat\u00e1s kiv\u00e9tel\u00e9vel sz\u00e1ll\u00e1sny\u00fajt\u00e1sra ir\u00e1nyul\u00f3 szerz\u0151d\u00e9s, fuvaroz\u00e1s, szem\u00e9lyg\u00e9pj\u00e1rm\u0171- k\u00f6lcs\u00f6nz\u00e9s, \u00e9tkeztet\u00e9s vagy szabadid\u0151s tev\u00e9kenys\u00e9gekhez kapcsol\u00f3d\u00f3 szolg\u00e1ltat\u00e1sra ir\u00e1nyul\u00f3 szerz\u0151d\u00e9s eset\u00e9ben, ha a szerz\u0151d\u00e9sben meghat\u00e1rozott teljes\u00edt\u00e9si hat\u00e1rnapot vagy hat\u00e1rid\u0151t k\u00f6t\u00f6ttek ki;<\/li><li aria-level=\"2\">a nem t\u00e1rgyi adathordoz\u00f3n ny\u00fajtott digit\u00e1lis tartalom tekintet\u00e9ben, ha az Elad\u00f3 a fogyaszt\u00f3 kifejezett, el\u0151zetes beleegyez\u00e9s\u00e9vel kezdte meg a teljes\u00edt\u00e9st, \u00e9s a fogyaszt\u00f3 e beleegyez\u00e9s\u00e9vel egyidej\u0171leg nyilatkozott annak tudom\u00e1sul v\u00e9tel\u00e9r\u0151l, hogy a teljes\u00edt\u00e9s megkezd\u00e9s\u00e9t k\u00f6vet\u0151en elvesz\u00edti az el\u00e1ll\u00e1si jog\u00e1t, tov\u00e1bb\u00e1 a v\u00e1llalkoz\u00e1s visszaigazol\u00e1st k\u00fcld\u00f6tt a fogyaszt\u00f3 r\u00e9sz\u00e9re.<\/li><\/ol>\t\t\t\t\t\t\t\t<\/div>\n\t\t\t\t<\/div>\n\t\t\t\t\t<\/div>\n\t\t\t\t<\/div>\n\t\t\t\t<\/div>","protected":false},"excerpt":{"rendered":"<p>El\u00e1ll\u00e1si nyilatkozat Az el\u00e1ll\u00e1si nyilatkozat a k\u00f6vetkez\u0151 linken t\u00f6lthet\u0151 le PDF form\u00e1tumban: El\u00e1ll\u00e1si_nyilatkozat.pdf T\u00e1j\u00e9koztat\u00f3 a fogyaszt\u00f3 vev\u0151t megillet\u0151 el\u00e1ll\u00e1si jogr\u00f3l Fogyaszt\u00f3nak a Ptk. 8:1. \u00a7 1. bekezd\u00e9s 3. pontja szerint csak a szakm\u00e1ja, \u00f6n\u00e1ll\u00f3 foglalkoz\u00e1sa vagy \u00fczleti tev\u00e9kenys\u00e9ge k\u00f6r\u00e9n k\u00edv\u00fcl elj\u00e1r\u00f3 term\u00e9szetes szem\u00e9ly min\u0151s\u00fcl, \u00edgy jogi szem\u00e9lyek nem \u00e9lhetnek az indokol\u00e1s n\u00e9lk\u00fcli el\u00e1ll\u00e1si joggal! A [&hellip;]<\/p>","protected":false},"author":2,"featured_media":0,"parent":0,"menu_order":0,"comment_status":"closed","ping_status":"closed","template":"","meta":{"footnotes":""},"class_list":["post-14785","page","type-page","status-publish","hentry"],"yoast_head":"<!-- This site is optimized with the Yoast SEO plugin v25.0 - https:\/\/yoast.com\/wordpress\/plugins\/seo\/ -->\n<title>El\u00e1ll\u00e1si felt\u00e9telek - REBOUND SPORTS - Teniszp\u00e1ly\u00e1k vil\u00e1gsz\u00ednvonalon!<\/title>\n<meta name=\"robots\" content=\"index, follow, max-snippet:-1, max-image-preview:large, max-video-preview:-1\" \/>\n<link rel=\"canonical\" href=\"https:\/\/reboundsports.hu\/en\/elallasi-feltetelek\/\" \/>\n<meta property=\"og:locale\" content=\"en_US\" \/>\n<meta property=\"og:type\" content=\"article\" \/>\n<meta property=\"og:title\" content=\"El\u00e1ll\u00e1si felt\u00e9telek - REBOUND SPORTS - Teniszp\u00e1ly\u00e1k vil\u00e1gsz\u00ednvonalon!\" \/>\n<meta property=\"og:description\" content=\"El\u00e1ll\u00e1si nyilatkozat Az el\u00e1ll\u00e1si nyilatkozat a k\u00f6vetkez\u0151 linken t\u00f6lthet\u0151 le PDF form\u00e1tumban: El\u00e1ll\u00e1si_nyilatkozat.pdf T\u00e1j\u00e9koztat\u00f3 a fogyaszt\u00f3 vev\u0151t megillet\u0151 el\u00e1ll\u00e1si jogr\u00f3l Fogyaszt\u00f3nak a Ptk. 8:1. \u00a7 1. bekezd\u00e9s 3. pontja szerint csak a szakm\u00e1ja, \u00f6n\u00e1ll\u00f3 foglalkoz\u00e1sa vagy \u00fczleti tev\u00e9kenys\u00e9ge k\u00f6r\u00e9n k\u00edv\u00fcl elj\u00e1r\u00f3 term\u00e9szetes szem\u00e9ly min\u0151s\u00fcl, \u00edgy jogi szem\u00e9lyek nem \u00e9lhetnek az indokol\u00e1s n\u00e9lk\u00fcli el\u00e1ll\u00e1si joggal! A [&hellip;]\" \/>\n<meta property=\"og:url\" content=\"https:\/\/reboundsports.hu\/en\/elallasi-feltetelek\/\" \/>\n<meta property=\"og:site_name\" content=\"REBOUND SPORTS - Teniszp\u00e1ly\u00e1k vil\u00e1gsz\u00ednvonalon!\" \/>\n<meta property=\"article:publisher\" content=\"https:\/\/www.facebook.com\/reboundsports.hu\" \/>\n<meta property=\"article:modified_time\" content=\"2026-03-08T17:47:00+00:00\" \/>\n<meta name=\"twitter:card\" content=\"summary_large_image\" \/>\n<meta name=\"twitter:label1\" content=\"Est. reading time\" \/>\n\t<meta name=\"twitter:data1\" content=\"7 minutes\" \/>\n<script type=\"application\/ld+json\" class=\"yoast-schema-graph\">{\"@context\":\"https:\/\/schema.org\",\"@graph\":[{\"@type\":\"WebPage\",\"@id\":\"https:\/\/reboundsports.hu\/elallasi-feltetelek\/\",\"url\":\"https:\/\/reboundsports.hu\/elallasi-feltetelek\/\",\"name\":\"El\u00e1ll\u00e1si felt\u00e9telek - REBOUND SPORTS - Teniszp\u00e1ly\u00e1k vil\u00e1gsz\u00ednvonalon!\",\"isPartOf\":{\"@id\":\"https:\/\/reboundsports.hu\/#website\"},\"datePublished\":\"2026-03-06T00:28:58+00:00\",\"dateModified\":\"2026-03-08T17:47:00+00:00\",\"breadcrumb\":{\"@id\":\"https:\/\/reboundsports.hu\/elallasi-feltetelek\/#breadcrumb\"},\"inLanguage\":\"en-US\",\"potentialAction\":[{\"@type\":\"ReadAction\",\"target\":[\"https:\/\/reboundsports.hu\/elallasi-feltetelek\/\"]}]},{\"@type\":\"BreadcrumbList\",\"@id\":\"https:\/\/reboundsports.hu\/elallasi-feltetelek\/#breadcrumb\",\"itemListElement\":[{\"@type\":\"ListItem\",\"position\":1,\"name\":\"Kezd\u0151lap\",\"item\":\"https:\/\/reboundsports.hu\/\"},{\"@type\":\"ListItem\",\"position\":2,\"name\":\"El\u00e1ll\u00e1si felt\u00e9telek\"}]},{\"@type\":\"WebSite\",\"@id\":\"https:\/\/reboundsports.hu\/#website\",\"url\":\"https:\/\/reboundsports.hu\/\",\"name\":\"REBOUND SPORTS - Teniszp\u00e1ly\u00e1k vil\u00e1gsz\u00ednvonalon!\",\"description\":\"PROFESSZION\u00c1LIS TENISZP\u00c1LY\u00c1K B\u00c1RHOL B\u00c1RMIKOR!\",\"publisher\":{\"@id\":\"https:\/\/reboundsports.hu\/#organization\"},\"potentialAction\":[{\"@type\":\"SearchAction\",\"target\":{\"@type\":\"EntryPoint\",\"urlTemplate\":\"https:\/\/reboundsports.hu\/?s={search_term_string}\"},\"query-input\":{\"@type\":\"PropertyValueSpecification\",\"valueRequired\":true,\"valueName\":\"search_term_string\"}}],\"inLanguage\":\"en-US\"},{\"@type\":\"Organization\",\"@id\":\"https:\/\/reboundsports.hu\/#organization\",\"name\":\"Rebound Sports Kft.\",\"alternateName\":\"Rebound Sports\",\"url\":\"https:\/\/reboundsports.hu\/\",\"logo\":{\"@type\":\"ImageObject\",\"inLanguage\":\"en-US\",\"@id\":\"https:\/\/reboundsports.hu\/#\/schema\/logo\/image\/\",\"url\":\"http:\/\/reboundsports.hu\/wp-content\/uploads\/2021\/10\/reboundlogo.png\",\"contentUrl\":\"http:\/\/reboundsports.hu\/wp-content\/uploads\/2021\/10\/reboundlogo.png\",\"width\":784,\"height\":305,\"caption\":\"Rebound Sports Kft.\"},\"image\":{\"@id\":\"https:\/\/reboundsports.hu\/#\/schema\/logo\/image\/\"},\"sameAs\":[\"https:\/\/www.facebook.com\/reboundsports.hu\",\"https:\/\/www.instagram.com\/reboundsportskft\"]}]}<\/script>\n<!-- \/ Yoast SEO plugin. -->","yoast_head_json":{"title":"El\u00e1ll\u00e1si felt\u00e9telek - REBOUND SPORTS - Teniszp\u00e1ly\u00e1k vil\u00e1gsz\u00ednvonalon!","robots":{"index":"index","follow":"follow","max-snippet":"max-snippet:-1","max-image-preview":"max-image-preview:large","max-video-preview":"max-video-preview:-1"},"canonical":"https:\/\/reboundsports.hu\/en\/elallasi-feltetelek\/","og_locale":"en_US","og_type":"article","og_title":"El\u00e1ll\u00e1si felt\u00e9telek - REBOUND SPORTS - Teniszp\u00e1ly\u00e1k vil\u00e1gsz\u00ednvonalon!","og_description":"El\u00e1ll\u00e1si nyilatkozat Az el\u00e1ll\u00e1si nyilatkozat a k\u00f6vetkez\u0151 linken t\u00f6lthet\u0151 le PDF form\u00e1tumban: El\u00e1ll\u00e1si_nyilatkozat.pdf T\u00e1j\u00e9koztat\u00f3 a fogyaszt\u00f3 vev\u0151t megillet\u0151 el\u00e1ll\u00e1si jogr\u00f3l Fogyaszt\u00f3nak a Ptk. 8:1. \u00a7 1. bekezd\u00e9s 3. pontja szerint csak a szakm\u00e1ja, \u00f6n\u00e1ll\u00f3 foglalkoz\u00e1sa vagy \u00fczleti tev\u00e9kenys\u00e9ge k\u00f6r\u00e9n k\u00edv\u00fcl elj\u00e1r\u00f3 term\u00e9szetes szem\u00e9ly min\u0151s\u00fcl, \u00edgy jogi szem\u00e9lyek nem \u00e9lhetnek az indokol\u00e1s n\u00e9lk\u00fcli el\u00e1ll\u00e1si joggal! A [&hellip;]","og_url":"https:\/\/reboundsports.hu\/en\/elallasi-feltetelek\/","og_site_name":"REBOUND SPORTS - Teniszp\u00e1ly\u00e1k vil\u00e1gsz\u00ednvonalon!","article_publisher":"https:\/\/www.facebook.com\/reboundsports.hu","article_modified_time":"2026-03-08T17:47:00+00:00","twitter_card":"summary_large_image","twitter_misc":{"Est. reading time":"7 minutes"},"schema":{"@context":"https:\/\/schema.org","@graph":[{"@type":"WebPage","@id":"https:\/\/reboundsports.hu\/elallasi-feltetelek\/","url":"https:\/\/reboundsports.hu\/elallasi-feltetelek\/","name":"El\u00e1ll\u00e1si felt\u00e9telek - REBOUND SPORTS - Teniszp\u00e1ly\u00e1k vil\u00e1gsz\u00ednvonalon!","isPartOf":{"@id":"https:\/\/reboundsports.hu\/#website"},"datePublished":"2026-03-06T00:28:58+00:00","dateModified":"2026-03-08T17:47:00+00:00","breadcrumb":{"@id":"https:\/\/reboundsports.hu\/elallasi-feltetelek\/#breadcrumb"},"inLanguage":"en-US","potentialAction":[{"@type":"ReadAction","target":["https:\/\/reboundsports.hu\/elallasi-feltetelek\/"]}]},{"@type":"BreadcrumbList","@id":"https:\/\/reboundsports.hu\/elallasi-feltetelek\/#breadcrumb","itemListElement":[{"@type":"ListItem","position":1,"name":"Kezd\u0151lap","item":"https:\/\/reboundsports.hu\/"},{"@type":"ListItem","position":2,"name":"El\u00e1ll\u00e1si felt\u00e9telek"}]},{"@type":"WebSite","@id":"https:\/\/reboundsports.hu\/#website","url":"https:\/\/reboundsports.hu\/","name":"REBOUND SPORTS - Teniszp\u00e1ly\u00e1k vil\u00e1gsz\u00ednvonalon!","description":"PROFESSZION\u00c1LIS TENISZP\u00c1LY\u00c1K B\u00c1RHOL B\u00c1RMIKOR!","publisher":{"@id":"https:\/\/reboundsports.hu\/#organization"},"potentialAction":[{"@type":"SearchAction","target":{"@type":"EntryPoint","urlTemplate":"https:\/\/reboundsports.hu\/?s={search_term_string}"},"query-input":{"@type":"PropertyValueSpecification","valueRequired":true,"valueName":"search_term_string"}}],"inLanguage":"en-US"},{"@type":"Organization","@id":"https:\/\/reboundsports.hu\/#organization","name":"Rebound Sports Kft.","alternateName":"Rebound Sports","url":"https:\/\/reboundsports.hu\/","logo":{"@type":"ImageObject","inLanguage":"en-US","@id":"https:\/\/reboundsports.hu\/#\/schema\/logo\/image\/","url":"http:\/\/reboundsports.hu\/wp-content\/uploads\/2021\/10\/reboundlogo.png","contentUrl":"http:\/\/reboundsports.hu\/wp-content\/uploads\/2021\/10\/reboundlogo.png","width":784,"height":305,"caption":"Rebound Sports Kft."},"image":{"@id":"https:\/\/reboundsports.hu\/#\/schema\/logo\/image\/"},"sameAs":["https:\/\/www.facebook.com\/reboundsports.hu","https:\/\/www.instagram.com\/reboundsportskft"]}]}},"_links":{"self":[{"href":"https:\/\/reboundsports.hu\/en\/wp-json\/wp\/v2\/pages\/14785","targetHints":{"allow":["GET"]}}],"collection":[{"href":"https:\/\/reboundsports.hu\/en\/wp-json\/wp\/v2\/pages"}],"about":[{"href":"https:\/\/reboundsports.hu\/en\/wp-json\/wp\/v2\/types\/page"}],"author":[{"embeddable":true,"href":"https:\/\/reboundsports.hu\/en\/wp-json\/wp\/v2\/users\/2"}],"replies":[{"embeddable":true,"href":"https:\/\/reboundsports.hu\/en\/wp-json\/wp\/v2\/comments?post=14785"}],"version-history":[{"count":0,"href":"https:\/\/reboundsports.hu\/en\/wp-json\/wp\/v2\/pages\/14785\/revisions"}],"wp:attachment":[{"href":"https:\/\/reboundsports.hu\/en\/wp-json\/wp\/v2\/media?parent=14785"}],"curies":[{"name":"wp","href":"https:\/\/api.w.org\/{rel}","templated":true}]}}