{"id":13146,"date":"2023-08-24T19:50:47","date_gmt":"2023-08-24T19:50:47","guid":{"rendered":"https:\/\/reboundsports.hu\/?page_id=13146"},"modified":"2023-08-24T19:51:27","modified_gmt":"2023-08-24T19:51:27","slug":"referenciak-fix-salakpalya","status":"publish","type":"page","link":"https:\/\/reboundsports.hu\/en\/referenciak-fix-salakpalya\/","title":{"rendered":"Referenci\u00e1k &#8211; Fix Salakp\u00e1lya"},"content":{"rendered":"<div data-elementor-type=\"wp-page\" data-elementor-id=\"13146\" class=\"elementor elementor-13146\" data-elementor-post-type=\"page\">\n\t\t\t\t<div data-custom-animations=\"true\" data-ca-options=\"{&quot;addChildTimelines&quot;:false,&quot;animationTarget&quot;:&quot;:scope .e-con-inner &gt; .elementor-element:not(.lqd-exclude-parent-ca) &gt; .elementor-widget-container, :scope .e-con-inner &gt; .elementor-widget-hub_fancy_heading .lqd-split-lines .lqd-lines .split-inner, :scope .e-con-inner &gt; .elementor-widget-hub_fancy_heading .lqd-split-words .lqd-words .split-inner, :scope .e-con-inner &gt; .elementor-widget-hub_fancy_heading .lqd-split-chars .lqd-chars .split-inner, :scope .e-con-inner &gt; .elementor-widget-hub_fancy_heading .lqd-adv-txt-fig, :scope .e-con-inner &gt; .elementor-widget-ld_custom_menu .lqd-fancy-menu &gt; ul &gt; li, :scope .e-con:not([data-parallax]) .e-con-inner &gt; .elementor-element &gt; .elementor-widget-container, :scope .e-con:not([data-parallax]) .e-con-inner &gt; .elementor-widget-hub_fancy_heading .lqd-split-lines .lqd-lines .split-inner, :scope .e-con:not([data-parallax]) .e-con-inner &gt; .elementor-widget-hub_fancy_heading .lqd-split-words .lqd-words .split-inner, :scope .e-con:not([data-parallax]) .e-con-inner &gt; .elementor-widget-hub_fancy_heading .lqd-split-chars .lqd-chars .split-inner, :scope .e-con:not([data-parallax]) .e-con-inner &gt; .elementor-widget-ld_custom_menu .lqd-fancy-menu &gt; ul &gt; li&quot;,&quot;duration&quot;:1000,&quot;delay&quot;:100,&quot;ease&quot;:&quot;expo.out&quot;,&quot;initValues&quot;:{&quot;y&quot;:&quot;50px&quot;,&quot;opacity&quot;:0},&quot;animations&quot;:{&quot;y&quot;:&quot;0px&quot;,&quot;opacity&quot;:1}}\" class=\"elementor-element elementor-element-3d33e3f0 e-flex e-con-boxed e-con e-parent\" data-id=\"3d33e3f0\" data-element_type=\"container\" id=\"referencia\" data-settings=\"{&quot;background_background&quot;:&quot;gradient&quot;}\">\n\t\t\t\t\t<div class=\"e-con-inner\">\n\t\t<div class=\"elementor-element elementor-element-282d1e41 e-flex e-con-boxed e-con e-child\" data-id=\"282d1e41\" data-element_type=\"container\">\n\t\t\t\t\t<div class=\"e-con-inner\">\n\t\t\t\t<div class=\"elementor-element elementor-element-6a167032 elementor-widget__width-inherit elementor-widget elementor-widget-hub_fancy_heading lqd-el-has-inner-anim\" data-id=\"6a167032\" data-element_type=\"widget\" data-settings=\"{&quot;enable_split&quot;:&quot;true&quot;,&quot;split_type&quot;:&quot;lines&quot;}\" data-widget_type=\"hub_fancy_heading.default\">\n\t\t\t\t<div class=\"elementor-widget-container\">\n\t\t\t\t\t\n\t\t<div id=\"ld-fancy-heading-69d931ae6fe42\" class=\"ld-fancy-heading pos-rel mask-text\">\n\t\t\t<h6 class=\"ld-fh-element d-inline-block pos-rel  elementor-heading-title lqd-highlight-classic lqd-highlight-grow-left lqd-split-lines h6\"  data-split-text=\"true\" data-split-options='{\"type\":\"lines\"}'> COMPLETED PROJECTS WE ARE PROUD OF<\/h6>\t\t<\/div>\n\n\t\t\t\t\t\t<\/div>\n\t\t\t\t<\/div>\n\t\t\t\t<div class=\"elementor-element elementor-element-3d614a2e elementor-widget__width-inherit elementor-widget elementor-widget-hub_fancy_heading lqd-el-has-inner-anim\" data-id=\"3d614a2e\" data-element_type=\"widget\" data-settings=\"{&quot;enable_split&quot;:&quot;true&quot;,&quot;split_type&quot;:&quot;lines&quot;}\" data-widget_type=\"hub_fancy_heading.default\">\n\t\t\t\t<div class=\"elementor-widget-container\">\n\t\t\t\t\t\n\t\t<div id=\"ld-fancy-heading-69d931ae70427\" class=\"ld-fancy-heading pos-rel mask-text\">\n\t\t\t<h2 class=\"ld-fh-element d-inline-block pos-rel  elementor-heading-title lqd-highlight-classic lqd-highlight-grow-left lqd-split-lines h2\"  data-split-text=\"true\" data-split-options='{\"type\":\"lines\"}'> Referenci\u00e1nk - <br>Fixed Clay Courts<\/h2>\t\t<\/div>\n\n\t\t\t\t\t\t<\/div>\n\t\t\t\t<\/div>\n\t\t\t\t\t<\/div>\n\t\t\t\t<\/div>\n\t\t<div class=\"elementor-element elementor-element-ab522eb e-flex e-con-boxed e-con e-child\" data-id=\"ab522eb\" data-element_type=\"container\">\n\t\t\t\t\t<div class=\"e-con-inner\">\n\t\t\t\t\t<\/div>\n\t\t\t\t<\/div>\n\t\t\t\t<div data-parallax=\"true\" data-parallax-options=\"{&quot;ease&quot;:[&quot;linear&quot;],&quot;start&quot;:&quot;top bottom&quot;,&quot;end&quot;:&quot;bottom+=0px top&quot;}\" data-parallax-from=\"{&quot;y&quot;:&quot;150px&quot;,&quot;rotationZ&quot;:18}\" data-parallax-to=\"{&quot;y&quot;:&quot;-250px&quot;,&quot;rotationZ&quot;:0}\" class=\"elementor-element elementor-element-5f8feb98 elementor-absolute elementor-widget elementor-widget-ld_fancy_image\" data-id=\"5f8feb98\" data-element_type=\"widget\" data-settings=\"{&quot;_position&quot;:&quot;absolute&quot;}\" data-widget_type=\"ld_fancy_image.default\">\n\t\t\t\t<div class=\"elementor-widget-container\">\n\t\t\t\t\t\n\t\t<div class=\"lqd-imggrp-single d-block pos-rel\">\n\t\t\t<div class=\"lqd-imggrp-img-container d-inline-flex pos-rel align-items-center justify-content-center\">\n\t\t\t\t\t\t\t\t<figure class=\"w-100 pos-rel\">\n\t\t\t\t\t<img decoding=\"async\" width=\"150\" height=\"150\" src=\"https:\/\/reboundsports.hu\/wp-content\/uploads\/2023\/04\/rebound-labda-150x150.png\" class=\"attachment-thumbnail size-thumbnail wp-image-10901\" alt=\"\" srcset=\"https:\/\/reboundsports.hu\/wp-content\/uploads\/2023\/04\/rebound-labda-150x150.png 150w, https:\/\/reboundsports.hu\/wp-content\/uploads\/2023\/04\/rebound-labda-300x300.png 300w, https:\/\/reboundsports.hu\/wp-content\/uploads\/2023\/04\/rebound-labda-12x12.png 12w, https:\/\/reboundsports.hu\/wp-content\/uploads\/2023\/04\/rebound-labda-320x320.png 320w, https:\/\/reboundsports.hu\/wp-content\/uploads\/2023\/04\/rebound-labda-100x100.png 100w, https:\/\/reboundsports.hu\/wp-content\/uploads\/2023\/04\/rebound-labda.png 469w\" sizes=\"(max-width: 150px) 100vw, 150px\" itemprop=\"image\" \/>\t\t\t\t\t\t\t\t\t\t\t\t\t\t\t\t\t\t\t\t\t\t\t\t\t\t\t\t\t<\/figure>\n\t\t\t<\/div>\n\t\t<\/div>\n\n\t\t\t\t\t<\/div>\n\t\t\t\t<\/div>\n\t\t\t\t\t<\/div>\n\t\t\t\t<\/div>\n\t\t\t\t<\/div>","protected":false},"excerpt":{"rendered":"<p>ELK\u00c9SZ\u00dcLT PROJEKTEK AMIRE B\u00dcSZK\u00c9K VAGYUNK Referenci\u00e1nk &#8211; Fix Salakp\u00e1ly\u00e1k Sz\u00e9kesfeh\u00e9rv\u00e1r (HUN) &#8211; Bregy\u00f3 Tenisz Klub Fix Kem\u00e9nyp\u00e1ly\u00e1k<\/p>","protected":false},"author":1,"featured_media":0,"parent":0,"menu_order":0,"comment_status":"closed","ping_status":"closed","template":"","meta":{"footnotes":""},"class_list":["post-13146","page","type-page","status-publish","hentry"],"yoast_head":"<!-- This site is optimized with the Yoast SEO plugin v25.0 - https:\/\/yoast.com\/wordpress\/plugins\/seo\/ -->\n<title>Referenci\u00e1k - Fix Salakp\u00e1lya - REBOUND SPORTS - Teniszp\u00e1ly\u00e1k vil\u00e1gsz\u00ednvonalon!<\/title>\n<meta name=\"robots\" content=\"index, follow, max-snippet:-1, max-image-preview:large, max-video-preview:-1\" \/>\n<link rel=\"canonical\" href=\"https:\/\/reboundsports.hu\/en\/referenciak-fix-salakpalya\/\" \/>\n<meta property=\"og:locale\" content=\"en_US\" \/>\n<meta property=\"og:type\" content=\"article\" \/>\n<meta property=\"og:title\" content=\"Referenci\u00e1k - Fix Salakp\u00e1lya - REBOUND SPORTS - Teniszp\u00e1ly\u00e1k vil\u00e1gsz\u00ednvonalon!\" \/>\n<meta property=\"og:description\" content=\"ELK\u00c9SZ\u00dcLT PROJEKTEK AMIRE B\u00dcSZK\u00c9K VAGYUNK Referenci\u00e1nk &#8211; Fix Salakp\u00e1ly\u00e1k Sz\u00e9kesfeh\u00e9rv\u00e1r (HUN) &#8211; Bregy\u00f3 Tenisz Klub Fix Kem\u00e9nyp\u00e1ly\u00e1k\" \/>\n<meta property=\"og:url\" content=\"https:\/\/reboundsports.hu\/en\/referenciak-fix-salakpalya\/\" \/>\n<meta property=\"og:site_name\" content=\"REBOUND SPORTS - Teniszp\u00e1ly\u00e1k vil\u00e1gsz\u00ednvonalon!\" \/>\n<meta property=\"article:publisher\" content=\"https:\/\/www.facebook.com\/reboundsports.hu\" \/>\n<meta property=\"article:modified_time\" content=\"2023-08-24T19:51:27+00:00\" \/>\n<meta property=\"og:image\" content=\"http:\/\/reboundsports.hu\/wp-content\/uploads\/2023\/05\/bregyo-020-760x520.jpg\" \/>\n<meta name=\"twitter:card\" content=\"summary_large_image\" \/>\n<meta name=\"twitter:label1\" content=\"Est. reading time\" \/>\n\t<meta name=\"twitter:data1\" content=\"4 minutes\" \/>\n<script type=\"application\/ld+json\" class=\"yoast-schema-graph\">{\"@context\":\"https:\/\/schema.org\",\"@graph\":[{\"@type\":\"WebPage\",\"@id\":\"https:\/\/reboundsports.hu\/referenciak-fix-salakpalya\/\",\"url\":\"https:\/\/reboundsports.hu\/referenciak-fix-salakpalya\/\",\"name\":\"Referenci\u00e1k - Fix Salakp\u00e1lya - REBOUND SPORTS - Teniszp\u00e1ly\u00e1k vil\u00e1gsz\u00ednvonalon!\",\"isPartOf\":{\"@id\":\"https:\/\/reboundsports.hu\/#website\"},\"primaryImageOfPage\":{\"@id\":\"https:\/\/reboundsports.hu\/referenciak-fix-salakpalya\/#primaryimage\"},\"image\":{\"@id\":\"https:\/\/reboundsports.hu\/referenciak-fix-salakpalya\/#primaryimage\"},\"thumbnailUrl\":\"http:\/\/reboundsports.hu\/wp-content\/uploads\/2023\/05\/bregyo-020-760x520.jpg\",\"datePublished\":\"2023-08-24T19:50:47+00:00\",\"dateModified\":\"2023-08-24T19:51:27+00:00\",\"breadcrumb\":{\"@id\":\"https:\/\/reboundsports.hu\/referenciak-fix-salakpalya\/#breadcrumb\"},\"inLanguage\":\"en-US\",\"potentialAction\":[{\"@type\":\"ReadAction\",\"target\":[\"https:\/\/reboundsports.hu\/referenciak-fix-salakpalya\/\"]}]},{\"@type\":\"ImageObject\",\"inLanguage\":\"en-US\",\"@id\":\"https:\/\/reboundsports.hu\/referenciak-fix-salakpalya\/#primaryimage\",\"url\":\"http:\/\/reboundsports.hu\/wp-content\/uploads\/2023\/05\/bregyo-020-760x520.jpg\",\"contentUrl\":\"http:\/\/reboundsports.hu\/wp-content\/uploads\/2023\/05\/bregyo-020-760x520.jpg\"},{\"@type\":\"BreadcrumbList\",\"@id\":\"https:\/\/reboundsports.hu\/referenciak-fix-salakpalya\/#breadcrumb\",\"itemListElement\":[{\"@type\":\"ListItem\",\"position\":1,\"name\":\"Kezd\u0151lap\",\"item\":\"https:\/\/reboundsports.hu\/\"},{\"@type\":\"ListItem\",\"position\":2,\"name\":\"Referenci\u00e1k &#8211; Fix Salakp\u00e1lya\"}]},{\"@type\":\"WebSite\",\"@id\":\"https:\/\/reboundsports.hu\/#website\",\"url\":\"https:\/\/reboundsports.hu\/\",\"name\":\"REBOUND SPORTS - Teniszp\u00e1ly\u00e1k vil\u00e1gsz\u00ednvonalon!\",\"description\":\"PROFESSZION\u00c1LIS TENISZP\u00c1LY\u00c1K B\u00c1RHOL B\u00c1RMIKOR!\",\"publisher\":{\"@id\":\"https:\/\/reboundsports.hu\/#organization\"},\"potentialAction\":[{\"@type\":\"SearchAction\",\"target\":{\"@type\":\"EntryPoint\",\"urlTemplate\":\"https:\/\/reboundsports.hu\/?s={search_term_string}\"},\"query-input\":{\"@type\":\"PropertyValueSpecification\",\"valueRequired\":true,\"valueName\":\"search_term_string\"}}],\"inLanguage\":\"en-US\"},{\"@type\":\"Organization\",\"@id\":\"https:\/\/reboundsports.hu\/#organization\",\"name\":\"Rebound Sports Kft.\",\"alternateName\":\"Rebound Sports\",\"url\":\"https:\/\/reboundsports.hu\/\",\"logo\":{\"@type\":\"ImageObject\",\"inLanguage\":\"en-US\",\"@id\":\"https:\/\/reboundsports.hu\/#\/schema\/logo\/image\/\",\"url\":\"http:\/\/reboundsports.hu\/wp-content\/uploads\/2021\/10\/reboundlogo.png\",\"contentUrl\":\"http:\/\/reboundsports.hu\/wp-content\/uploads\/2021\/10\/reboundlogo.png\",\"width\":784,\"height\":305,\"caption\":\"Rebound Sports Kft.\"},\"image\":{\"@id\":\"https:\/\/reboundsports.hu\/#\/schema\/logo\/image\/\"},\"sameAs\":[\"https:\/\/www.facebook.com\/reboundsports.hu\",\"https:\/\/www.instagram.com\/reboundsportskft\"]}]}<\/script>\n<!-- \/ Yoast SEO plugin. -->","yoast_head_json":{"title":"Referenci\u00e1k - Fix Salakp\u00e1lya - REBOUND SPORTS - Teniszp\u00e1ly\u00e1k vil\u00e1gsz\u00ednvonalon!","robots":{"index":"index","follow":"follow","max-snippet":"max-snippet:-1","max-image-preview":"max-image-preview:large","max-video-preview":"max-video-preview:-1"},"canonical":"https:\/\/reboundsports.hu\/en\/referenciak-fix-salakpalya\/","og_locale":"en_US","og_type":"article","og_title":"Referenci\u00e1k - Fix Salakp\u00e1lya - REBOUND SPORTS - Teniszp\u00e1ly\u00e1k vil\u00e1gsz\u00ednvonalon!","og_description":"ELK\u00c9SZ\u00dcLT PROJEKTEK AMIRE B\u00dcSZK\u00c9K VAGYUNK Referenci\u00e1nk &#8211; Fix Salakp\u00e1ly\u00e1k Sz\u00e9kesfeh\u00e9rv\u00e1r (HUN) &#8211; Bregy\u00f3 Tenisz Klub Fix Kem\u00e9nyp\u00e1ly\u00e1k","og_url":"https:\/\/reboundsports.hu\/en\/referenciak-fix-salakpalya\/","og_site_name":"REBOUND SPORTS - Teniszp\u00e1ly\u00e1k vil\u00e1gsz\u00ednvonalon!","article_publisher":"https:\/\/www.facebook.com\/reboundsports.hu","article_modified_time":"2023-08-24T19:51:27+00:00","og_image":[{"url":"http:\/\/reboundsports.hu\/wp-content\/uploads\/2023\/05\/bregyo-020-760x520.jpg","type":"","width":"","height":""}],"twitter_card":"summary_large_image","twitter_misc":{"Est. reading time":"4 minutes"},"schema":{"@context":"https:\/\/schema.org","@graph":[{"@type":"WebPage","@id":"https:\/\/reboundsports.hu\/referenciak-fix-salakpalya\/","url":"https:\/\/reboundsports.hu\/referenciak-fix-salakpalya\/","name":"Referenci\u00e1k - Fix Salakp\u00e1lya - REBOUND SPORTS - Teniszp\u00e1ly\u00e1k vil\u00e1gsz\u00ednvonalon!","isPartOf":{"@id":"https:\/\/reboundsports.hu\/#website"},"primaryImageOfPage":{"@id":"https:\/\/reboundsports.hu\/referenciak-fix-salakpalya\/#primaryimage"},"image":{"@id":"https:\/\/reboundsports.hu\/referenciak-fix-salakpalya\/#primaryimage"},"thumbnailUrl":"http:\/\/reboundsports.hu\/wp-content\/uploads\/2023\/05\/bregyo-020-760x520.jpg","datePublished":"2023-08-24T19:50:47+00:00","dateModified":"2023-08-24T19:51:27+00:00","breadcrumb":{"@id":"https:\/\/reboundsports.hu\/referenciak-fix-salakpalya\/#breadcrumb"},"inLanguage":"en-US","potentialAction":[{"@type":"ReadAction","target":["https:\/\/reboundsports.hu\/referenciak-fix-salakpalya\/"]}]},{"@type":"ImageObject","inLanguage":"en-US","@id":"https:\/\/reboundsports.hu\/referenciak-fix-salakpalya\/#primaryimage","url":"http:\/\/reboundsports.hu\/wp-content\/uploads\/2023\/05\/bregyo-020-760x520.jpg","contentUrl":"http:\/\/reboundsports.hu\/wp-content\/uploads\/2023\/05\/bregyo-020-760x520.jpg"},{"@type":"BreadcrumbList","@id":"https:\/\/reboundsports.hu\/referenciak-fix-salakpalya\/#breadcrumb","itemListElement":[{"@type":"ListItem","position":1,"name":"Kezd\u0151lap","item":"https:\/\/reboundsports.hu\/"},{"@type":"ListItem","position":2,"name":"Referenci\u00e1k &#8211; Fix Salakp\u00e1lya"}]},{"@type":"WebSite","@id":"https:\/\/reboundsports.hu\/#website","url":"https:\/\/reboundsports.hu\/","name":"REBOUND SPORTS - Teniszp\u00e1ly\u00e1k vil\u00e1gsz\u00ednvonalon!","description":"PROFESSZION\u00c1LIS TENISZP\u00c1LY\u00c1K B\u00c1RHOL B\u00c1RMIKOR!","publisher":{"@id":"https:\/\/reboundsports.hu\/#organization"},"potentialAction":[{"@type":"SearchAction","target":{"@type":"EntryPoint","urlTemplate":"https:\/\/reboundsports.hu\/?s={search_term_string}"},"query-input":{"@type":"PropertyValueSpecification","valueRequired":true,"valueName":"search_term_string"}}],"inLanguage":"en-US"},{"@type":"Organization","@id":"https:\/\/reboundsports.hu\/#organization","name":"Rebound Sports Kft.","alternateName":"Rebound Sports","url":"https:\/\/reboundsports.hu\/","logo":{"@type":"ImageObject","inLanguage":"en-US","@id":"https:\/\/reboundsports.hu\/#\/schema\/logo\/image\/","url":"http:\/\/reboundsports.hu\/wp-content\/uploads\/2021\/10\/reboundlogo.png","contentUrl":"http:\/\/reboundsports.hu\/wp-content\/uploads\/2021\/10\/reboundlogo.png","width":784,"height":305,"caption":"Rebound Sports Kft."},"image":{"@id":"https:\/\/reboundsports.hu\/#\/schema\/logo\/image\/"},"sameAs":["https:\/\/www.facebook.com\/reboundsports.hu","https:\/\/www.instagram.com\/reboundsportskft"]}]}},"_links":{"self":[{"href":"https:\/\/reboundsports.hu\/en\/wp-json\/wp\/v2\/pages\/13146","targetHints":{"allow":["GET"]}}],"collection":[{"href":"https:\/\/reboundsports.hu\/en\/wp-json\/wp\/v2\/pages"}],"about":[{"href":"https:\/\/reboundsports.hu\/en\/wp-json\/wp\/v2\/types\/page"}],"author":[{"embeddable":true,"href":"https:\/\/reboundsports.hu\/en\/wp-json\/wp\/v2\/users\/1"}],"replies":[{"embeddable":true,"href":"https:\/\/reboundsports.hu\/en\/wp-json\/wp\/v2\/comments?post=13146"}],"version-history":[{"count":0,"href":"https:\/\/reboundsports.hu\/en\/wp-json\/wp\/v2\/pages\/13146\/revisions"}],"wp:attachment":[{"href":"https:\/\/reboundsports.hu\/en\/wp-json\/wp\/v2\/media?parent=13146"}],"curies":[{"name":"wp","href":"https:\/\/api.w.org\/{rel}","templated":true}]}}