{"id":14772,"date":"2026-03-05T23:53:47","date_gmt":"2026-03-05T23:53:47","guid":{"rendered":"https:\/\/reboundsports.hu\/?page_id=14772"},"modified":"2026-03-06T00:04:16","modified_gmt":"2026-03-06T00:04:16","slug":"impresszum","status":"publish","type":"page","link":"http:\/\/reboundsports.hu\/hu\/impresszum\/","title":{"rendered":"Impresszum"},"content":{"rendered":"\t\t<div data-elementor-type=\"wp-page\" data-elementor-id=\"14772\" class=\"elementor elementor-14772\" data-elementor-post-type=\"page\">\n\t\t\t\t<div class=\"elementor-element elementor-element-1c411256 e-flex e-con-boxed e-con e-parent\" data-id=\"1c411256\" data-element_type=\"container\">\n\t\t\t\t\t<div class=\"e-con-inner\">\n\t\t\t\t<div class=\"elementor-element elementor-element-44550853 elementor-widget elementor-widget-text-editor\" data-id=\"44550853\" data-element_type=\"widget\" data-widget_type=\"text-editor.default\">\n\t\t\t\t<div class=\"elementor-widget-container\">\n\t\t\t\t\t\t\t\t\t<h2><b>Impresszum: a Szolg\u00e1ltat\u00f3 (Elad\u00f3, V\u00e1llalkoz\u00e1s) adatai<\/b><\/h2><p><b>N\u00e9v<\/b>: REBOUND SPORTS Kft.<br \/><b>Sz\u00e9khely<\/b>: 1133 Budapest, Pann\u00f3nia utca 70. 6. em. 7. ajt\u00f3<br \/><b>Levelez\u00e9si c\u00edm<\/b>: 1133 Budapest, Pann\u00f3nia utca 70. 6. em. 7. ajt\u00f3<br \/><b>Nyilv\u00e1ntart\u00e1sba vev\u0151 hat\u00f3s\u00e1g<\/b>: F\u0151v\u00e1rosi T\u00f6rv\u00e9nysz\u00e9k C\u00e9gb\u00edr\u00f3s\u00e1ga<br \/><b>C\u00e9gjegyz\u00e9ksz\u00e1m<\/b>: 01-09-195572<br \/><b>Ad\u00f3sz\u00e1m<\/b>: 25028175-2-41<br \/><b>K\u00e9pvisel\u0151<\/b>: Kuh\u00e1rszky Andreas<br \/><b>Telefonsz\u00e1m<\/b>: +36308247527<br \/><b>E-mail<\/b>: <a href=\"mailto:info@reboundsports.hu\">info@reboundsports.hu<\/a><br \/><b>Honlap<\/b>: <a href=\"https:\/\/reboundsports.hu\">https:\/\/reboundsports.hu<\/a><br \/><b>Banksz\u00e1mlasz\u00e1m: <\/b>12010374-01896596-00100005<br \/><b>IBAN: <\/b>HU42 1201 0374 0189 6596 0010 0005<\/p><h2><b>T\u00e1rhelyszolg\u00e1ltat\u00f3 adatai<\/b><\/h2><p><b>N\u00e9v: <\/b>EcomwithExperts O\u00dc<br \/><b>Sz\u00e9khely: <\/b>Sepapaja tn 6, 15551 Tallinn, Harju Maakond, Estonia<br \/><b>EU ad\u00f3sz\u00e1m: <\/b>EE102548156<br \/><b>E-mail c\u00edm: <\/b><a href=\"mailto:hello@ecomwithexperts.com\">hello@ecomwithexperts.com<\/a><\/p>\t\t\t\t\t\t\t\t<\/div>\n\t\t\t\t<\/div>\n\t\t\t\t\t<\/div>\n\t\t\t\t<\/div>\n\t\t\t\t<\/div>\n\t\t","protected":false},"excerpt":{"rendered":"<p>Impresszum: a Szolg\u00e1ltat\u00f3 (Elad\u00f3, V\u00e1llalkoz\u00e1s) adatai N\u00e9v: REBOUND SPORTS Kft.Sz\u00e9khely: 1133 Budapest, Pann\u00f3nia utca 70. 6. em. 7. ajt\u00f3Levelez\u00e9si c\u00edm: 1133 Budapest, Pann\u00f3nia utca 70. 6. em. 7. ajt\u00f3Nyilv\u00e1ntart\u00e1sba vev\u0151 hat\u00f3s\u00e1g: F\u0151v\u00e1rosi T\u00f6rv\u00e9nysz\u00e9k C\u00e9gb\u00edr\u00f3s\u00e1gaC\u00e9gjegyz\u00e9ksz\u00e1m: 01-09-195572Ad\u00f3sz\u00e1m: 25028175-2-41K\u00e9pvisel\u0151: Kuh\u00e1rszky AndreasTelefonsz\u00e1m: +36308247527E-mail: info@reboundsports.huHonlap: https:\/\/reboundsports.huBanksz\u00e1mlasz\u00e1m: 12010374-01896596-00100005IBAN: HU42 1201 0374 0189 6596 0010 0005 T\u00e1rhelyszolg\u00e1ltat\u00f3 adatai N\u00e9v: EcomwithExperts O\u00dcSz\u00e9khely: Sepapaja [&hellip;]<\/p>\n","protected":false},"author":2,"featured_media":0,"parent":0,"menu_order":0,"comment_status":"closed","ping_status":"open","template":"","meta":{"footnotes":""},"class_list":["post-14772","page","type-page","status-publish","hentry"],"yoast_head":"<!-- This site is optimized with the Yoast SEO plugin v25.0 - https:\/\/yoast.com\/wordpress\/plugins\/seo\/ -->\n<title>Impresszum - REBOUND SPORTS - Teniszp\u00e1ly\u00e1k vil\u00e1gsz\u00ednvonalon!<\/title>\n<meta name=\"robots\" content=\"index, follow, max-snippet:-1, max-image-preview:large, max-video-preview:-1\" \/>\n<link rel=\"canonical\" href=\"https:\/\/reboundsports.hu\/hu\/impresszum\/\" \/>\n<meta property=\"og:locale\" content=\"hu_HU\" \/>\n<meta property=\"og:type\" content=\"article\" \/>\n<meta property=\"og:title\" content=\"Impresszum - REBOUND SPORTS - Teniszp\u00e1ly\u00e1k vil\u00e1gsz\u00ednvonalon!\" \/>\n<meta property=\"og:description\" content=\"Impresszum: a Szolg\u00e1ltat\u00f3 (Elad\u00f3, V\u00e1llalkoz\u00e1s) adatai N\u00e9v: REBOUND SPORTS Kft.Sz\u00e9khely: 1133 Budapest, Pann\u00f3nia utca 70. 6. em. 7. ajt\u00f3Levelez\u00e9si c\u00edm: 1133 Budapest, Pann\u00f3nia utca 70. 6. em. 7. ajt\u00f3Nyilv\u00e1ntart\u00e1sba vev\u0151 hat\u00f3s\u00e1g: F\u0151v\u00e1rosi T\u00f6rv\u00e9nysz\u00e9k C\u00e9gb\u00edr\u00f3s\u00e1gaC\u00e9gjegyz\u00e9ksz\u00e1m: 01-09-195572Ad\u00f3sz\u00e1m: 25028175-2-41K\u00e9pvisel\u0151: Kuh\u00e1rszky AndreasTelefonsz\u00e1m: +36308247527E-mail: info@reboundsports.huHonlap: https:\/\/reboundsports.huBanksz\u00e1mlasz\u00e1m: 12010374-01896596-00100005IBAN: HU42 1201 0374 0189 6596 0010 0005 T\u00e1rhelyszolg\u00e1ltat\u00f3 adatai N\u00e9v: EcomwithExperts O\u00dcSz\u00e9khely: Sepapaja [&hellip;]\" \/>\n<meta property=\"og:url\" content=\"https:\/\/reboundsports.hu\/hu\/impresszum\/\" \/>\n<meta property=\"og:site_name\" content=\"REBOUND SPORTS - Teniszp\u00e1ly\u00e1k vil\u00e1gsz\u00ednvonalon!\" \/>\n<meta property=\"article:publisher\" content=\"https:\/\/www.facebook.com\/reboundsports.hu\" \/>\n<meta property=\"article:modified_time\" content=\"2026-03-06T00:04:16+00:00\" \/>\n<meta name=\"twitter:card\" content=\"summary_large_image\" \/>\n<meta name=\"twitter:label1\" content=\"Becs\u00fclt olvas\u00e1si id\u0151\" \/>\n\t<meta name=\"twitter:data1\" content=\"1 perc\" \/>\n<script type=\"application\/ld+json\" class=\"yoast-schema-graph\">{\"@context\":\"https:\/\/schema.org\",\"@graph\":[{\"@type\":\"WebPage\",\"@id\":\"https:\/\/reboundsports.hu\/impresszum\/\",\"url\":\"https:\/\/reboundsports.hu\/impresszum\/\",\"name\":\"Impresszum - REBOUND SPORTS - Teniszp\u00e1ly\u00e1k vil\u00e1gsz\u00ednvonalon!\",\"isPartOf\":{\"@id\":\"https:\/\/reboundsports.hu\/#website\"},\"datePublished\":\"2026-03-05T23:53:47+00:00\",\"dateModified\":\"2026-03-06T00:04:16+00:00\",\"breadcrumb\":{\"@id\":\"https:\/\/reboundsports.hu\/impresszum\/#breadcrumb\"},\"inLanguage\":\"hu\",\"potentialAction\":[{\"@type\":\"ReadAction\",\"target\":[\"https:\/\/reboundsports.hu\/impresszum\/\"]}]},{\"@type\":\"BreadcrumbList\",\"@id\":\"https:\/\/reboundsports.hu\/impresszum\/#breadcrumb\",\"itemListElement\":[{\"@type\":\"ListItem\",\"position\":1,\"name\":\"Kezd\u0151lap\",\"item\":\"https:\/\/reboundsports.hu\/\"},{\"@type\":\"ListItem\",\"position\":2,\"name\":\"Impresszum\"}]},{\"@type\":\"WebSite\",\"@id\":\"https:\/\/reboundsports.hu\/#website\",\"url\":\"https:\/\/reboundsports.hu\/\",\"name\":\"REBOUND SPORTS - Teniszp\u00e1ly\u00e1k vil\u00e1gsz\u00ednvonalon!\",\"description\":\"PROFESSZION\u00c1LIS TENISZP\u00c1LY\u00c1K B\u00c1RHOL B\u00c1RMIKOR!\",\"publisher\":{\"@id\":\"https:\/\/reboundsports.hu\/#organization\"},\"potentialAction\":[{\"@type\":\"SearchAction\",\"target\":{\"@type\":\"EntryPoint\",\"urlTemplate\":\"https:\/\/reboundsports.hu\/?s={search_term_string}\"},\"query-input\":{\"@type\":\"PropertyValueSpecification\",\"valueRequired\":true,\"valueName\":\"search_term_string\"}}],\"inLanguage\":\"hu\"},{\"@type\":\"Organization\",\"@id\":\"https:\/\/reboundsports.hu\/#organization\",\"name\":\"Rebound Sports Kft.\",\"alternateName\":\"Rebound Sports\",\"url\":\"https:\/\/reboundsports.hu\/\",\"logo\":{\"@type\":\"ImageObject\",\"inLanguage\":\"hu\",\"@id\":\"https:\/\/reboundsports.hu\/#\/schema\/logo\/image\/\",\"url\":\"http:\/\/reboundsports.hu\/wp-content\/uploads\/2021\/10\/reboundlogo.png\",\"contentUrl\":\"http:\/\/reboundsports.hu\/wp-content\/uploads\/2021\/10\/reboundlogo.png\",\"width\":784,\"height\":305,\"caption\":\"Rebound Sports Kft.\"},\"image\":{\"@id\":\"https:\/\/reboundsports.hu\/#\/schema\/logo\/image\/\"},\"sameAs\":[\"https:\/\/www.facebook.com\/reboundsports.hu\",\"https:\/\/www.instagram.com\/reboundsportskft\"]}]}<\/script>\n<!-- \/ Yoast SEO plugin. -->","yoast_head_json":{"title":"Impresszum - REBOUND SPORTS - Teniszp\u00e1ly\u00e1k vil\u00e1gsz\u00ednvonalon!","robots":{"index":"index","follow":"follow","max-snippet":"max-snippet:-1","max-image-preview":"max-image-preview:large","max-video-preview":"max-video-preview:-1"},"canonical":"https:\/\/reboundsports.hu\/hu\/impresszum\/","og_locale":"hu_HU","og_type":"article","og_title":"Impresszum - REBOUND SPORTS - Teniszp\u00e1ly\u00e1k vil\u00e1gsz\u00ednvonalon!","og_description":"Impresszum: a Szolg\u00e1ltat\u00f3 (Elad\u00f3, V\u00e1llalkoz\u00e1s) adatai N\u00e9v: REBOUND SPORTS Kft.Sz\u00e9khely: 1133 Budapest, Pann\u00f3nia utca 70. 6. em. 7. ajt\u00f3Levelez\u00e9si c\u00edm: 1133 Budapest, Pann\u00f3nia utca 70. 6. em. 7. ajt\u00f3Nyilv\u00e1ntart\u00e1sba vev\u0151 hat\u00f3s\u00e1g: F\u0151v\u00e1rosi T\u00f6rv\u00e9nysz\u00e9k C\u00e9gb\u00edr\u00f3s\u00e1gaC\u00e9gjegyz\u00e9ksz\u00e1m: 01-09-195572Ad\u00f3sz\u00e1m: 25028175-2-41K\u00e9pvisel\u0151: Kuh\u00e1rszky AndreasTelefonsz\u00e1m: +36308247527E-mail: info@reboundsports.huHonlap: https:\/\/reboundsports.huBanksz\u00e1mlasz\u00e1m: 12010374-01896596-00100005IBAN: HU42 1201 0374 0189 6596 0010 0005 T\u00e1rhelyszolg\u00e1ltat\u00f3 adatai N\u00e9v: EcomwithExperts O\u00dcSz\u00e9khely: Sepapaja [&hellip;]","og_url":"https:\/\/reboundsports.hu\/hu\/impresszum\/","og_site_name":"REBOUND SPORTS - Teniszp\u00e1ly\u00e1k vil\u00e1gsz\u00ednvonalon!","article_publisher":"https:\/\/www.facebook.com\/reboundsports.hu","article_modified_time":"2026-03-06T00:04:16+00:00","twitter_card":"summary_large_image","twitter_misc":{"Becs\u00fclt olvas\u00e1si id\u0151":"1 perc"},"schema":{"@context":"https:\/\/schema.org","@graph":[{"@type":"WebPage","@id":"https:\/\/reboundsports.hu\/impresszum\/","url":"https:\/\/reboundsports.hu\/impresszum\/","name":"Impresszum - REBOUND SPORTS - Teniszp\u00e1ly\u00e1k vil\u00e1gsz\u00ednvonalon!","isPartOf":{"@id":"https:\/\/reboundsports.hu\/#website"},"datePublished":"2026-03-05T23:53:47+00:00","dateModified":"2026-03-06T00:04:16+00:00","breadcrumb":{"@id":"https:\/\/reboundsports.hu\/impresszum\/#breadcrumb"},"inLanguage":"hu","potentialAction":[{"@type":"ReadAction","target":["https:\/\/reboundsports.hu\/impresszum\/"]}]},{"@type":"BreadcrumbList","@id":"https:\/\/reboundsports.hu\/impresszum\/#breadcrumb","itemListElement":[{"@type":"ListItem","position":1,"name":"Kezd\u0151lap","item":"https:\/\/reboundsports.hu\/"},{"@type":"ListItem","position":2,"name":"Impresszum"}]},{"@type":"WebSite","@id":"https:\/\/reboundsports.hu\/#website","url":"https:\/\/reboundsports.hu\/","name":"REBOUND SPORTS - Teniszp\u00e1ly\u00e1k vil\u00e1gsz\u00ednvonalon!","description":"PROFESSZION\u00c1LIS TENISZP\u00c1LY\u00c1K B\u00c1RHOL B\u00c1RMIKOR!","publisher":{"@id":"https:\/\/reboundsports.hu\/#organization"},"potentialAction":[{"@type":"SearchAction","target":{"@type":"EntryPoint","urlTemplate":"https:\/\/reboundsports.hu\/?s={search_term_string}"},"query-input":{"@type":"PropertyValueSpecification","valueRequired":true,"valueName":"search_term_string"}}],"inLanguage":"hu"},{"@type":"Organization","@id":"https:\/\/reboundsports.hu\/#organization","name":"Rebound Sports Kft.","alternateName":"Rebound Sports","url":"https:\/\/reboundsports.hu\/","logo":{"@type":"ImageObject","inLanguage":"hu","@id":"https:\/\/reboundsports.hu\/#\/schema\/logo\/image\/","url":"http:\/\/reboundsports.hu\/wp-content\/uploads\/2021\/10\/reboundlogo.png","contentUrl":"http:\/\/reboundsports.hu\/wp-content\/uploads\/2021\/10\/reboundlogo.png","width":784,"height":305,"caption":"Rebound Sports Kft."},"image":{"@id":"https:\/\/reboundsports.hu\/#\/schema\/logo\/image\/"},"sameAs":["https:\/\/www.facebook.com\/reboundsports.hu","https:\/\/www.instagram.com\/reboundsportskft"]}]}},"_links":{"self":[{"href":"http:\/\/reboundsports.hu\/hu\/wp-json\/wp\/v2\/pages\/14772","targetHints":{"allow":["GET"]}}],"collection":[{"href":"http:\/\/reboundsports.hu\/hu\/wp-json\/wp\/v2\/pages"}],"about":[{"href":"http:\/\/reboundsports.hu\/hu\/wp-json\/wp\/v2\/types\/page"}],"author":[{"embeddable":true,"href":"http:\/\/reboundsports.hu\/hu\/wp-json\/wp\/v2\/users\/2"}],"replies":[{"embeddable":true,"href":"http:\/\/reboundsports.hu\/hu\/wp-json\/wp\/v2\/comments?post=14772"}],"version-history":[{"count":0,"href":"http:\/\/reboundsports.hu\/hu\/wp-json\/wp\/v2\/pages\/14772\/revisions"}],"wp:attachment":[{"href":"http:\/\/reboundsports.hu\/hu\/wp-json\/wp\/v2\/media?parent=14772"}],"curies":[{"name":"wp","href":"https:\/\/api.w.org\/{rel}","templated":true}]}}