{"id":11901,"date":"2023-04-09T21:46:43","date_gmt":"2023-04-09T21:46:43","guid":{"rendered":"https:\/\/reboundsports.hu\/?page_id=11901"},"modified":"2023-04-09T22:38:12","modified_gmt":"2023-04-09T22:38:12","slug":"szinskala","status":"publish","type":"page","link":"http:\/\/reboundsports.hu\/hu\/szinskala\/","title":{"rendered":"Sz\u00ednsk\u00e1la"},"content":{"rendered":"\t\t<div data-elementor-type=\"wp-page\" data-elementor-id=\"11901\" class=\"elementor elementor-11901\" data-elementor-post-type=\"page\">\n\t\t\t\t\t\t<section class=\"elementor-section elementor-top-section elementor-element elementor-element-1414ef01 elementor-section-height-min-height elementor-section-content-middle elementor-section-items-bottom elementor-section-boxed elementor-section-height-default\" data-id=\"1414ef01\" data-element_type=\"section\" data-settings=\"{&quot;background_background&quot;:&quot;classic&quot;}\">\n\t\t\t\t\t\t\t<div class=\"elementor-background-overlay\"><\/div>\n\t\t\t\t\t\t\t<div class=\"elementor-container elementor-column-gap-default\">\n\t\t\t\t\t<div class=\"elementor-column elementor-col-100 elementor-top-column elementor-element elementor-element-18a574bd\" data-id=\"18a574bd\" data-element_type=\"column\">\n\t\t\t<div class=\"elementor-widget-wrap elementor-element-populated\">\n\t\t\t\t\t\t<div class=\"elementor-element elementor-element-4c21a86 elementor-widget__width-initial elementor-widget elementor-widget-hub_fancy_heading\" data-id=\"4c21a86\" data-element_type=\"widget\" data-widget_type=\"hub_fancy_heading.default\">\n\t\t\t\t<div class=\"elementor-widget-container\">\n\t\t\t\t\t\n\t\t<div id=\"ld-fancy-heading-69dfb9df1ac5e\" class=\"ld-fancy-heading pos-rel\">\n\t\t\t<h1 class=\"ld-fh-element d-inline-block pos-rel  elementor-heading-title lqd-highlight-classic lqd-highlight-grow-left h1\"  > SZ\u00cdNSK\u00c1LA<\/h1>\t\t<\/div>\n\n\t\t\t\t\t\t<\/div>\n\t\t\t\t<\/div>\n\t\t\t\t\t<\/div>\n\t\t<\/div>\n\t\t\t\t\t<\/div>\n\t\t<\/section>\n\t\t<div class=\"elementor-element elementor-element-8a9276d e-flex e-con-boxed e-con e-parent\" data-id=\"8a9276d\" data-element_type=\"container\">\n\t\t\t\t\t<div class=\"e-con-inner\">\n\t\t\t\t<div class=\"elementor-element elementor-element-1bbf8e7 elementor-widget__width-initial elementor-widget elementor-widget-hub_fancy_heading\" data-id=\"1bbf8e7\" data-element_type=\"widget\" data-widget_type=\"hub_fancy_heading.default\">\n\t\t\t\t<div class=\"elementor-widget-container\">\n\t\t\t\t\t\n\t\t<div id=\"ld-fancy-heading-69dfb9df1d416\" class=\"ld-fancy-heading pos-rel\">\n\t\t\t<p class=\"ld-fh-element d-inline-block pos-rel  lqd-highlight-classic lqd-highlight-grow-left p\"  > Az al\u00e1bbi applik\u00e1ci\u00f3ban megtervezheti \u00e1lmai teniszp\u00e1ly\u00e1j\u00e1nak sz\u00ednkombin\u00e1ci\u00f3j\u00e1t, az \u00e1ltalunk forgalmazott 12 fajt\u00e1b\u00f3l \u00e1ll\u00f3, t\u00fckr\u00f6z\u0151d\u00e9s mentes, UV rezisztens gomb\u00e1sod\u00e1s g\u00e1tl\u00f3val ell\u00e1tott sz\u00ednv\u00e1laszt\u00e9kb\u00f3l.<\/p>\t\t<\/div>\n\n\t\t\t\t\t\t<\/div>\n\t\t\t\t<\/div>\n\t\t\t\t\t<\/div>\n\t\t\t\t<\/div>\n\t\t<div class=\"elementor-element elementor-element-edb67bc e-flex e-con-boxed e-con e-parent\" data-id=\"edb67bc\" data-element_type=\"container\">\n\t\t\t\t\t<div class=\"e-con-inner\">\n\t\t\t\t<div class=\"elementor-element elementor-element-41edce9 elementor-widget elementor-widget-html\" data-id=\"41edce9\" data-element_type=\"widget\" data-widget_type=\"html.default\">\n\t\t\t\t<div class=\"elementor-widget-container\">\n\t\t\t\t\t <div class=\"colorize-container\">\r\n            <div class=\"text-holder\">\r\n            <\/div>\r\n            <div class=\"colorize-holder\">\r\n                <div id=\"court\">\r\n                    <svg version=\"1.1\" id=\"Layer_1\" xmlns=\"http:\/\/www.w3.org\/2000\/svg\" xmlns:xlink=\"http:\/\/www.w3.org\/1999\/xlink\" x=\"0px\" y=\"0px\" viewBox=\"0 0 468 326\" style=\"enable-background:new 0 0 468 326;\" xml:space=\"preserve\">\r\n                    <g id=\"InnerCourt\" transform=\"matrix( 1, 0, 0, 1, 317.8,260.4) \">\r\n                        <g transform=\"matrix( 1, 0, 0, 1, 0,0) \">\r\n                            <g>\r\n                                <g id=\"Inner_Buttons_InnerCourt_0_Layer0_0_FILL\">\r\n                                    <path class=\"court-color\" d=\"M-13.35-140.95H-155.9l-70.65,134.1l286,0.35L-13.35-140.95z\" style=\"fill: rgb(2, 89, 140);\"><\/path>\r\n                                <\/g>\r\n                            <\/g>\r\n                        <\/g>\r\n                    <\/g>\r\n                        <g transform=\"matrix( 1, 0, 0, 1, 0,0) \">\r\n                            <g>\r\n                                <path id=\"Layer4_0_1_STROKES\" style=\"fill:none;stroke:#FFFFFF;stroke-width:2;stroke-linecap:round;stroke-linejoin:round;\" d=\"\r\n                                M376.3,254.05L303.5,119.6h-17.65l7,16.9l27.6,67.1l21,50.95h34.2 M285.85,119.6H178.8l-6.35,16.75l60.2,0.1l60.2,0.05\r\n                                 M341.45,254.55H127.4l-37.1-0.85l70.65-134.1h17.85 M320.45,203.6l-87,0.45l-86.95,0.45l-19.1,50.05 M172.45,136.35L146.5,204.5\r\n                                 M233.45,204.05l-0.8-67.6\"><\/path>\r\n                            <\/g>\r\n                        <\/g>\r\n                        <g transform=\"matrix( 0.751312255859375, 0, 0, 0.7935943603515625, -3.4,6.95) \">\r\n                            <g>\r\n                                <image style=\"overflow:visible;enable-background:new    ;\" width=\"640\" height=\"418\" id=\"Elements_Net_png\" xlink:href=\"https:\/\/reboundsports.hu\/wp-content\/uploads\/2023\/04\/Elements_Net_png.png\" transform=\"matrix(1.184 0 0 0.7733 -58.8943 47.3742)\"> <\/image>\r\n                            <\/g>\r\n                        <\/g>\r\n                <\/svg>\r\n                <\/div>\r\n                <div class=\"chooser clearfix\" id=\"inner-chooser\">\r\n                    <h2>Inner Court Colors:<\/h2>\r\n                    <ul>\r\n                        <li class=\"byronBlue\" style=\"border-color: rgb(2, 89, 140);\"><span>Byron Blue<\/span><a class=\"byronBlue\" href=\"#\" style=\"background-color: rgb(2, 89, 140);\"><\/a><\/li>\r\n                        <li class=\"oceanBlue\" style=\"border-color: rgb(1, 91, 120);\"><span>Ocean Blue<\/span><a class=\"oceanBlue\" href=\"#\" style=\"background-color: rgb(1, 91, 120);\"><\/a><\/li>\r\n                        <li class=\"royalBlue\" style=\"border-color: rgb(27, 71, 108);\"><span>Royal Blue<\/span><a class=\"royalBlue\" href=\"#\" style=\"background-color: rgb(27, 71, 108);\"><\/a><\/li>\r\n                        <li class=\"midGray\" style=\"border-color: rgb(108, 128, 130);\"><span>Mid Gray<\/span><a class=\"midGray\" href=\"#\" style=\"background-color: rgb(108, 128, 130);\"><\/a><\/li>\r\n                        <li class=\"darkBlue\" style=\"border-color: rgb(58, 112, 129);\"><span>Dark Blue<\/span><a class=\"darkBlue\" href=\"#\" style=\"background-color: rgb(58, 112, 129);\"><\/a><\/li>\r\n                        <li class=\"tourPurple\" style=\"border-color: rgb(55, 56, 140);\"><span>Tour Purple<\/span><a class=\"tourPurple\" href=\"#\" style=\"background-color: rgb(55, 56, 140);\"><\/a><\/li>\r\n                        <li class=\"lightGreen\" style=\"border-color: rgb(79, 145, 88);\"><span>Light Green<\/span><a class=\"lightGreen\" href=\"#\" style=\"background-color: rgb(79, 145, 88);\"><\/a><\/li>\r\n                        <li class=\"grassGreen\" style=\"border-color: rgb(59, 127, 67);\"><span>Grass Green<\/span><a class=\"grassGreen\" href=\"#\" style=\"background-color: rgb(59, 127, 67);\"><\/a><\/li>\r\n                        <li class=\"mossGreen\" style=\"border-color: rgb(65, 107, 59);\"><span>Moss Green<\/span><a class=\"mossGreen\" href=\"#\" style=\"background-color: rgb(65, 107, 59);\"><\/a><\/li>\r\n                        <li class=\"terracotta\" style=\"border-color: rgb(125, 50, 30);\"><span>Terracotta<\/span><a class=\"terracotta\" href=\"#\" style=\"background-color: rgb(125, 50, 30);\"><\/a><\/li>\r\n                        <li class=\"outbackClay\" style=\"border-color: rgb(151, 84, 36);\"><span>Outback Clay<\/span><a class=\"outbackClay\" href=\"#\" style=\"background-color: rgb(151, 84, 36);\"><\/a><\/li>\r\n                        <li class=\"tan\" style=\"border-color: rgb(146, 112, 76);\"><span>Tan<\/span><a class=\"tan\" href=\"#\" style=\"background-color: rgb(146, 112, 76);\"><\/a><\/li>\r\n                    <\/ul>\r\n                <\/div>\r\n                <div class=\"chooser clearfix\" id=\"outer-chooser\">\r\n                    <h2>Outer Court Colors:<\/h2>\r\n                    <ul>\r\n                        <li class=\"byronBlue\" style=\"border-color: rgb(2, 89, 140);\"><span>Byron Blue<\/span><a class=\"byronBlue\" href=\"#\" style=\"background-color: rgb(2, 89, 140);\"><\/a><\/li>\r\n                        <li class=\"oceanBlue\" style=\"border-color: rgb(1, 91, 120);\"><span>Ocean Blue<\/span><a class=\"oceanBlue\" href=\"#\" style=\"background-color: rgb(1, 91, 120);\"><\/a><\/li>\r\n                        <li class=\"royalBlue\" style=\"border-color: rgb(27, 71, 108);\"><span>Royal Blue<\/span><a class=\"royalBlue\" href=\"#\" style=\"background-color: rgb(27, 71, 108);\"><\/a><\/li>\r\n                        <li class=\"midGray\" style=\"border-color: rgb(108, 128, 130);\"><span>Mid Gray<\/span><a class=\"midGray\" href=\"#\" style=\"background-color: rgb(108, 128, 130);\"><\/a><\/li>\r\n                        <li class=\"darkBlue\" style=\"border-color: rgb(58, 112, 129);\"><span>Dark Blue<\/span><a class=\"darkBlue\" href=\"#\" style=\"background-color: rgb(58, 112, 129);\"><\/a><\/li>\r\n                        <li class=\"tourPurple\" style=\"border-color: rgb(55, 56, 140);\"><span>Tour Purple<\/span><a class=\"tourPurple\" href=\"#\" style=\"background-color: rgb(55, 56, 140);\"><\/a><\/li>\r\n                        <li class=\"lightGreen\" style=\"border-color: rgb(79, 145, 88);\"><span>Light Green<\/span><a class=\"lightGreen\" href=\"#\" style=\"background-color: rgb(79, 145, 88);\"><\/a><\/li>\r\n                        <li class=\"grassGreen\" style=\"border-color: rgb(59, 127, 67);\"><span>Grass Green<\/span><a class=\"grassGreen\" href=\"#\" style=\"background-color: rgb(59, 127, 67);\"><\/a><\/li>\r\n                        <li class=\"mossGreen\" style=\"border-color: rgb(65, 107, 59);\"><span>Moss Green<\/span><a class=\"mossGreen\" href=\"#\" style=\"background-color: rgb(65, 107, 59);\"><\/a><\/li>\r\n                        <li class=\"terracotta\" style=\"border-color: rgb(125, 50, 30);\"><span>Terracotta<\/span><a class=\"terracotta\" href=\"#\" style=\"background-color: rgb(125, 50, 30);\"><\/a><\/li>\r\n                        <li class=\"outbackClay\" style=\"border-color: rgb(151, 84, 36);\"><span>Outback Clay<\/span><a class=\"outbackClay\" href=\"#\" style=\"background-color: rgb(151, 84, 36);\"><\/a><\/li>\r\n                        <li class=\"tan\" style=\"border-color: rgb(146, 112, 76);\"><span>Tan<\/span><a class=\"tan\" href=\"#\" style=\"background-color: rgb(146, 112, 76);\"><\/a><\/li>\r\n                    <\/ul>\r\n                <\/div>\r\n            <\/div>\r\n        <\/div>\r\n    <script src=\"https:\/\/ajax.googleapis.com\/ajax\/libs\/jquery\/2.2.4\/jquery.min.js\"><\/script>\r\n\r\n    <script>\r\n        $(document).ready(function(e) {\r\n            var colors={\r\n                byronBlue : \"rgb(2,89,140)\",\r\n                oceanBlue : \"rgb(1,91,120)\",\r\n                royalBlue : \"rgb(27,71,108)\",\r\n                midGray : \"rgb(108,128,130)\",\r\n                darkBlue : \"rgb(58,112,129)\",\r\n                tourPurple : \"rgb(55,56,140)\",\r\n                lightGreen : \"rgb(79,145,88)\",\r\n                grassGreen : \"rgb(59,127,67)\",\r\n                mossGreen : \"rgb(65,107,59)\",\r\n                terracotta : \"rgb(125,50,30)\",\r\n                outbackClay : \"rgb(151,84,36)\",\r\n                tan : \"rgb(146,112,76)\"\r\n            };\r\n\r\n            $(\".chooser li\").each(function(index, element) {\r\n                for (var colorName in colors){\r\n                    if(colorName==$(this).attr('class')){\r\n                        $(this).css(\"border-color\",colors[colorName]);\r\n                        $(this).children(\"a\").css(\"background-color\",colors[colorName]);\r\n                    }\r\n                }\r\n            });\r\n            $(\".court-color\").css(\"fill\",\"rgb(2,89,140)\")\r\n\r\n            $(\"#outer-chooser li a\").click(function(e) {\r\n                e.preventDefault();\r\n\r\n                for (var colorName in colors){\r\n                    if(colorName==$(this).attr('class')){\r\n                        $(\"#court\").css(\"background-color\",colors[colorName]);\r\n                        console.log(colorName)\r\n                    }\r\n                }\r\n            });\r\n            $(\"#inner-chooser li a\").click(function(e) {\r\n                e.preventDefault();\r\n                for (var colorName in colors){\r\n                    if(colorName==$(this).attr('class')){\r\n                        $(\".court-color\").css(\"fill\",colors[colorName]);\r\n                        console.log(colorName)\r\n                    }\r\n                }\r\n            });\r\n        });\r\n    <\/script>\r\n    <style>\r\n        #court {background:rgb(59,127,67) url(https:\/\/reboundsports.hu\/wp-content\/uploads\/2023\/04\/stadium.png) no-repeat top left; background-size:100% auto; margin:0 0 20px;}\r\n.chooser {}\r\n.chooser h2 {font-size:10px; text-transform:uppercase; font-family:Gotham, \"Helvetica Neue\", Helvetica, Arial, sans-serif; letter-spacing:.1em; width:100px;  display:inline-block; vertical-align:middle;}\r\n.chooser ul {list-style:none; margin:0; padding:0; display:inline-block; vertical-align:middle;}\r\n.chooser li {display:inline-block; width:15px; height:15px; padding:1px; border-style:solid; border-width:1px; position:relative; margin-right:6px;}\r\n.chooser li span {display:none; position:absolute; bottom:111%; font-size:10px; font-family:Gotham, \"Helvetica Neue\", Helvetica, Arial, sans-serif; letter-spacing:.1em; white-space:nowrap;}\r\n.chooser li:hover span {display:block; width:auto;}\r\n.chooser a {display:block; height:100%; width:100%;}\r\n\r\n.clearfix:after {\r\n  content: \"\";\r\n  display: table;\r\n  clear: both;\r\n}\r\n  .page-title {\r\n    font-size: 24px;\r\n    font-weight: bold;\r\n    margin-right: 20px;\r\n    margin-bottom: 30px;\r\n    text-transform: uppercase;\r\n  };\r\n\r\n  .colorize-container {\r\n    display: flex;\r\n    max-width: 960px;\r\n    margin: 0 auto 60px auto;\r\n\r\n    @media (max-width: #{$desktop_lg}) {\r\n      flex-direction: column;\r\n      max-width: 90%;\r\n    }\r\n\r\n    @media (max-width: #{$desktop_md}) {\r\n      max-width: 100%;\r\n      padding:  0 15px 0 15px;\r\n    }\r\n  }\r\n\r\n\r\n  .text-holder {\r\n    flex: 0 0 30%;\r\n    padding: 10px;\r\n\r\n    @media (max-width: #{$desktop_lg}) {\r\n      flex: 0 0 100%;\r\n    }\r\n  }\r\n\r\n  .colorize-holder {\r\n    flex: 0 0 70%;\r\n    padding: 10px;\r\n\r\n    @media (max-width: #{$desktop_lg}) {\r\n      flex: 0 0 100%;\r\n    }\r\n  }\r\n\r\n  #court {\r\n    max-width: 100vw;\r\n  }\r\n    <\/style>\t\t\t\t<\/div>\n\t\t\t\t<\/div>\n\t\t\t\t\t<\/div>\n\t\t\t\t<\/div>\n\t\t\t\t<\/div>\n\t\t","protected":false},"excerpt":{"rendered":"<p>SZ\u00cdNSK\u00c1LA Az al\u00e1bbi applik\u00e1ci\u00f3ban megtervezheti \u00e1lmai teniszp\u00e1ly\u00e1j\u00e1nak sz\u00ednkombin\u00e1ci\u00f3j\u00e1t, az \u00e1ltalunk forgalmazott 12 fajt\u00e1b\u00f3l \u00e1ll\u00f3, t\u00fckr\u00f6z\u0151d\u00e9s mentes, UV rezisztens gomb\u00e1sod\u00e1s g\u00e1tl\u00f3val ell\u00e1tott sz\u00ednv\u00e1laszt\u00e9kb\u00f3l. Inner Court Colors: Byron Blue Ocean Blue Royal Blue Mid Gray Dark Blue Tour Purple Light Green Grass Green Moss Green Terracotta Outback Clay Tan Outer Court Colors: Byron Blue Ocean Blue Royal [&hellip;]<\/p>\n","protected":false},"author":1,"featured_media":0,"parent":0,"menu_order":0,"comment_status":"closed","ping_status":"closed","template":"","meta":{"footnotes":""},"class_list":["post-11901","page","type-page","status-publish","hentry"],"yoast_head":"<!-- This site is optimized with the Yoast SEO plugin v25.0 - https:\/\/yoast.com\/wordpress\/plugins\/seo\/ -->\n<title>Sz\u00ednsk\u00e1la - REBOUND SPORTS - Teniszp\u00e1ly\u00e1k vil\u00e1gsz\u00ednvonalon!<\/title>\n<meta name=\"robots\" content=\"index, follow, max-snippet:-1, max-image-preview:large, max-video-preview:-1\" \/>\n<link rel=\"canonical\" href=\"https:\/\/reboundsports.hu\/hu\/szinskala\/\" \/>\n<meta property=\"og:locale\" content=\"hu_HU\" \/>\n<meta property=\"og:type\" content=\"article\" \/>\n<meta property=\"og:title\" content=\"Sz\u00ednsk\u00e1la - REBOUND SPORTS - Teniszp\u00e1ly\u00e1k vil\u00e1gsz\u00ednvonalon!\" \/>\n<meta property=\"og:description\" content=\"SZ\u00cdNSK\u00c1LA Az al\u00e1bbi applik\u00e1ci\u00f3ban megtervezheti \u00e1lmai teniszp\u00e1ly\u00e1j\u00e1nak sz\u00ednkombin\u00e1ci\u00f3j\u00e1t, az \u00e1ltalunk forgalmazott 12 fajt\u00e1b\u00f3l \u00e1ll\u00f3, t\u00fckr\u00f6z\u0151d\u00e9s mentes, UV rezisztens gomb\u00e1sod\u00e1s g\u00e1tl\u00f3val ell\u00e1tott sz\u00ednv\u00e1laszt\u00e9kb\u00f3l. Inner Court Colors: Byron Blue Ocean Blue Royal Blue Mid Gray Dark Blue Tour Purple Light Green Grass Green Moss Green Terracotta Outback Clay Tan Outer Court Colors: Byron Blue Ocean Blue Royal [&hellip;]\" \/>\n<meta property=\"og:url\" content=\"https:\/\/reboundsports.hu\/hu\/szinskala\/\" \/>\n<meta property=\"og:site_name\" content=\"REBOUND SPORTS - Teniszp\u00e1ly\u00e1k vil\u00e1gsz\u00ednvonalon!\" \/>\n<meta property=\"article:publisher\" content=\"https:\/\/www.facebook.com\/reboundsports.hu\" \/>\n<meta property=\"article:modified_time\" content=\"2023-04-09T22:38:12+00:00\" \/>\n<meta name=\"twitter:card\" content=\"summary_large_image\" \/>\n<script type=\"application\/ld+json\" class=\"yoast-schema-graph\">{\"@context\":\"https:\/\/schema.org\",\"@graph\":[{\"@type\":\"WebPage\",\"@id\":\"https:\/\/reboundsports.hu\/szinskala\/\",\"url\":\"https:\/\/reboundsports.hu\/szinskala\/\",\"name\":\"Sz\u00ednsk\u00e1la - REBOUND SPORTS - Teniszp\u00e1ly\u00e1k vil\u00e1gsz\u00ednvonalon!\",\"isPartOf\":{\"@id\":\"https:\/\/reboundsports.hu\/#website\"},\"datePublished\":\"2023-04-09T21:46:43+00:00\",\"dateModified\":\"2023-04-09T22:38:12+00:00\",\"breadcrumb\":{\"@id\":\"https:\/\/reboundsports.hu\/szinskala\/#breadcrumb\"},\"inLanguage\":\"hu\",\"potentialAction\":[{\"@type\":\"ReadAction\",\"target\":[\"https:\/\/reboundsports.hu\/szinskala\/\"]}]},{\"@type\":\"BreadcrumbList\",\"@id\":\"https:\/\/reboundsports.hu\/szinskala\/#breadcrumb\",\"itemListElement\":[{\"@type\":\"ListItem\",\"position\":1,\"name\":\"Kezd\u0151lap\",\"item\":\"https:\/\/reboundsports.hu\/\"},{\"@type\":\"ListItem\",\"position\":2,\"name\":\"Sz\u00ednsk\u00e1la\"}]},{\"@type\":\"WebSite\",\"@id\":\"https:\/\/reboundsports.hu\/#website\",\"url\":\"https:\/\/reboundsports.hu\/\",\"name\":\"REBOUND SPORTS - Teniszp\u00e1ly\u00e1k vil\u00e1gsz\u00ednvonalon!\",\"description\":\"PROFESSZION\u00c1LIS TENISZP\u00c1LY\u00c1K B\u00c1RHOL B\u00c1RMIKOR!\",\"publisher\":{\"@id\":\"https:\/\/reboundsports.hu\/#organization\"},\"potentialAction\":[{\"@type\":\"SearchAction\",\"target\":{\"@type\":\"EntryPoint\",\"urlTemplate\":\"https:\/\/reboundsports.hu\/?s={search_term_string}\"},\"query-input\":{\"@type\":\"PropertyValueSpecification\",\"valueRequired\":true,\"valueName\":\"search_term_string\"}}],\"inLanguage\":\"hu\"},{\"@type\":\"Organization\",\"@id\":\"https:\/\/reboundsports.hu\/#organization\",\"name\":\"Rebound Sports Kft.\",\"alternateName\":\"Rebound Sports\",\"url\":\"https:\/\/reboundsports.hu\/\",\"logo\":{\"@type\":\"ImageObject\",\"inLanguage\":\"hu\",\"@id\":\"https:\/\/reboundsports.hu\/#\/schema\/logo\/image\/\",\"url\":\"http:\/\/reboundsports.hu\/wp-content\/uploads\/2021\/10\/reboundlogo.png\",\"contentUrl\":\"http:\/\/reboundsports.hu\/wp-content\/uploads\/2021\/10\/reboundlogo.png\",\"width\":784,\"height\":305,\"caption\":\"Rebound Sports Kft.\"},\"image\":{\"@id\":\"https:\/\/reboundsports.hu\/#\/schema\/logo\/image\/\"},\"sameAs\":[\"https:\/\/www.facebook.com\/reboundsports.hu\",\"https:\/\/www.instagram.com\/reboundsportskft\"]}]}<\/script>\n<!-- \/ Yoast SEO plugin. -->","yoast_head_json":{"title":"Sz\u00ednsk\u00e1la - REBOUND SPORTS - Teniszp\u00e1ly\u00e1k vil\u00e1gsz\u00ednvonalon!","robots":{"index":"index","follow":"follow","max-snippet":"max-snippet:-1","max-image-preview":"max-image-preview:large","max-video-preview":"max-video-preview:-1"},"canonical":"https:\/\/reboundsports.hu\/hu\/szinskala\/","og_locale":"hu_HU","og_type":"article","og_title":"Sz\u00ednsk\u00e1la - REBOUND SPORTS - Teniszp\u00e1ly\u00e1k vil\u00e1gsz\u00ednvonalon!","og_description":"SZ\u00cdNSK\u00c1LA Az al\u00e1bbi applik\u00e1ci\u00f3ban megtervezheti \u00e1lmai teniszp\u00e1ly\u00e1j\u00e1nak sz\u00ednkombin\u00e1ci\u00f3j\u00e1t, az \u00e1ltalunk forgalmazott 12 fajt\u00e1b\u00f3l \u00e1ll\u00f3, t\u00fckr\u00f6z\u0151d\u00e9s mentes, UV rezisztens gomb\u00e1sod\u00e1s g\u00e1tl\u00f3val ell\u00e1tott sz\u00ednv\u00e1laszt\u00e9kb\u00f3l. Inner Court Colors: Byron Blue Ocean Blue Royal Blue Mid Gray Dark Blue Tour Purple Light Green Grass Green Moss Green Terracotta Outback Clay Tan Outer Court Colors: Byron Blue Ocean Blue Royal [&hellip;]","og_url":"https:\/\/reboundsports.hu\/hu\/szinskala\/","og_site_name":"REBOUND SPORTS - Teniszp\u00e1ly\u00e1k vil\u00e1gsz\u00ednvonalon!","article_publisher":"https:\/\/www.facebook.com\/reboundsports.hu","article_modified_time":"2023-04-09T22:38:12+00:00","twitter_card":"summary_large_image","schema":{"@context":"https:\/\/schema.org","@graph":[{"@type":"WebPage","@id":"https:\/\/reboundsports.hu\/szinskala\/","url":"https:\/\/reboundsports.hu\/szinskala\/","name":"Sz\u00ednsk\u00e1la - REBOUND SPORTS - Teniszp\u00e1ly\u00e1k vil\u00e1gsz\u00ednvonalon!","isPartOf":{"@id":"https:\/\/reboundsports.hu\/#website"},"datePublished":"2023-04-09T21:46:43+00:00","dateModified":"2023-04-09T22:38:12+00:00","breadcrumb":{"@id":"https:\/\/reboundsports.hu\/szinskala\/#breadcrumb"},"inLanguage":"hu","potentialAction":[{"@type":"ReadAction","target":["https:\/\/reboundsports.hu\/szinskala\/"]}]},{"@type":"BreadcrumbList","@id":"https:\/\/reboundsports.hu\/szinskala\/#breadcrumb","itemListElement":[{"@type":"ListItem","position":1,"name":"Kezd\u0151lap","item":"https:\/\/reboundsports.hu\/"},{"@type":"ListItem","position":2,"name":"Sz\u00ednsk\u00e1la"}]},{"@type":"WebSite","@id":"https:\/\/reboundsports.hu\/#website","url":"https:\/\/reboundsports.hu\/","name":"REBOUND SPORTS - Teniszp\u00e1ly\u00e1k vil\u00e1gsz\u00ednvonalon!","description":"PROFESSZION\u00c1LIS TENISZP\u00c1LY\u00c1K B\u00c1RHOL B\u00c1RMIKOR!","publisher":{"@id":"https:\/\/reboundsports.hu\/#organization"},"potentialAction":[{"@type":"SearchAction","target":{"@type":"EntryPoint","urlTemplate":"https:\/\/reboundsports.hu\/?s={search_term_string}"},"query-input":{"@type":"PropertyValueSpecification","valueRequired":true,"valueName":"search_term_string"}}],"inLanguage":"hu"},{"@type":"Organization","@id":"https:\/\/reboundsports.hu\/#organization","name":"Rebound Sports Kft.","alternateName":"Rebound Sports","url":"https:\/\/reboundsports.hu\/","logo":{"@type":"ImageObject","inLanguage":"hu","@id":"https:\/\/reboundsports.hu\/#\/schema\/logo\/image\/","url":"http:\/\/reboundsports.hu\/wp-content\/uploads\/2021\/10\/reboundlogo.png","contentUrl":"http:\/\/reboundsports.hu\/wp-content\/uploads\/2021\/10\/reboundlogo.png","width":784,"height":305,"caption":"Rebound Sports Kft."},"image":{"@id":"https:\/\/reboundsports.hu\/#\/schema\/logo\/image\/"},"sameAs":["https:\/\/www.facebook.com\/reboundsports.hu","https:\/\/www.instagram.com\/reboundsportskft"]}]}},"_links":{"self":[{"href":"http:\/\/reboundsports.hu\/hu\/wp-json\/wp\/v2\/pages\/11901","targetHints":{"allow":["GET"]}}],"collection":[{"href":"http:\/\/reboundsports.hu\/hu\/wp-json\/wp\/v2\/pages"}],"about":[{"href":"http:\/\/reboundsports.hu\/hu\/wp-json\/wp\/v2\/types\/page"}],"author":[{"embeddable":true,"href":"http:\/\/reboundsports.hu\/hu\/wp-json\/wp\/v2\/users\/1"}],"replies":[{"embeddable":true,"href":"http:\/\/reboundsports.hu\/hu\/wp-json\/wp\/v2\/comments?post=11901"}],"version-history":[{"count":0,"href":"http:\/\/reboundsports.hu\/hu\/wp-json\/wp\/v2\/pages\/11901\/revisions"}],"wp:attachment":[{"href":"http:\/\/reboundsports.hu\/hu\/wp-json\/wp\/v2\/media?parent=11901"}],"curies":[{"name":"wp","href":"https:\/\/api.w.org\/{rel}","templated":true}]}}